{"id":7374,"date":"2026-04-07T13:52:27","date_gmt":"2026-04-07T11:52:27","guid":{"rendered":"https:\/\/globeetcecilhotel.com\/partnerships\/"},"modified":"2026-05-11T19:11:56","modified_gmt":"2026-05-11T17:11:56","slug":"partnerships","status":"publish","type":"page","link":"https:\/\/globeetcecilhotel.com\/en\/partnerships\/","title":{"rendered":"Partnerships"},"content":{"rendered":"\n<section class=\"heading wp-elements-6aadbd25c21062d5d99461903db0e00c wp-elements-6aadbd25c21062d5d99461903db0e00c wp-block-acf-heading has-text-color has-primary-color has-background has-white-100-background-color\">\n\t<div class=\"heading__container\">\n\t\t\t\t\t<div class=\"heading__background-picture\">\n\t\t\t\t<img decoding=\"async\" width=\"720\" height=\"405\" src=\"https:\/\/globeetcecilhotel.com\/wp-content\/uploads\/sites\/2\/2025\/11\/meilleur-hotel-delyon_centre-edited.jpg\" class=\"attachment-full size-full\" alt=\"meilleur hotel delyon centre\" fetchpriority=\"high\" srcset=\"https:\/\/globeetcecilhotel.com\/wp-content\/uploads\/sites\/2\/2025\/11\/meilleur-hotel-delyon_centre-edited.jpg 720w, https:\/\/globeetcecilhotel.com\/wp-content\/uploads\/sites\/2\/2025\/11\/meilleur-hotel-delyon_centre-edited-600x338.jpg 600w\" sizes=\"(max-width: 720px) 100vw, 720px\" \/>\t\t\t<\/div>\n\t\t\t\t<div class=\"heading__layout\">\n\t\t\t<div class=\"heading__content-wrapper has-white-100-background-color\">\n\t\t\t\t<div class=\"heading__content has-white-100-background-color\">\n\t\t\t\t\t\t\t\t\t<p id=\"breadcrumbs\"><span><span><a href=\"https:\/\/globeetcecilhotel.com\/en\/\">Home<\/a><\/span><\/span><\/p>\t\t\t\t\t\t\t\t\t<div class=\"acf-innerblocks-container\">\n\n<div class=\"wp-block-group heading-content-group is-layout-grid wp-container-core-group-is-layout-96b258e4 wp-block-group-is-layout-grid\">\n<h1 class=\"wp-block-heading has-text-align-left heading__title has-primary-color has-text-color has-xx-large-font-size\">Partnerships<\/h1>\n\n\n\n<p class=\"wp-container-content-32a3e683\">Because we&#8217;re lucky enough to be well surrounded&#8230; Let us introduce you to our partners, our friends, our neighbors &#8211; in short, those who make the Globe &amp; Cecil experience possible. <\/p>\n<\/div>\n\n<\/div>\n\t\t\t\t<\/div>\n\t\t\t\t\t\t\t\t<div class=\"heading__illustration illustration-with-parallax desktop-only\">\n\t\t\t\t\t<img decoding=\"async\" width=\"350\" height=\"350\" src=\"https:\/\/globeetcecilhotel.com\/wp-content\/uploads\/sites\/2\/2025\/04\/GRAMOPHONE.png\" class=\"attachment-full size-full\" alt=\"GRAMOPHONE\" fetchpriority=\"high\" srcset=\"https:\/\/globeetcecilhotel.com\/wp-content\/uploads\/sites\/2\/2025\/04\/GRAMOPHONE.png 350w, https:\/\/globeetcecilhotel.com\/wp-content\/uploads\/sites\/2\/2025\/04\/GRAMOPHONE-300x300.png 300w\" sizes=\"(max-width: 350px) 100vw, 350px\" \/>\t\t\t\t<\/div>\n\t\t\t\t\t\t\t<\/div>\n\t\t<\/div>\n\t<\/div>\n<\/section>\n\n\n\t<section\n\t\tstyle=\"padding-top:var(--wp--preset--spacing--theme-default);padding-bottom:var(--wp--preset--spacing--theme-m);\" class=\"block-container align wp-block-acf-block-container has-background has-white-background-color has-global-padding is-content-justification-center is-layout-constrained wp-container-acf-block-container-is-layout-28b5e42d wp-block-acf-block-container-is-layout-constrained\"\t>\n\n\t\n\n<div class=\"wp-block-group is-vertical is-content-justification-stretch is-layout-flex wp-container-core-group-is-layout-d262d350 wp-block-group-is-layout-flex\">\n<h2 class=\"wp-block-heading has-text-align-center\">OnlyLyon<\/h2>\n\n\n\n<details class=\"wp-block-details is-layout-flow wp-block-details-is-layout-flow\"><summary>For over a century (the 120th anniversary trophy will be awarded in 2025), our company has been working hand in hand with the players who make Lyon shine, and OnlyLyon is one of them. The territorial brand, as we know it today, was launched in 2007 to promote Lyon internationally, but it is based on a much longer history of cooperation between local institutions, businesses and tourism players. <\/summary>\n<p>Its mission: to promote Lyon as a major European metropolis where innovation, culture, gastronomy and the art of living come together. Through its international campaigns, its network of ambassadors and its initiatives to attract talent, students and visitors, OnlyLyon contributes to making the city&#8217;s heart beat far beyond the banks of the Rh\u00f4ne and Sa\u00f4ne rivers. And as innkeepers at heart, we&#8217;re proud to have been part of it for generations.  <\/p>\n<\/details>\n\n\n\n<div class=\"wp-block-buttons is-content-justification-center is-layout-flex wp-container-core-buttons-is-layout-a89b3969 wp-block-buttons-is-layout-flex\">\n<div class=\"wp-block-button is-style-label-button is-style-label-button--1\"><a class=\"wp-block-button__link wp-element-button\" href=\"https:\/\/www.onlylyon.com\/\" target=\"_blank\" rel=\"noreferrer noopener\">Read more<\/a><\/div>\n<\/div>\n\n\n\n<div class=\"wp-block-group is-vertical is-content-justification-center is-layout-flex wp-container-core-group-is-layout-c9b563f4 wp-block-group-is-layout-flex\" style=\"padding-top:0;padding-right:0;padding-bottom:var(--wp--preset--spacing--theme-m);padding-left:0\">\n<figure class=\"wp-block-image size-full\"><img decoding=\"async\" width=\"1200\" height=\"675\" src=\"https:\/\/globeetcecilhotel.com\/wp-content\/uploads\/sites\/2\/2026\/04\/onlylyon.jpg\" alt=\"onlylyon\" class=\"wp-image-7477\" style=\"aspect-ratio:16\/9;object-fit:cover\" srcset=\"https:\/\/globeetcecilhotel.com\/wp-content\/uploads\/sites\/2\/2026\/04\/onlylyon.jpg 1200w, https:\/\/globeetcecilhotel.com\/wp-content\/uploads\/sites\/2\/2026\/04\/onlylyon-600x338.jpg 600w, https:\/\/globeetcecilhotel.com\/wp-content\/uploads\/sites\/2\/2026\/04\/onlylyon-768x432.jpg 768w\" sizes=\"(max-width: 1200px) 100vw, 1200px\" \/><\/figure>\n<\/div>\n<\/div>\n\n\n\n<\/section>\n\n\t<section\n\t\tstyle=\"padding-top:var(--wp--preset--spacing--theme-default);padding-bottom:var(--wp--preset--spacing--theme-m);\" class=\"block-container align wp-block-acf-block-container has-background has-white-100-background-color has-global-padding is-layout-constrained wp-container-acf-block-container-is-layout-748c65a1 wp-block-acf-block-container-is-layout-constrained\"\t>\n\n\t\n\n<div class=\"wp-block-group is-vertical is-content-justification-stretch is-layout-flex wp-container-core-group-is-layout-d262d350 wp-block-group-is-layout-flex\">\n<h2 class=\"wp-block-heading has-text-align-center\">Lyon Tourism and Conventions<\/h2>\n\n\n\n<details class=\"wp-block-details is-grey-background is-layout-flow wp-block-details-is-layout-flow\"><summary>It&#8217;s impossible to talk about hospitality in Lyon without mentioning Lyon Tourisme et Congr\u00e8s, the official body responsible for promoting the destination and supporting visitors and event organizers alike. The organization manages the city&#8217;s tourist offices and develops the city&#8217;s tourist appeal. <\/summary>\n<p>It also plays a key role in the organization of international conventions and in showcasing Lyon&#8217;s heritage, whether in terms of gastronomy, history or the city&#8217;s cultural wealth. For us, as an independent hotelier in the heart of the Presqu&#8217;\u00eele, it&#8217;s an invaluable partner: one that helps travelers discover Lyon in all its generosity&#8230; and to push open the door of the good houses. <\/p>\n<\/details>\n\n\n\n<div class=\"wp-block-buttons is-content-justification-center is-layout-flex wp-container-core-buttons-is-layout-a89b3969 wp-block-buttons-is-layout-flex\">\n<div class=\"wp-block-button is-style-label-button is-style-label-button--2\"><a class=\"wp-block-button__link wp-element-button\" href=\"https:\/\/www.visiterlyon.com\/\" target=\"_blank\" rel=\"noreferrer noopener\">Read more<\/a><\/div>\n<\/div>\n\n\n\n<div class=\"wp-block-group is-vertical is-content-justification-center is-layout-flex wp-container-core-group-is-layout-c9b563f4 wp-block-group-is-layout-flex\" style=\"padding-top:0;padding-right:0;padding-bottom:var(--wp--preset--spacing--theme-m);padding-left:0\">\n<figure class=\"wp-block-image size-full\"><img decoding=\"async\" width=\"424\" height=\"288\" src=\"https:\/\/globeetcecilhotel.com\/wp-content\/uploads\/sites\/2\/2026\/04\/onlylyon.png\" alt=\"onlylyon\" class=\"wp-image-7475\" style=\"aspect-ratio:16\/9;object-fit:cover\"\/><\/figure>\n<\/div>\n<\/div>\n\n\n\n<\/section>\n\n\t<section\n\t\tstyle=\"padding-top:var(--wp--preset--spacing--theme-default);padding-bottom:var(--wp--preset--spacing--theme-m);\" class=\"block-container align wp-block-acf-block-container has-background has-white-background-color has-global-padding is-layout-constrained wp-container-acf-block-container-is-layout-748c65a1 wp-block-acf-block-container-is-layout-constrained\"\t>\n\n\t\n\n<div class=\"wp-block-group is-vertical is-content-justification-stretch is-layout-flex wp-container-core-group-is-layout-d262d350 wp-block-group-is-layout-flex\">\n<h2 class=\"wp-block-heading has-text-align-center\">Th\u00e9\u00e2tre des C\u00e9lestins<\/h2>\n\n\n\n<details class=\"wp-block-details is-layout-flow wp-block-details-is-layout-flow\"><summary>Just a few steps from the hotel stands one of Lyon&#8217;s cultural landmarks: the Th\u00e9\u00e2tre des C\u00e9lestins. Inaugurated in the XIX\u1d49 century on the site of a former convent, this Italian-style theater is now one of the largest public theaters in France.   <\/summary>\n<p>Its programming combines contemporary creations, great works from the repertoire and international shows, attracting tens of thousands of spectators every year. For our travelers, it&#8217;s a rare opportunity: step out of the hotel, cross the Place des C\u00e9lestins and, a few minutes later, find yourself immersed in the magic of live entertainment. A neighborhood we never tire of.  <\/p>\n<\/details>\n\n\n\n<div class=\"wp-block-buttons is-content-justification-center is-layout-flex wp-container-core-buttons-is-layout-a89b3969 wp-block-buttons-is-layout-flex\">\n<div class=\"wp-block-button is-style-label-button is-style-label-button--3\"><a class=\"wp-block-button__link wp-element-button\" href=\"https:\/\/www.theatredescelestins.com\/\" target=\"_blank\" rel=\"noreferrer noopener\">Read more<\/a><\/div>\n<\/div>\n\n\n\n<div class=\"wp-block-group is-vertical is-content-justification-center is-layout-flex wp-container-core-group-is-layout-c9b563f4 wp-block-group-is-layout-flex\" style=\"padding-top:0;padding-right:0;padding-bottom:var(--wp--preset--spacing--theme-m);padding-left:0\">\n<figure class=\"wp-block-image size-full\"><img decoding=\"async\" width=\"720\" height=\"1080\" src=\"https:\/\/globeetcecilhotel.com\/wp-content\/uploads\/sites\/2\/2025\/03\/theatre_dess_celestins_lyon7.jpg\" alt=\"theatre dess celestins lyon7\" class=\"wp-image-562\" style=\"aspect-ratio:16\/9;object-fit:cover\" srcset=\"https:\/\/globeetcecilhotel.com\/wp-content\/uploads\/sites\/2\/2025\/03\/theatre_dess_celestins_lyon7.jpg 720w, https:\/\/globeetcecilhotel.com\/wp-content\/uploads\/sites\/2\/2025\/03\/theatre_dess_celestins_lyon7-200x300.jpg 200w, https:\/\/globeetcecilhotel.com\/wp-content\/uploads\/sites\/2\/2025\/03\/theatre_dess_celestins_lyon7-683x1024.jpg 683w\" sizes=\"(max-width: 720px) 100vw, 720px\" \/><\/figure>\n<\/div>\n<\/div>\n\n\n\n<\/section>\n\n\t<section\n\t\tstyle=\"padding-top:var(--wp--preset--spacing--theme-default);padding-bottom:var(--wp--preset--spacing--theme-m);\" class=\"block-container align wp-block-acf-block-container has-background has-white-100-background-color has-global-padding is-layout-constrained wp-container-acf-block-container-is-layout-748c65a1 wp-block-acf-block-container-is-layout-constrained\"\t>\n\n\t\n\n<div class=\"wp-block-group is-vertical is-content-justification-stretch is-layout-flex wp-container-core-group-is-layout-d262d350 wp-block-group-is-layout-flex\">\n<h2 class=\"wp-block-heading has-text-align-center\">Printemps Lyon<\/h2>\n\n\n\n<details class=\"wp-block-details is-grey-background is-layout-flow wp-block-details-is-layout-flow\"><summary>A French retail institution founded in Paris in 1865, Printemps has embodied elegance and innovation in the world of department stores for over a century. In Lyon, its Presqu&#8217;\u00eele address has become a landmark for lovers of fashion, beauty and carefully selected objects. <\/summary>\n<p>In fact, we couldn&#8217;t resist becoming partners to spoil our respective customers&#8230; A veritable temple to Lyon-style shopping, Printemps contributes to the commercial vitality of the city center, attracting locals and visitors alike. For our guests, it&#8217;s the perfect opportunity to stroll between two appointments, discover the latest trends or simply take advantage of the shopping energy of the Presqu&#8217;\u00eele, with why not, a personal shopper or nice discounts. <\/p>\n<\/details>\n\n\n\n<div class=\"wp-block-buttons is-content-justification-center is-layout-flex wp-container-core-buttons-is-layout-a89b3969 wp-block-buttons-is-layout-flex\">\n<div class=\"wp-block-button is-style-label-button is-style-label-button--4\"><a class=\"wp-block-button__link wp-element-button\" href=\"https:\/\/www.printemps.com\/fr\/fr\/printemps-lyon\" target=\"_blank\" rel=\"noreferrer noopener\">Read more<\/a><\/div>\n<\/div>\n\n\n\n<div class=\"wp-block-group is-vertical is-content-justification-center is-layout-flex wp-container-core-group-is-layout-c9b563f4 wp-block-group-is-layout-flex\" style=\"padding-top:0;padding-right:0;padding-bottom:var(--wp--preset--spacing--theme-m);padding-left:0\">\n<figure class=\"wp-block-image size-full\"><img decoding=\"async\" width=\"670\" height=\"372\" src=\"https:\/\/globeetcecilhotel.com\/wp-content\/uploads\/sites\/2\/2026\/04\/printemps-logo-vector-removebg-preview.webp\" alt=\"spring logo vector removebg preview\" class=\"wp-image-7479\" style=\"aspect-ratio:16\/9;object-fit:cover\" srcset=\"https:\/\/globeetcecilhotel.com\/wp-content\/uploads\/sites\/2\/2026\/04\/printemps-logo-vector-removebg-preview.webp 670w, https:\/\/globeetcecilhotel.com\/wp-content\/uploads\/sites\/2\/2026\/04\/printemps-logo-vector-removebg-preview-600x333.webp 600w\" sizes=\"(max-width: 670px) 100vw, 670px\" \/><\/figure>\n<\/div>\n<\/div>\n\n\n\n<\/section>\n\n\t<section\n\t\tstyle=\"padding-top:var(--wp--preset--spacing--theme-default);padding-bottom:var(--wp--preset--spacing--theme-m);\" class=\"block-container align wp-block-acf-block-container has-background has-white-background-color has-global-padding is-layout-constrained wp-container-acf-block-container-is-layout-748c65a1 wp-block-acf-block-container-is-layout-constrained\"\t>\n\n\t\n\n<div class=\"wp-block-group is-vertical is-content-justification-stretch is-layout-flex wp-container-core-group-is-layout-d262d350 wp-block-group-is-layout-flex\">\n<h2 class=\"wp-block-heading has-text-align-center\">Lyon Stock Exchange<\/h2>\n\n\n\n<details class=\"wp-block-details is-layout-flow wp-block-details-is-layout-flow\"><summary>It&#8217;s impossible to miss the Palais de la Bourse as you stroll between Place des Cordeliers and the quays of the Rh\u00f4ne. Built in the XIX\u1d49 century under Napoleon III, this monumental building is one of the great symbols of Lyon&#8217;s commercial prosperity.   <\/summary>\n<p>Today managed by the Lyon Chamber of Commerce and Industry, it hosts professional events, conferences and receptions in a spectacular architectural setting. For the city and visitors alike, it&#8217;s a reminder that Lyon has long been a place of exchange, commerce and ideas. And for a historic hotel like ours, it&#8217;s a prestigious neighbor that perfectly embodies the enterprising spirit of the capital of the Gauls.  <\/p>\n<\/details>\n\n\n\n<div class=\"wp-block-buttons is-content-justification-center is-layout-flex wp-container-core-buttons-is-layout-a89b3969 wp-block-buttons-is-layout-flex\">\n<div class=\"wp-block-button is-style-label-button is-style-label-button--5\"><a class=\"wp-block-button__link wp-element-button\" href=\"https:\/\/www.lyonpalaisbourse.com\/\" target=\"_blank\" rel=\"noreferrer noopener\">Read more<\/a><\/div>\n<\/div>\n\n\n\n<div class=\"wp-block-group is-vertical is-content-justification-center is-layout-flex wp-container-core-group-is-layout-c9b563f4 wp-block-group-is-layout-flex\" style=\"padding-top:0;padding-right:0;padding-bottom:var(--wp--preset--spacing--theme-m);padding-left:0\">\n<figure class=\"wp-block-image size-full\"><img decoding=\"async\" width=\"720\" height=\"1080\" src=\"https:\/\/globeetcecilhotel.com\/wp-content\/uploads\/sites\/2\/2025\/03\/theatre_dess_celestins_lyon2.jpg\" alt=\"theatre dess celestins lyon2\" class=\"wp-image-554\" style=\"aspect-ratio:16\/9;object-fit:cover\" srcset=\"https:\/\/globeetcecilhotel.com\/wp-content\/uploads\/sites\/2\/2025\/03\/theatre_dess_celestins_lyon2.jpg 720w, https:\/\/globeetcecilhotel.com\/wp-content\/uploads\/sites\/2\/2025\/03\/theatre_dess_celestins_lyon2-200x300.jpg 200w, https:\/\/globeetcecilhotel.com\/wp-content\/uploads\/sites\/2\/2025\/03\/theatre_dess_celestins_lyon2-683x1024.jpg 683w\" sizes=\"(max-width: 720px) 100vw, 720px\" \/><\/figure>\n<\/div>\n<\/div>\n\n\n\n<\/section>\n\n<div class=\"wp-block-group has-white-100-background-color has-background has-global-padding is-layout-constrained wp-container-core-group-is-layout-2dcfafcc wp-block-group-is-layout-constrained\" style=\"padding-top:var(--wp--preset--spacing--theme-default);padding-right:0;padding-bottom:var(--wp--preset--spacing--theme-default);padding-left:0\">\n<h3 class=\"wp-block-heading has-text-align-center\">For all inquiries, please contact us using the form below.<\/h3>\n\n\n\n<div class=\"wp-block-buttons is-content-justification-center is-layout-flex wp-container-core-buttons-is-layout-a89b3969 wp-block-buttons-is-layout-flex\">\n<div class=\"wp-block-button is-style-label-button is-style-label-button--6\"><a class=\"wp-block-button__link wp-element-button\" href=\"https:\/\/globeetcecilhotel.com\/en\/contact\/\">contact form<\/a><\/div>\n<\/div>\n<\/div>\n","protected":false},"excerpt":{"rendered":"<p>For all inquiries, please contact us using the form below.<\/p>\n","protected":false},"author":2,"featured_media":0,"parent":1808,"menu_order":0,"comment_status":"closed","ping_status":"closed","template":"","meta":{"_acf_changed":false,"inline_featured_image":false,"footnotes":""},"class_list":["post-7374","page","type-page","status-publish","hentry"],"acf":[],"yoast_head":"<!-- This site is optimized with the Yoast SEO plugin v27.5 - https:\/\/yoast.com\/product\/yoast-seo-wordpress\/ -->\n<title>Partnerships - Globe Cecil<\/title>\n<meta name=\"robots\" content=\"index, follow, max-snippet:-1, max-image-preview:large, max-video-preview:-1\" \/>\n<link rel=\"canonical\" href=\"https:\/\/globeetcecilhotel.com\/en\/partnerships\/\" \/>\n<meta property=\"og:locale\" content=\"en_US\" \/>\n<meta property=\"og:type\" content=\"article\" \/>\n<meta property=\"og:title\" content=\"Partnerships - Globe Cecil\" \/>\n<meta property=\"og:description\" content=\"For all inquiries, please contact us using the form below.\" \/>\n<meta property=\"og:url\" content=\"https:\/\/globeetcecilhotel.com\/en\/partnerships\/\" \/>\n<meta property=\"og:site_name\" content=\"Globe Cecil\" \/>\n<meta property=\"article:modified_time\" content=\"2026-05-11T17:11:56+00:00\" \/>\n<meta property=\"og:image\" content=\"https:\/\/globeetcecilhotel.com\/wp-content\/uploads\/sites\/2\/2026\/04\/onlylyon.jpg\" \/>\n<meta name=\"twitter:card\" content=\"summary_large_image\" \/>\n<meta name=\"twitter:label1\" content=\"Est. reading time\" \/>\n\t<meta name=\"twitter:data1\" content=\"3 minutes\" \/>\n<script type=\"application\/ld+json\" class=\"yoast-schema-graph\">{\"@context\":\"https:\\\/\\\/schema.org\",\"@graph\":[{\"@type\":\"WebPage\",\"@id\":\"https:\\\/\\\/globeetcecilhotel.com\\\/en\\\/partnerships\\\/\",\"url\":\"https:\\\/\\\/globeetcecilhotel.com\\\/en\\\/partnerships\\\/\",\"name\":\"Partnerships - Globe Cecil\",\"isPartOf\":{\"@id\":\"https:\\\/\\\/globeetcecilhotel.com\\\/en\\\/#website\"},\"primaryImageOfPage\":{\"@id\":\"https:\\\/\\\/globeetcecilhotel.com\\\/en\\\/partnerships\\\/#primaryimage\"},\"image\":{\"@id\":\"https:\\\/\\\/globeetcecilhotel.com\\\/en\\\/partnerships\\\/#primaryimage\"},\"thumbnailUrl\":\"https:\\\/\\\/globeetcecilhotel.com\\\/wp-content\\\/uploads\\\/sites\\\/2\\\/2026\\\/04\\\/onlylyon.jpg\",\"datePublished\":\"2026-04-07T11:52:27+00:00\",\"dateModified\":\"2026-05-11T17:11:56+00:00\",\"breadcrumb\":{\"@id\":\"https:\\\/\\\/globeetcecilhotel.com\\\/en\\\/partnerships\\\/#breadcrumb\"},\"inLanguage\":\"en-US\",\"potentialAction\":[{\"@type\":\"ReadAction\",\"target\":[\"https:\\\/\\\/globeetcecilhotel.com\\\/en\\\/partnerships\\\/\"]}]},{\"@type\":\"ImageObject\",\"inLanguage\":\"en-US\",\"@id\":\"https:\\\/\\\/globeetcecilhotel.com\\\/en\\\/partnerships\\\/#primaryimage\",\"url\":\"https:\\\/\\\/globeetcecilhotel.com\\\/wp-content\\\/uploads\\\/sites\\\/2\\\/2026\\\/04\\\/onlylyon.jpg\",\"contentUrl\":\"https:\\\/\\\/globeetcecilhotel.com\\\/wp-content\\\/uploads\\\/sites\\\/2\\\/2026\\\/04\\\/onlylyon.jpg\"},{\"@type\":\"BreadcrumbList\",\"@id\":\"https:\\\/\\\/globeetcecilhotel.com\\\/en\\\/partnerships\\\/#breadcrumb\",\"itemListElement\":[{\"@type\":\"ListItem\",\"position\":1,\"name\":\"Home\",\"item\":\"https:\\\/\\\/globeetcecilhotel.com\\\/en\\\/\"},{\"@type\":\"ListItem\",\"position\":2,\"name\":\"The hotel\",\"item\":\"https:\\\/\\\/globeetcecilhotel.com\\\/en\\\/charming-4-star-hotel\\\/\"},{\"@type\":\"ListItem\",\"position\":3,\"name\":\"Partnerships\"}]},{\"@type\":\"WebSite\",\"@id\":\"https:\\\/\\\/globeetcecilhotel.com\\\/en\\\/#website\",\"url\":\"https:\\\/\\\/globeetcecilhotel.com\\\/en\\\/\",\"name\":\"Globe Cecil\",\"description\":\"H\u00f4tel 4 \u00e9toiles \u00e0 Lyon\",\"publisher\":{\"@id\":\"https:\\\/\\\/globeetcecilhotel.com\\\/en\\\/#organization\"},\"potentialAction\":[{\"@type\":\"SearchAction\",\"target\":{\"@type\":\"EntryPoint\",\"urlTemplate\":\"https:\\\/\\\/globeetcecilhotel.com\\\/en\\\/?s={search_term_string}\"},\"query-input\":{\"@type\":\"PropertyValueSpecification\",\"valueRequired\":true,\"valueName\":\"search_term_string\"}}],\"inLanguage\":\"en-US\"},{\"@type\":\"Organization\",\"@id\":\"https:\\\/\\\/globeetcecilhotel.com\\\/en\\\/#organization\",\"name\":\"Globe Cecil\",\"url\":\"https:\\\/\\\/globeetcecilhotel.com\\\/en\\\/\",\"logo\":{\"@type\":\"ImageObject\",\"inLanguage\":\"en-US\",\"@id\":\"https:\\\/\\\/globeetcecilhotel.com\\\/en\\\/#\\\/schema\\\/logo\\\/image\\\/\",\"url\":\"https:\\\/\\\/globeetcecilhotel.com\\\/wp-content\\\/uploads\\\/sites\\\/2\\\/2025\\\/03\\\/LOGO-Globe-et-Cecil.svg\",\"contentUrl\":\"https:\\\/\\\/globeetcecilhotel.com\\\/wp-content\\\/uploads\\\/sites\\\/2\\\/2025\\\/03\\\/LOGO-Globe-et-Cecil.svg\",\"width\":108,\"height\":44,\"caption\":\"Globe Cecil\"},\"image\":{\"@id\":\"https:\\\/\\\/globeetcecilhotel.com\\\/en\\\/#\\\/schema\\\/logo\\\/image\\\/\"}}]}<\/script>\n<!-- \/ Yoast SEO plugin. -->","yoast_head_json":{"title":"Partnerships - Globe Cecil","robots":{"index":"index","follow":"follow","max-snippet":"max-snippet:-1","max-image-preview":"max-image-preview:large","max-video-preview":"max-video-preview:-1"},"canonical":"https:\/\/globeetcecilhotel.com\/en\/partnerships\/","og_locale":"en_US","og_type":"article","og_title":"Partnerships - Globe Cecil","og_description":"For all inquiries, please contact us using the form below.","og_url":"https:\/\/globeetcecilhotel.com\/en\/partnerships\/","og_site_name":"Globe Cecil","article_modified_time":"2026-05-11T17:11:56+00:00","og_image":[{"url":"https:\/\/globeetcecilhotel.com\/wp-content\/uploads\/sites\/2\/2026\/04\/onlylyon.jpg","type":"","width":"","height":""}],"twitter_card":"summary_large_image","twitter_misc":{"Est. reading time":"3 minutes"},"schema":{"@context":"https:\/\/schema.org","@graph":[{"@type":"WebPage","@id":"https:\/\/globeetcecilhotel.com\/en\/partnerships\/","url":"https:\/\/globeetcecilhotel.com\/en\/partnerships\/","name":"Partnerships - Globe Cecil","isPartOf":{"@id":"https:\/\/globeetcecilhotel.com\/en\/#website"},"primaryImageOfPage":{"@id":"https:\/\/globeetcecilhotel.com\/en\/partnerships\/#primaryimage"},"image":{"@id":"https:\/\/globeetcecilhotel.com\/en\/partnerships\/#primaryimage"},"thumbnailUrl":"https:\/\/globeetcecilhotel.com\/wp-content\/uploads\/sites\/2\/2026\/04\/onlylyon.jpg","datePublished":"2026-04-07T11:52:27+00:00","dateModified":"2026-05-11T17:11:56+00:00","breadcrumb":{"@id":"https:\/\/globeetcecilhotel.com\/en\/partnerships\/#breadcrumb"},"inLanguage":"en-US","potentialAction":[{"@type":"ReadAction","target":["https:\/\/globeetcecilhotel.com\/en\/partnerships\/"]}]},{"@type":"ImageObject","inLanguage":"en-US","@id":"https:\/\/globeetcecilhotel.com\/en\/partnerships\/#primaryimage","url":"https:\/\/globeetcecilhotel.com\/wp-content\/uploads\/sites\/2\/2026\/04\/onlylyon.jpg","contentUrl":"https:\/\/globeetcecilhotel.com\/wp-content\/uploads\/sites\/2\/2026\/04\/onlylyon.jpg"},{"@type":"BreadcrumbList","@id":"https:\/\/globeetcecilhotel.com\/en\/partnerships\/#breadcrumb","itemListElement":[{"@type":"ListItem","position":1,"name":"Home","item":"https:\/\/globeetcecilhotel.com\/en\/"},{"@type":"ListItem","position":2,"name":"The hotel","item":"https:\/\/globeetcecilhotel.com\/en\/charming-4-star-hotel\/"},{"@type":"ListItem","position":3,"name":"Partnerships"}]},{"@type":"WebSite","@id":"https:\/\/globeetcecilhotel.com\/en\/#website","url":"https:\/\/globeetcecilhotel.com\/en\/","name":"Globe Cecil","description":"H\u00f4tel 4 \u00e9toiles \u00e0 Lyon","publisher":{"@id":"https:\/\/globeetcecilhotel.com\/en\/#organization"},"potentialAction":[{"@type":"SearchAction","target":{"@type":"EntryPoint","urlTemplate":"https:\/\/globeetcecilhotel.com\/en\/?s={search_term_string}"},"query-input":{"@type":"PropertyValueSpecification","valueRequired":true,"valueName":"search_term_string"}}],"inLanguage":"en-US"},{"@type":"Organization","@id":"https:\/\/globeetcecilhotel.com\/en\/#organization","name":"Globe Cecil","url":"https:\/\/globeetcecilhotel.com\/en\/","logo":{"@type":"ImageObject","inLanguage":"en-US","@id":"https:\/\/globeetcecilhotel.com\/en\/#\/schema\/logo\/image\/","url":"https:\/\/globeetcecilhotel.com\/wp-content\/uploads\/sites\/2\/2025\/03\/LOGO-Globe-et-Cecil.svg","contentUrl":"https:\/\/globeetcecilhotel.com\/wp-content\/uploads\/sites\/2\/2025\/03\/LOGO-Globe-et-Cecil.svg","width":108,"height":44,"caption":"Globe Cecil"},"image":{"@id":"https:\/\/globeetcecilhotel.com\/en\/#\/schema\/logo\/image\/"}}]}},"_links":{"self":[{"href":"https:\/\/globeetcecilhotel.com\/en\/wp-json\/wp\/v2\/pages\/7374","targetHints":{"allow":["GET"]}}],"collection":[{"href":"https:\/\/globeetcecilhotel.com\/en\/wp-json\/wp\/v2\/pages"}],"about":[{"href":"https:\/\/globeetcecilhotel.com\/en\/wp-json\/wp\/v2\/types\/page"}],"author":[{"embeddable":true,"href":"https:\/\/globeetcecilhotel.com\/en\/wp-json\/wp\/v2\/users\/2"}],"replies":[{"embeddable":true,"href":"https:\/\/globeetcecilhotel.com\/en\/wp-json\/wp\/v2\/comments?post=7374"}],"version-history":[{"count":4,"href":"https:\/\/globeetcecilhotel.com\/en\/wp-json\/wp\/v2\/pages\/7374\/revisions"}],"predecessor-version":[{"id":7863,"href":"https:\/\/globeetcecilhotel.com\/en\/wp-json\/wp\/v2\/pages\/7374\/revisions\/7863"}],"up":[{"embeddable":true,"href":"https:\/\/globeetcecilhotel.com\/en\/wp-json\/wp\/v2\/pages\/1808"}],"wp:attachment":[{"href":"https:\/\/globeetcecilhotel.com\/en\/wp-json\/wp\/v2\/media?parent=7374"}],"curies":[{"name":"wp","href":"https:\/\/api.w.org\/{rel}","templated":true}]}}