{"id":7826,"date":"2026-05-11T17:26:14","date_gmt":"2026-05-11T15:26:14","guid":{"rendered":"https:\/\/globeetcecilhotel.com\/site-map\/"},"modified":"2026-05-11T17:30:24","modified_gmt":"2026-05-11T15:30:24","slug":"site-map","status":"publish","type":"page","link":"https:\/\/globeetcecilhotel.com\/en\/site-map\/","title":{"rendered":"Site map"},"content":{"rendered":"\n<section class=\"heading wp-elements-142c8c5377dc4be09c961ffef0250c3c wp-elements-142c8c5377dc4be09c961ffef0250c3c wp-block-acf-heading has-text-color has-primary-color has-background has-white-100-background-color\">\n\t<div class=\"heading__container\">\n\t\t\t\t\t<div class=\"heading__background-picture\">\n\t\t\t\t<img decoding=\"async\" width=\"1920\" height=\"1280\" src=\"https:\/\/globeetcecilhotel.com\/wp-content\/uploads\/sites\/2\/2025\/03\/meilleur-hotel-de-lyon-centre.jpg\" class=\"attachment-full size-full\" alt=\"meilleur hotel de lyon centre\" fetchpriority=\"high\" srcset=\"https:\/\/globeetcecilhotel.com\/wp-content\/uploads\/sites\/2\/2025\/03\/meilleur-hotel-de-lyon-centre.jpg 1920w, https:\/\/globeetcecilhotel.com\/wp-content\/uploads\/sites\/2\/2025\/03\/meilleur-hotel-de-lyon-centre-300x200.jpg 300w, https:\/\/globeetcecilhotel.com\/wp-content\/uploads\/sites\/2\/2025\/03\/meilleur-hotel-de-lyon-centre-1024x683.jpg 1024w, https:\/\/globeetcecilhotel.com\/wp-content\/uploads\/sites\/2\/2025\/03\/meilleur-hotel-de-lyon-centre-768x512.jpg 768w, https:\/\/globeetcecilhotel.com\/wp-content\/uploads\/sites\/2\/2025\/03\/meilleur-hotel-de-lyon-centre-1536x1024.jpg 1536w\" sizes=\"(max-width: 1920px) 100vw, 1920px\" \/>\t\t\t<\/div>\n\t\t\t\t<div class=\"heading__layout\">\n\t\t\t<div class=\"heading__content-wrapper has-white-100-background-color\">\n\t\t\t\t<div class=\"heading__content has-white-100-background-color\">\n\t\t\t\t\t\t\t\t\t<p id=\"breadcrumbs\"><span><span><a href=\"https:\/\/globeetcecilhotel.com\/en\/\">Home<\/a><\/span><\/span><\/p>\t\t\t\t\t\t\t\t\t<div class=\"acf-innerblocks-container\">\n\n<div class=\"wp-block-group heading-content-group is-layout-grid wp-container-core-group-is-layout-96b258e4 wp-block-group-is-layout-grid\">\n<h1 class=\"wp-block-heading has-text-align-left heading__title has-primary-color has-text-color has-xx-large-font-size wp-container-content-32a3e683\">Site map<\/h1>\n<\/div>\n\n<\/div>\n\t\t\t\t<\/div>\n\t\t\t\t\t\t\t\t<div class=\"heading__illustration illustration-with-parallax desktop-only\">\n\t\t\t\t\t<img decoding=\"async\" width=\"350\" height=\"350\" src=\"https:\/\/globeetcecilhotel.com\/wp-content\/uploads\/sites\/2\/2025\/04\/HORLOGE.png\" class=\"attachment-full size-full\" alt=\"HORLOGE\" fetchpriority=\"high\" srcset=\"https:\/\/globeetcecilhotel.com\/wp-content\/uploads\/sites\/2\/2025\/04\/HORLOGE.png 350w, https:\/\/globeetcecilhotel.com\/wp-content\/uploads\/sites\/2\/2025\/04\/HORLOGE-300x300.png 300w\" sizes=\"(max-width: 350px) 100vw, 350px\" \/>\t\t\t\t<\/div>\n\t\t\t\t\t\t\t<\/div>\n\t\t<\/div>\n\t<\/div>\n<\/section>\n\n\n\t<section\n\t\tstyle=\"padding-top:var(--wp--preset--spacing--theme-default);padding-bottom:var(--wp--preset--spacing--theme-default);\" class=\"block-container align wp-block-acf-block-container has-background has-white-background-color has-global-padding is-layout-constrained wp-block-acf-block-container-is-layout-constrained\"\t>\n\n\t\n\n<div class=\"wp-block-group is-layout-flow wp-block-group-is-layout-flow\"><div class=\"wsp-container\"><h2 class=\"wsp-pages-title\">Pages<\/h2>\n<ul class=\"wsp-pages-list\">\n<li class=\"page_item page-item-1805\"><a href=\"https:\/\/globeetcecilhotel.com\/en\/contact\/\">Contact<\/a><\/li>\n<li class=\"page_item page-item-1837\"><a href=\"https:\/\/globeetcecilhotel.com\/en\/best-rate-4-star-hotel-offers\/\">Current offers<\/a><\/li>\n<li class=\"page_item page-item-1794\"><a href=\"https:\/\/globeetcecilhotel.com\/en\/faq\/\">FAQ<\/a><\/li>\n<li class=\"page_item page-item-1139\"><a href=\"https:\/\/globeetcecilhotel.com\/en\/\">Home<\/a><\/li>\n<li class=\"page_item page-item-1832\"><a href=\"https:\/\/globeetcecilhotel.com\/en\/legal-notices\/\">Legal notices<\/a><\/li>\n<li class=\"page_item page-item-5863\"><a href=\"https:\/\/globeetcecilhotel.com\/en\/privacy-policy\/\">Privacy policy<\/a><\/li>\n<li class=\"page_item page-item-7826\"><a href=\"https:\/\/globeetcecilhotel.com\/en\/site-map\/\">Site map<\/a><\/li>\n<li class=\"page_item page-item-1801\"><a href=\"https:\/\/globeetcecilhotel.com\/en\/general-rental-conditions\/\">Terms and conditions of sale<\/a><\/li>\n<li class=\"page_item page-item-1822 current_page_parent\"><a href=\"https:\/\/globeetcecilhotel.com\/en\/bellecour-district\/\">The Bellecour district<\/a><\/li>\n<li class=\"page_item page-item-1808 page_item_has_children\"><a href=\"https:\/\/globeetcecilhotel.com\/en\/charming-4-star-hotel\/\">The hotel<\/a>\n<ul class='children'>\n\t<li class=\"page_item page-item-7293\"><a href=\"https:\/\/globeetcecilhotel.com\/en\/customer-testimonials-and-reviews\/\">Customer testimonials and reviews<\/a><\/li>\n\t<li class=\"page_item page-item-1830\"><a href=\"https:\/\/globeetcecilhotel.com\/en\/charming-4-star-hotel\/lyon-city-center-bellecour\/\">Location<\/a><\/li>\n\t<li class=\"page_item page-item-3962\"><a href=\"https:\/\/globeetcecilhotel.com\/en\/charming-4-star-hotel\/our-spaces\/\">Nos espaces-en<\/a><\/li>\n\t<li class=\"page_item page-item-1818 page_item_has_children\"><a href=\"https:\/\/globeetcecilhotel.com\/en\/charming-4-star-hotel\/csr-commitments-purpose\/\">Our commitments<\/a>\n\t<ul class='children'>\n\t\t<li class=\"page_item page-item-7851\"><a href=\"https:\/\/globeetcecilhotel.com\/en\/charming-4-star-hotel\/csr-commitments-purpose\/green-key\/\">Green Key<\/a><\/li>\n\t\t<li class=\"page_item page-item-7845\"><a href=\"https:\/\/globeetcecilhotel.com\/en\/charming-4-star-hotel\/csr-commitments-purpose\/responsible-consumption\/\">Responsible consumption<\/a><\/li>\n\t<\/ul>\n<\/li>\n\t<li class=\"page_item page-item-7374\"><a href=\"https:\/\/globeetcecilhotel.com\/en\/partnerships\/\">Partnerships<\/a><\/li>\n\t<li class=\"page_item page-item-1815\"><a href=\"https:\/\/globeetcecilhotel.com\/en\/charming-4-star-hotel\/4-star-hotel-services\/\">Services<\/a><\/li>\n\t<li class=\"page_item page-item-1811\"><a href=\"https:\/\/globeetcecilhotel.com\/en\/charming-4-star-hotel\/boutique-hotel-presentation\/\">The story<\/a><\/li>\n<\/ul>\n<\/li>\n<li class=\"page_item page-item-1827\"><a href=\"https:\/\/globeetcecilhotel.com\/en\/hotel-restaurant-lyon\/\">the restaurant<\/a><\/li>\n<li class=\"page_item page-item-1825\"><a href=\"https:\/\/globeetcecilhotel.com\/en\/4-star-hotel-rooms\/\">The rooms<\/a><\/li>\n<li class=\"page_item page-item-6955\"><a href=\"https:\/\/globeetcecilhotel.com\/en\/room-directory\/\">Welcome booklet<\/a><\/li>\n<li class=\"page_item page-item-1839\"><a href=\"https:\/\/globeetcecilhotel.com\/en\/seminar-4-star-hotel\/\">Your seminar<\/a><\/li>\n<\/ul>\n<h2 class=\"wsp-posts-title\">Posts by category<\/h2>\n<ul class=\"wsp-posts-list\">\n\t<li><strong class=\"wsp-category-title\">Category: <a href=\"https:\/\/globeetcecilhotel.com\/en\/le-quartier-bellecour\/food-and-gastronomy\/\">Gastronomy<\/a><\/strong>\n<ul class=\"wsp-posts-list\">\t\t<li class=\"wsp-post\"><a href=\"https:\/\/globeetcecilhotel.com\/en\/bellecour-district\/christmas-gift-ideas-in-lyon-offer-a-restaurant-gift-voucher-a-hotel-stay-or-a-gastronomic-experience\/\">Christmas gift ideas in Lyon: offer a restaurant gift voucher, a hotel stay or a gastronomic experience<\/a> (03\/10\/2025)<\/li>\n\t\t<li class=\"wsp-post\"><a href=\"https:\/\/globeetcecilhotel.com\/en\/bellecour-district\/our-3-favourite-street-food-addresses-near-the-globe-and-cecil\/\">Our 3 favourite street food addresses near the Globe and Cecil<\/a> (06\/03\/2025)<\/li>\n<\/ul><\/li>\n\t<li><strong class=\"wsp-category-title\">Category: <a href=\"https:\/\/globeetcecilhotel.com\/en\/le-quartier-bellecour\/lyon-as-a-family\/\">Lyon as a family<\/a><\/strong>\n<ul class=\"wsp-posts-list\">\t\t<li class=\"wsp-post\"><a href=\"https:\/\/globeetcecilhotel.com\/en\/bellecour-district\/what-to-do-in-lyon-as-a-family-with-children-aged-4-to-7\/\">What to do in Lyon as a family with children aged 4 to 7?<\/a> (07\/04\/2026)<\/li>\n\t\t<li class=\"wsp-post\"><a href=\"https:\/\/globeetcecilhotel.com\/en\/bellecour-district\/family-activities-in-lyon-with-children-aged-8-to-12\/\">Family activities in Lyon with children aged 8 to 12<\/a> (07\/04\/2026)<\/li>\n\t\t<li class=\"wsp-post\"><a href=\"https:\/\/globeetcecilhotel.com\/en\/bellecour-district\/practical-guide-weekend-in-lyon-with-a-0-3-year-old-baby\/\">Practical guide: weekend in Lyon with a 0-3 year old baby<\/a> (07\/04\/2026)<\/li>\n\t\t<li class=\"wsp-post\"><a href=\"https:\/\/globeetcecilhotel.com\/en\/bellecour-district\/testimonial-family\/\">Testimonial Family<\/a> (07\/04\/2026)<\/li>\n<\/ul><\/li>\n\t<li><strong class=\"wsp-category-title\">Category: <a href=\"https:\/\/globeetcecilhotel.com\/en\/le-quartier-bellecour\/nightlife-and-events\/\">Nightlife and festivities<\/a><\/strong>\n<ul class=\"wsp-posts-list\">\t\t<li class=\"wsp-post\"><a href=\"https:\/\/globeetcecilhotel.com\/en\/bellecour-district\/our-3-favourite-street-food-addresses-near-the-globe-and-cecil-2\/\">Nice bars for a drink near Bellecour<\/a> (07\/10\/2025)<\/li>\n\t\t<li class=\"wsp-post\"><a href=\"https:\/\/globeetcecilhotel.com\/en\/bellecour-district\/the-theatre-des-celestins\/\">Le Th\u00e9\u00e2tre des C\u00e9lestins<\/a> (06\/03\/2025)<\/li>\n<\/ul><\/li>\n\t<li><strong class=\"wsp-category-title\">Category: <a href=\"https:\/\/globeetcecilhotel.com\/en\/le-quartier-bellecour\/romantic-lyon\/\">Romantic Lyon<\/a><\/strong>\n<ul class=\"wsp-posts-list\">\t\t<li class=\"wsp-post\"><a href=\"https:\/\/globeetcecilhotel.com\/en\/bellecour-district\/3-places-to-enjoy-a-romantic-sunset-in-lyon\/\">3 places to enjoy a romantic sunset in Lyon<\/a> (07\/04\/2026)<\/li>\n\t\t<li class=\"wsp-post\"><a href=\"https:\/\/globeetcecilhotel.com\/le-quartier-bellecour\/4-ideas-for-romantic-activities-in-lyon-2\/\">4 ideas for romantic activities in Lyon<\/a> (07\/04\/2026)<\/li>\n\t\t<li class=\"wsp-post\"><a href=\"https:\/\/globeetcecilhotel.com\/en\/bellecour-district\/4-ideas-for-romantic-activities-in-lyon\/\">4 ideas for romantic activities in Lyon<\/a> (07\/04\/2026)<\/li>\n\t\t<li class=\"wsp-post\"><a href=\"https:\/\/globeetcecilhotel.com\/en\/bellecour-district\/5-bars-to-take-your-lover-to-in-lyon\/\">5 bars to take your lover to in Lyon<\/a> (07\/04\/2026)<\/li>\n\t\t<li class=\"wsp-post\"><a href=\"https:\/\/globeetcecilhotel.com\/en\/bellecour-district\/lyons-most-romantic-restaurants\/\">Lyon&#8217;s most romantic restaurants<\/a> (07\/04\/2026)<\/li>\n\t\t<li class=\"wsp-post\"><a href=\"https:\/\/globeetcecilhotel.com\/en\/bellecour-district\/testimonial-couple\/\">Testimonial Couple<\/a> (07\/04\/2026)<\/li>\n<\/ul><\/li>\n\t<li><strong class=\"wsp-category-title\">Category: <a href=\"https:\/\/globeetcecilhotel.com\/en\/le-quartier-bellecour\/cultural-visits\/\">Visite culturelle<\/a><\/strong>\n<ul class=\"wsp-posts-list\">\t\t<li class=\"wsp-post\"><a href=\"https:\/\/globeetcecilhotel.com\/en\/bellecour-district\/la-place-bellecour-un-incontournable-de-lyon-a-visiter\/\">Place Bellecour: a must-see in Lyon<\/a> (06\/03\/2025)<\/li>\n\t\t<li class=\"wsp-post\"><a href=\"https:\/\/globeetcecilhotel.com\/en\/bellecour-district\/place-des-jacobins-lyon\/\">Place des Jacobins Lyon<\/a> (06\/03\/2025)<\/li>\n<\/ul><\/li>\n<\/ul>\n<h2 class=\"wsp-bedrooms-title\">Rooms<\/h2>\n<ul class=\"wsp-bedrooms-list\">\n<li><a href=\"https:\/\/globeetcecilhotel.com\/en\/4-star-hotel-rooms\/triple\/\">triple<\/a><\/li>\n<li><a href=\"https:\/\/globeetcecilhotel.com\/en\/4-star-hotel-rooms\/experience\/\">experience<\/a><\/li>\n<li><a href=\"https:\/\/globeetcecilhotel.com\/en\/4-star-hotel-rooms\/classic\/\">classic<\/a><\/li>\n<li><a href=\"https:\/\/globeetcecilhotel.com\/en\/4-star-hotel-rooms\/solo\/\">solo<\/a><\/li>\n<li><a href=\"https:\/\/globeetcecilhotel.com\/en\/4-star-hotel-rooms\/single\/\">single<\/a><\/li>\n<li><a href=\"https:\/\/globeetcecilhotel.com\/en\/4-star-hotel-rooms\/privilege\/\">privilege<\/a><\/li>\n<li><a href=\"https:\/\/globeetcecilhotel.com\/en\/4-star-hotel-rooms\/superior\/\">superior<\/a><\/li>\n<\/ul>\n<\/div>\n<\/div>\n\n\n\n<\/section>\n","protected":false},"excerpt":{"rendered":"","protected":false},"author":2,"featured_media":0,"parent":0,"menu_order":0,"comment_status":"closed","ping_status":"closed","template":"","meta":{"_acf_changed":false,"inline_featured_image":false,"footnotes":""},"class_list":["post-7826","page","type-page","status-publish","hentry"],"acf":[],"yoast_head":"<!-- This site is optimized with the Yoast SEO plugin v27.5 - https:\/\/yoast.com\/product\/yoast-seo-wordpress\/ -->\n<title>Site map - Globe Cecil<\/title>\n<meta name=\"robots\" content=\"index, follow, max-snippet:-1, max-image-preview:large, max-video-preview:-1\" \/>\n<link rel=\"canonical\" href=\"https:\/\/globeetcecilhotel.com\/en\/site-map\/\" \/>\n<meta property=\"og:locale\" content=\"en_US\" \/>\n<meta property=\"og:type\" content=\"article\" \/>\n<meta property=\"og:title\" content=\"Site map - Globe Cecil\" \/>\n<meta property=\"og:url\" content=\"https:\/\/globeetcecilhotel.com\/en\/site-map\/\" \/>\n<meta property=\"og:site_name\" content=\"Globe Cecil\" \/>\n<meta property=\"article:modified_time\" content=\"2026-05-11T15:30:24+00:00\" \/>\n<meta name=\"twitter:card\" content=\"summary_large_image\" \/>\n<script type=\"application\/ld+json\" class=\"yoast-schema-graph\">{\"@context\":\"https:\\\/\\\/schema.org\",\"@graph\":[{\"@type\":\"WebPage\",\"@id\":\"https:\\\/\\\/globeetcecilhotel.com\\\/en\\\/site-map\\\/\",\"url\":\"https:\\\/\\\/globeetcecilhotel.com\\\/en\\\/site-map\\\/\",\"name\":\"Site map - Globe Cecil\",\"isPartOf\":{\"@id\":\"https:\\\/\\\/globeetcecilhotel.com\\\/en\\\/#website\"},\"datePublished\":\"2026-05-11T15:26:14+00:00\",\"dateModified\":\"2026-05-11T15:30:24+00:00\",\"breadcrumb\":{\"@id\":\"https:\\\/\\\/globeetcecilhotel.com\\\/en\\\/site-map\\\/#breadcrumb\"},\"inLanguage\":\"en-US\",\"potentialAction\":[{\"@type\":\"ReadAction\",\"target\":[\"https:\\\/\\\/globeetcecilhotel.com\\\/en\\\/site-map\\\/\"]}]},{\"@type\":\"BreadcrumbList\",\"@id\":\"https:\\\/\\\/globeetcecilhotel.com\\\/en\\\/site-map\\\/#breadcrumb\",\"itemListElement\":[{\"@type\":\"ListItem\",\"position\":1,\"name\":\"Home\",\"item\":\"https:\\\/\\\/globeetcecilhotel.com\\\/en\\\/\"},{\"@type\":\"ListItem\",\"position\":2,\"name\":\"Site map\"}]},{\"@type\":\"WebSite\",\"@id\":\"https:\\\/\\\/globeetcecilhotel.com\\\/en\\\/#website\",\"url\":\"https:\\\/\\\/globeetcecilhotel.com\\\/en\\\/\",\"name\":\"Globe Cecil\",\"description\":\"H\u00f4tel 4 \u00e9toiles \u00e0 Lyon\",\"publisher\":{\"@id\":\"https:\\\/\\\/globeetcecilhotel.com\\\/en\\\/#organization\"},\"potentialAction\":[{\"@type\":\"SearchAction\",\"target\":{\"@type\":\"EntryPoint\",\"urlTemplate\":\"https:\\\/\\\/globeetcecilhotel.com\\\/en\\\/?s={search_term_string}\"},\"query-input\":{\"@type\":\"PropertyValueSpecification\",\"valueRequired\":true,\"valueName\":\"search_term_string\"}}],\"inLanguage\":\"en-US\"},{\"@type\":\"Organization\",\"@id\":\"https:\\\/\\\/globeetcecilhotel.com\\\/en\\\/#organization\",\"name\":\"Globe Cecil\",\"url\":\"https:\\\/\\\/globeetcecilhotel.com\\\/en\\\/\",\"logo\":{\"@type\":\"ImageObject\",\"inLanguage\":\"en-US\",\"@id\":\"https:\\\/\\\/globeetcecilhotel.com\\\/en\\\/#\\\/schema\\\/logo\\\/image\\\/\",\"url\":\"https:\\\/\\\/globeetcecilhotel.com\\\/wp-content\\\/uploads\\\/sites\\\/2\\\/2025\\\/03\\\/LOGO-Globe-et-Cecil.svg\",\"contentUrl\":\"https:\\\/\\\/globeetcecilhotel.com\\\/wp-content\\\/uploads\\\/sites\\\/2\\\/2025\\\/03\\\/LOGO-Globe-et-Cecil.svg\",\"width\":108,\"height\":44,\"caption\":\"Globe Cecil\"},\"image\":{\"@id\":\"https:\\\/\\\/globeetcecilhotel.com\\\/en\\\/#\\\/schema\\\/logo\\\/image\\\/\"}}]}<\/script>\n<!-- \/ Yoast SEO plugin. -->","yoast_head_json":{"title":"Site map - Globe Cecil","robots":{"index":"index","follow":"follow","max-snippet":"max-snippet:-1","max-image-preview":"max-image-preview:large","max-video-preview":"max-video-preview:-1"},"canonical":"https:\/\/globeetcecilhotel.com\/en\/site-map\/","og_locale":"en_US","og_type":"article","og_title":"Site map - Globe Cecil","og_url":"https:\/\/globeetcecilhotel.com\/en\/site-map\/","og_site_name":"Globe Cecil","article_modified_time":"2026-05-11T15:30:24+00:00","twitter_card":"summary_large_image","schema":{"@context":"https:\/\/schema.org","@graph":[{"@type":"WebPage","@id":"https:\/\/globeetcecilhotel.com\/en\/site-map\/","url":"https:\/\/globeetcecilhotel.com\/en\/site-map\/","name":"Site map - Globe Cecil","isPartOf":{"@id":"https:\/\/globeetcecilhotel.com\/en\/#website"},"datePublished":"2026-05-11T15:26:14+00:00","dateModified":"2026-05-11T15:30:24+00:00","breadcrumb":{"@id":"https:\/\/globeetcecilhotel.com\/en\/site-map\/#breadcrumb"},"inLanguage":"en-US","potentialAction":[{"@type":"ReadAction","target":["https:\/\/globeetcecilhotel.com\/en\/site-map\/"]}]},{"@type":"BreadcrumbList","@id":"https:\/\/globeetcecilhotel.com\/en\/site-map\/#breadcrumb","itemListElement":[{"@type":"ListItem","position":1,"name":"Home","item":"https:\/\/globeetcecilhotel.com\/en\/"},{"@type":"ListItem","position":2,"name":"Site map"}]},{"@type":"WebSite","@id":"https:\/\/globeetcecilhotel.com\/en\/#website","url":"https:\/\/globeetcecilhotel.com\/en\/","name":"Globe Cecil","description":"H\u00f4tel 4 \u00e9toiles \u00e0 Lyon","publisher":{"@id":"https:\/\/globeetcecilhotel.com\/en\/#organization"},"potentialAction":[{"@type":"SearchAction","target":{"@type":"EntryPoint","urlTemplate":"https:\/\/globeetcecilhotel.com\/en\/?s={search_term_string}"},"query-input":{"@type":"PropertyValueSpecification","valueRequired":true,"valueName":"search_term_string"}}],"inLanguage":"en-US"},{"@type":"Organization","@id":"https:\/\/globeetcecilhotel.com\/en\/#organization","name":"Globe Cecil","url":"https:\/\/globeetcecilhotel.com\/en\/","logo":{"@type":"ImageObject","inLanguage":"en-US","@id":"https:\/\/globeetcecilhotel.com\/en\/#\/schema\/logo\/image\/","url":"https:\/\/globeetcecilhotel.com\/wp-content\/uploads\/sites\/2\/2025\/03\/LOGO-Globe-et-Cecil.svg","contentUrl":"https:\/\/globeetcecilhotel.com\/wp-content\/uploads\/sites\/2\/2025\/03\/LOGO-Globe-et-Cecil.svg","width":108,"height":44,"caption":"Globe Cecil"},"image":{"@id":"https:\/\/globeetcecilhotel.com\/en\/#\/schema\/logo\/image\/"}}]}},"_links":{"self":[{"href":"https:\/\/globeetcecilhotel.com\/en\/wp-json\/wp\/v2\/pages\/7826","targetHints":{"allow":["GET"]}}],"collection":[{"href":"https:\/\/globeetcecilhotel.com\/en\/wp-json\/wp\/v2\/pages"}],"about":[{"href":"https:\/\/globeetcecilhotel.com\/en\/wp-json\/wp\/v2\/types\/page"}],"author":[{"embeddable":true,"href":"https:\/\/globeetcecilhotel.com\/en\/wp-json\/wp\/v2\/users\/2"}],"replies":[{"embeddable":true,"href":"https:\/\/globeetcecilhotel.com\/en\/wp-json\/wp\/v2\/comments?post=7826"}],"version-history":[{"count":3,"href":"https:\/\/globeetcecilhotel.com\/en\/wp-json\/wp\/v2\/pages\/7826\/revisions"}],"predecessor-version":[{"id":7836,"href":"https:\/\/globeetcecilhotel.com\/en\/wp-json\/wp\/v2\/pages\/7826\/revisions\/7836"}],"wp:attachment":[{"href":"https:\/\/globeetcecilhotel.com\/en\/wp-json\/wp\/v2\/media?parent=7826"}],"curies":[{"name":"wp","href":"https:\/\/api.w.org\/{rel}","templated":true}]}}