{"id":7845,"date":"2026-04-07T16:57:44","date_gmt":"2026-04-07T14:57:44","guid":{"rendered":"https:\/\/globeetcecilhotel.com\/charming-4-star-hotel\/csr-commitments-purpose\/responsible-consumption\/"},"modified":"2026-05-11T18:00:07","modified_gmt":"2026-05-11T16:00:07","slug":"responsible-consumption","status":"publish","type":"page","link":"https:\/\/globeetcecilhotel.com\/en\/charming-4-star-hotel\/csr-commitments-purpose\/responsible-consumption\/","title":{"rendered":"Responsible consumption"},"content":{"rendered":"\n<section class=\"heading wp-elements-0817511105b2a29a73727f0ce83386f8 wp-elements-0817511105b2a29a73727f0ce83386f8 wp-block-acf-heading has-text-color has-primary-color has-background has-white-100-background-color\">\n\t<div class=\"heading__container\">\n\t\t\t\t\t<div class=\"heading__background-picture\">\n\t\t\t\t<img decoding=\"async\" width=\"1620\" height=\"1080\" src=\"https:\/\/globeetcecilhotel.com\/wp-content\/uploads\/sites\/2\/2025\/04\/hotel-ecologique-lyon-engage.jpg\" class=\"attachment-full size-full\" alt=\"hotel ecologique lyon engage\" fetchpriority=\"high\" srcset=\"https:\/\/globeetcecilhotel.com\/wp-content\/uploads\/sites\/2\/2025\/04\/hotel-ecologique-lyon-engage.jpg 1620w, https:\/\/globeetcecilhotel.com\/wp-content\/uploads\/sites\/2\/2025\/04\/hotel-ecologique-lyon-engage-300x200.jpg 300w, https:\/\/globeetcecilhotel.com\/wp-content\/uploads\/sites\/2\/2025\/04\/hotel-ecologique-lyon-engage-1024x683.jpg 1024w, https:\/\/globeetcecilhotel.com\/wp-content\/uploads\/sites\/2\/2025\/04\/hotel-ecologique-lyon-engage-768x512.jpg 768w, https:\/\/globeetcecilhotel.com\/wp-content\/uploads\/sites\/2\/2025\/04\/hotel-ecologique-lyon-engage-1536x1024.jpg 1536w\" sizes=\"(max-width: 1620px) 100vw, 1620px\" \/>\t\t\t<\/div>\n\t\t\t\t<div class=\"heading__layout\">\n\t\t\t<div class=\"heading__content-wrapper has-white-100-background-color\">\n\t\t\t\t<div class=\"heading__content has-white-100-background-color\">\n\t\t\t\t\t\t\t\t\t<p id=\"breadcrumbs\"><span><span><a href=\"https:\/\/globeetcecilhotel.com\/en\/\">Home<\/a><\/span><\/span><\/p>\t\t\t\t\t\t\t\t\t<div class=\"acf-innerblocks-container\">\n\n<div class=\"wp-block-group heading-content-group is-layout-grid wp-container-core-group-is-layout-96b258e4 wp-block-group-is-layout-grid\">\n<h1 class=\"wp-block-heading has-text-align-left heading__title has-primary-color has-text-color has-xx-large-font-size\">Responsible consumption<\/h1>\n<\/div>\n\n<\/div>\n\t\t\t\t<\/div>\n\t\t\t\t\t\t\t<\/div>\n\t\t<\/div>\n\t<\/div>\n<\/section>\n\n\n\t<section\n\t\tstyle=\"padding-top:var(--wp--preset--spacing--theme-default);padding-bottom:0;\" class=\"block-container align wp-block-acf-block-container has-background has-white-background-color has-global-padding is-layout-constrained wp-container-acf-block-container-is-layout-53211306 wp-block-acf-block-container-is-layout-constrained\"\t>\n\n\t\n\n<div class=\"wp-block-group is-layout-flow wp-block-group-is-layout-flow\">\n<p class=\"has-text-align-left has-large-font-size\">Being a hotelier today means learning to do things with common sense: limiting waste, favoring what lasts over time and avoiding unnecessary energy expenditure. This approach is part of our commitment to the Green Key label. <\/p>\n<\/div>\n\n\n\n<\/section>\n\n\t<section\n\t\tstyle=\"padding-top:var(--wp--preset--spacing--theme-default);padding-bottom:var(--wp--preset--spacing--theme-default);\" class=\"double-columns wp-block-acf-double-columns has-background has-white-background-color has-global-padding is-layout-constrained wp-container-acf-double-columns-is-layout-468cbe0c wp-block-acf-double-columns-is-layout-constrained\"\t>\n\n<div class=\"double-columns__innerblocks\">\n\n<div class=\"wp-block-group is-layout-flow wp-block-group-is-layout-flow\">\n<figure class=\"wp-block-image size-full image-is-animate\"><img decoding=\"async\" width=\"720\" height=\"1080\" src=\"https:\/\/globeetcecilhotel.com\/wp-content\/uploads\/sites\/2\/2025\/03\/hotel-ecologique-lyon.jpg\" alt=\"\" class=\"wp-image-1867\" style=\"aspect-ratio:3\/4;object-fit:cover\" srcset=\"https:\/\/globeetcecilhotel.com\/wp-content\/uploads\/sites\/2\/2025\/03\/hotel-ecologique-lyon.jpg 720w, https:\/\/globeetcecilhotel.com\/wp-content\/uploads\/sites\/2\/2025\/03\/hotel-ecologique-lyon-200x300.jpg 200w, https:\/\/globeetcecilhotel.com\/wp-content\/uploads\/sites\/2\/2025\/03\/hotel-ecologique-lyon-683x1024.jpg 683w\" sizes=\"(max-width: 720px) 100vw, 720px\" \/><\/figure>\n<\/div>\n\n\n\n<div class=\"wp-block-group is-vertical is-content-justification-stretch is-layout-flex wp-container-core-group-is-layout-a67fda00 wp-block-group-is-layout-flex\">\n<h3 class=\"wp-block-heading has-text-align-left\">Rooms designed to <mark style=\"background-color:rgba(0, 0, 0, 0)\" class=\"has-inline-color has-secondary-color\">avoid <\/mark>energy waste<\/h3>\n\n\n\n<details class=\"wp-block-details is-layout-flow wp-block-details-is-layout-flow\"><summary>In many hotels, mini-bars have become a standard feature. Yet these little refrigerators run continuously, even when they&#8217;re not in use. A minibar represents between 30% and 50% of in-room electricity consumption. We have therefore chosen not to equip our rooms with mini-bars. This decision significantly reduces the establishment&#8217;s electricity consumption, while avoiding the need for unnecessary equipment.    <\/summary>\n<p>Instead, we prefer a simpler, more user-friendly solution: our travelers can enjoy a bottle of freshly filtered still or sparkling water at any time, free of charge, at the hotel bar. Alternatively, a varied local bar menu is available to our guests. <\/p>\n<\/details>\n<\/div>\n\n<\/div>\n\n<\/section>\n\n\t<section\n\t\tstyle=\"padding-top:0;padding-bottom:0;\" class=\"double-columns double-columns-reverse_colums_mobile wp-block-acf-double-columns has-background has-white-background-color has-global-padding is-layout-constrained wp-container-acf-double-columns-is-layout-ea798de0 wp-block-acf-double-columns-is-layout-constrained\"\t>\n\n<div class=\"double-columns__innerblocks\">\n\n<div class=\"wp-block-group is-vertical is-content-justification-stretch is-layout-flex wp-container-core-group-is-layout-a67fda00 wp-block-group-is-layout-flex\">\n<h3 class=\"wp-block-heading has-text-align-left\">A <mark style=\"background-color:rgba(0, 0, 0, 0)\" class=\"has-inline-color has-secondary-color\">sustainable <\/mark>alternative to bottled water<\/h3>\n\n\n\n<details class=\"wp-block-details is-layout-flow wp-block-details-is-layout-flow\"><summary>What&#8217;s more, these water bottles also enable us to limit the use of plastic and unnecessary transport, thanks to the Nordaq system. The Nordaq principle is based on a patented filtration system. Tap water is filtered to eliminate impurities, unwanted tastes and odors, while retaining the mineral salts naturally present. One of Nordaq&#8217;s key arguments is the reduction of its environmental footprint.  <\/summary>\n<p>The system is based on what the brand sometimes calls the &#8220;6 NOs&#8221;:<\/p>\n\n\n\n<ul class=\"wp-block-list\">\n<li>no disposable bottles<\/li>\n\n\n\n<li>no plastic<\/li>\n\n\n\n<li>no long-distance water transport<\/li>\n\n\n\n<li>no storage of water pallets<\/li>\n\n\n\n<li>less waste<\/li>\n\n\n\n<li>less logistics.  <\/li>\n<\/ul>\n\n\n\n<p>By filtering and bottling water directly on site, hotels avoid transporting mineral bottles and reduce plastic waste. Since its creation, the Nordaq solution has eliminated several billion single-use plastic bottles worldwide. <\/p>\n<\/details>\n<\/div>\n\n\n\n<div class=\"wp-block-group is-layout-flow wp-block-group-is-layout-flow\">\n<figure class=\"wp-block-image size-full image-is-animate\"><img decoding=\"async\" width=\"720\" height=\"1080\" src=\"https:\/\/globeetcecilhotel.com\/wp-content\/uploads\/sites\/2\/2025\/07\/hotel-famille-et-groupes-lyon-centre8.jpg\" alt=\"family and group hotel lyon centre8\" class=\"wp-image-5652\" style=\"aspect-ratio:3\/4;object-fit:cover\" srcset=\"https:\/\/globeetcecilhotel.com\/wp-content\/uploads\/sites\/2\/2025\/07\/hotel-famille-et-groupes-lyon-centre8.jpg 720w, https:\/\/globeetcecilhotel.com\/wp-content\/uploads\/sites\/2\/2025\/07\/hotel-famille-et-groupes-lyon-centre8-400x600.jpg 400w\" sizes=\"(max-width: 720px) 100vw, 720px\" \/><\/figure>\n<\/div>\n\n<\/div>\n\n<\/section>\n\n\t<section\n\t\tstyle=\"padding-top:var(--wp--preset--spacing--theme-default);padding-bottom:var(--wp--preset--spacing--theme-default);\" class=\"double-columns image-is-animate wp-block-acf-double-columns has-background has-white-background-color has-global-padding is-layout-constrained wp-container-acf-double-columns-is-layout-a22d0bdd wp-block-acf-double-columns-is-layout-constrained\"\t>\n\n<div class=\"double-columns__innerblocks\">\n\n<div class=\"wp-block-group is-layout-flow wp-block-group-is-layout-flow\">\n<figure class=\"wp-block-image size-full image-is-animate\"><img decoding=\"async\" width=\"1660\" height=\"666\" src=\"https:\/\/globeetcecilhotel.com\/wp-content\/uploads\/sites\/2\/2025\/03\/hotel-restaurant-engage-rse-scaled-e1743755891942.jpg\" alt=\"\" class=\"wp-image-1875\" style=\"aspect-ratio:3\/4;object-fit:cover\" srcset=\"https:\/\/globeetcecilhotel.com\/wp-content\/uploads\/sites\/2\/2025\/03\/hotel-restaurant-engage-rse-scaled-e1743755891942.jpg 1660w, https:\/\/globeetcecilhotel.com\/wp-content\/uploads\/sites\/2\/2025\/03\/hotel-restaurant-engage-rse-scaled-e1743755891942-300x120.jpg 300w, https:\/\/globeetcecilhotel.com\/wp-content\/uploads\/sites\/2\/2025\/03\/hotel-restaurant-engage-rse-scaled-e1743755891942-1024x411.jpg 1024w, https:\/\/globeetcecilhotel.com\/wp-content\/uploads\/sites\/2\/2025\/03\/hotel-restaurant-engage-rse-scaled-e1743755891942-768x308.jpg 768w, https:\/\/globeetcecilhotel.com\/wp-content\/uploads\/sites\/2\/2025\/03\/hotel-restaurant-engage-rse-scaled-e1743755891942-1536x616.jpg 1536w\" sizes=\"(max-width: 1660px) 100vw, 1660px\" \/><\/figure>\n<\/div>\n\n\n\n<div class=\"wp-block-group is-vertical is-content-justification-stretch is-layout-flex wp-container-core-group-is-layout-a67fda00 wp-block-group-is-layout-flex\">\n<h3 class=\"wp-block-heading has-text-align-left\">Hospitality products distributed with <mark style=\"background-color:rgba(0, 0, 0, 0)\" class=\"has-inline-color has-secondary-color\">discretion<\/mark><\/h3>\n\n\n\n<details class=\"wp-block-details is-layout-flow wp-block-details-is-layout-flow\"><summary>In the hotel industry, many hospitality products unfortunately end up unused, yet replaced or discarded as a precaution. Studies on bathroom products show that, on average, only 15% of the contents are actually used before the product is thrown away. In other words, 85% of the product and its packaging can become waste after just one stay.  <br>Worldwide, major hotel groups throw away around 5.5 billion small amenity bottles (shampoo, shower gel&#8230;) every year. (According to Green Getaways). <\/summary>\n<p>To avoid this waste, our items are offered free of charge at reception, but only on request. This allows us to reduce the consumption of single-use products while continuing to meet the needs of travelers who really need them. <\/p>\n<\/details>\n<\/div>\n\n<\/div>\n\n<\/section>\n\n\t<section\n\t\tstyle=\"padding-top:0;padding-bottom:var(--wp--preset--spacing--theme-default);\" class=\"double-columns double-columns-reverse_colums_mobile wp-block-acf-double-columns has-background has-white-background-color has-global-padding is-layout-constrained wp-container-acf-double-columns-is-layout-11a66b1e wp-block-acf-double-columns-is-layout-constrained\"\t>\n\n<div class=\"double-columns__innerblocks\">\n\n<div class=\"wp-block-group is-vertical is-content-justification-stretch is-layout-flex wp-container-core-group-is-layout-a67fda00 wp-block-group-is-layout-flex\">\n<h3 class=\"wp-block-heading has-text-align-left\"><mark style=\"background-color:rgba(0, 0, 0, 0)\" class=\"has-inline-color has-secondary-color\">Environmentally-friendly <\/mark>cleaning products<\/h3>\n\n\n\n<details class=\"wp-block-details is-layout-flow wp-block-details-is-layout-flow\"><summary>Enfin, l\u2019entretien quotidien de l\u2019h\u00f4tel repose sur l\u2019utilisation de produits de nettoyage \u00e9co-labellis\u00e9s. Ces produits sont choisis pour leur efficacit\u00e9 mais aussi pour leur impact r\u00e9duit sur l\u2019environnement et la sant\u00e9 des \u00e9quipes qui les utilisent. Nous avons dit \u201cau revoir\u201d aux substances telles que :&nbsp;<br><\/summary>\n<ul class=\"wp-block-list\">\n<li>ammonia<\/li>\n\n\n\n<li>petrochemical solvents<\/li>\n\n\n\n<li>synthetic colorants<\/li>\n\n\n\n<li>artificial fragrances<\/li>\n<\/ul>\n\n\n\n<p>This approach limits the diffusion of chemical substances into indoor air, wastewater and surfaces.<\/p>\n<\/details>\n<\/div>\n\n\n\n<div class=\"wp-block-group is-layout-flow wp-block-group-is-layout-flow\">\n<figure class=\"wp-block-image size-full image-is-animate\"><img decoding=\"async\" width=\"1706\" height=\"2560\" src=\"https:\/\/globeetcecilhotel.com\/wp-content\/uploads\/sites\/2\/2025\/03\/hotel-responsable-rue-lyon-scaled.jpg\" alt=\"\" class=\"wp-image-1871\" style=\"aspect-ratio:3\/4;object-fit:cover\" srcset=\"https:\/\/globeetcecilhotel.com\/wp-content\/uploads\/sites\/2\/2025\/03\/hotel-responsable-rue-lyon-scaled.jpg 1706w, https:\/\/globeetcecilhotel.com\/wp-content\/uploads\/sites\/2\/2025\/03\/hotel-responsable-rue-lyon-200x300.jpg 200w, https:\/\/globeetcecilhotel.com\/wp-content\/uploads\/sites\/2\/2025\/03\/hotel-responsable-rue-lyon-682x1024.jpg 682w, https:\/\/globeetcecilhotel.com\/wp-content\/uploads\/sites\/2\/2025\/03\/hotel-responsable-rue-lyon-768x1152.jpg 768w, https:\/\/globeetcecilhotel.com\/wp-content\/uploads\/sites\/2\/2025\/03\/hotel-responsable-rue-lyon-1024x1536.jpg 1024w, https:\/\/globeetcecilhotel.com\/wp-content\/uploads\/sites\/2\/2025\/03\/hotel-responsable-rue-lyon-1365x2048.jpg 1365w\" sizes=\"(max-width: 1706px) 100vw, 1706px\" \/><\/figure>\n<\/div>\n\n<\/div>\n\n<\/section>\n","protected":false},"excerpt":{"rendered":"","protected":false},"author":2,"featured_media":0,"parent":1818,"menu_order":0,"comment_status":"closed","ping_status":"closed","template":"","meta":{"_acf_changed":false,"inline_featured_image":false,"footnotes":""},"class_list":["post-7845","page","type-page","status-publish","hentry"],"acf":[],"yoast_head":"<!-- This site is optimized with the Yoast SEO plugin v27.5 - https:\/\/yoast.com\/product\/yoast-seo-wordpress\/ -->\n<title>Responsible consumption - Globe Cecil<\/title>\n<meta name=\"robots\" content=\"index, follow, max-snippet:-1, max-image-preview:large, max-video-preview:-1\" \/>\n<link rel=\"canonical\" href=\"https:\/\/globeetcecilhotel.com\/en\/charming-4-star-hotel\/csr-commitments-purpose\/responsible-consumption\/\" \/>\n<meta property=\"og:locale\" content=\"en_US\" \/>\n<meta property=\"og:type\" content=\"article\" \/>\n<meta property=\"og:title\" content=\"Responsible consumption - Globe Cecil\" \/>\n<meta property=\"og:url\" content=\"https:\/\/globeetcecilhotel.com\/en\/charming-4-star-hotel\/csr-commitments-purpose\/responsible-consumption\/\" \/>\n<meta property=\"og:site_name\" content=\"Globe Cecil\" \/>\n<meta property=\"article:modified_time\" content=\"2026-05-11T16:00:07+00:00\" \/>\n<meta property=\"og:image\" content=\"https:\/\/globeetcecilhotel.com\/wp-content\/uploads\/sites\/2\/2025\/03\/hotel-ecologique-lyon.jpg\" \/>\n<meta name=\"twitter:card\" content=\"summary_large_image\" \/>\n<meta name=\"twitter:label1\" content=\"Est. reading time\" \/>\n\t<meta name=\"twitter:data1\" content=\"2 minutes\" \/>\n<script type=\"application\/ld+json\" class=\"yoast-schema-graph\">{\"@context\":\"https:\\\/\\\/schema.org\",\"@graph\":[{\"@type\":\"WebPage\",\"@id\":\"https:\\\/\\\/globeetcecilhotel.com\\\/en\\\/charming-4-star-hotel\\\/csr-commitments-purpose\\\/responsible-consumption\\\/\",\"url\":\"https:\\\/\\\/globeetcecilhotel.com\\\/en\\\/charming-4-star-hotel\\\/csr-commitments-purpose\\\/responsible-consumption\\\/\",\"name\":\"Responsible consumption - Globe Cecil\",\"isPartOf\":{\"@id\":\"https:\\\/\\\/globeetcecilhotel.com\\\/en\\\/#website\"},\"primaryImageOfPage\":{\"@id\":\"https:\\\/\\\/globeetcecilhotel.com\\\/en\\\/charming-4-star-hotel\\\/csr-commitments-purpose\\\/responsible-consumption\\\/#primaryimage\"},\"image\":{\"@id\":\"https:\\\/\\\/globeetcecilhotel.com\\\/en\\\/charming-4-star-hotel\\\/csr-commitments-purpose\\\/responsible-consumption\\\/#primaryimage\"},\"thumbnailUrl\":\"https:\\\/\\\/globeetcecilhotel.com\\\/wp-content\\\/uploads\\\/sites\\\/2\\\/2025\\\/03\\\/hotel-ecologique-lyon.jpg\",\"datePublished\":\"2026-04-07T14:57:44+00:00\",\"dateModified\":\"2026-05-11T16:00:07+00:00\",\"breadcrumb\":{\"@id\":\"https:\\\/\\\/globeetcecilhotel.com\\\/en\\\/charming-4-star-hotel\\\/csr-commitments-purpose\\\/responsible-consumption\\\/#breadcrumb\"},\"inLanguage\":\"en-US\",\"potentialAction\":[{\"@type\":\"ReadAction\",\"target\":[\"https:\\\/\\\/globeetcecilhotel.com\\\/en\\\/charming-4-star-hotel\\\/csr-commitments-purpose\\\/responsible-consumption\\\/\"]}]},{\"@type\":\"ImageObject\",\"inLanguage\":\"en-US\",\"@id\":\"https:\\\/\\\/globeetcecilhotel.com\\\/en\\\/charming-4-star-hotel\\\/csr-commitments-purpose\\\/responsible-consumption\\\/#primaryimage\",\"url\":\"https:\\\/\\\/globeetcecilhotel.com\\\/wp-content\\\/uploads\\\/sites\\\/2\\\/2025\\\/03\\\/hotel-ecologique-lyon.jpg\",\"contentUrl\":\"https:\\\/\\\/globeetcecilhotel.com\\\/wp-content\\\/uploads\\\/sites\\\/2\\\/2025\\\/03\\\/hotel-ecologique-lyon.jpg\"},{\"@type\":\"BreadcrumbList\",\"@id\":\"https:\\\/\\\/globeetcecilhotel.com\\\/en\\\/charming-4-star-hotel\\\/csr-commitments-purpose\\\/responsible-consumption\\\/#breadcrumb\",\"itemListElement\":[{\"@type\":\"ListItem\",\"position\":1,\"name\":\"Home\",\"item\":\"https:\\\/\\\/globeetcecilhotel.com\\\/en\\\/\"},{\"@type\":\"ListItem\",\"position\":2,\"name\":\"The hotel\",\"item\":\"https:\\\/\\\/globeetcecilhotel.com\\\/en\\\/charming-4-star-hotel\\\/\"},{\"@type\":\"ListItem\",\"position\":3,\"name\":\"Our commitments\",\"item\":\"https:\\\/\\\/globeetcecilhotel.com\\\/en\\\/charming-4-star-hotel\\\/csr-commitments-purpose\\\/\"},{\"@type\":\"ListItem\",\"position\":4,\"name\":\"Responsible consumption\"}]},{\"@type\":\"WebSite\",\"@id\":\"https:\\\/\\\/globeetcecilhotel.com\\\/en\\\/#website\",\"url\":\"https:\\\/\\\/globeetcecilhotel.com\\\/en\\\/\",\"name\":\"Globe Cecil\",\"description\":\"H\u00f4tel 4 \u00e9toiles \u00e0 Lyon\",\"publisher\":{\"@id\":\"https:\\\/\\\/globeetcecilhotel.com\\\/en\\\/#organization\"},\"potentialAction\":[{\"@type\":\"SearchAction\",\"target\":{\"@type\":\"EntryPoint\",\"urlTemplate\":\"https:\\\/\\\/globeetcecilhotel.com\\\/en\\\/?s={search_term_string}\"},\"query-input\":{\"@type\":\"PropertyValueSpecification\",\"valueRequired\":true,\"valueName\":\"search_term_string\"}}],\"inLanguage\":\"en-US\"},{\"@type\":\"Organization\",\"@id\":\"https:\\\/\\\/globeetcecilhotel.com\\\/en\\\/#organization\",\"name\":\"Globe Cecil\",\"url\":\"https:\\\/\\\/globeetcecilhotel.com\\\/en\\\/\",\"logo\":{\"@type\":\"ImageObject\",\"inLanguage\":\"en-US\",\"@id\":\"https:\\\/\\\/globeetcecilhotel.com\\\/en\\\/#\\\/schema\\\/logo\\\/image\\\/\",\"url\":\"https:\\\/\\\/globeetcecilhotel.com\\\/wp-content\\\/uploads\\\/sites\\\/2\\\/2025\\\/03\\\/LOGO-Globe-et-Cecil.svg\",\"contentUrl\":\"https:\\\/\\\/globeetcecilhotel.com\\\/wp-content\\\/uploads\\\/sites\\\/2\\\/2025\\\/03\\\/LOGO-Globe-et-Cecil.svg\",\"width\":108,\"height\":44,\"caption\":\"Globe Cecil\"},\"image\":{\"@id\":\"https:\\\/\\\/globeetcecilhotel.com\\\/en\\\/#\\\/schema\\\/logo\\\/image\\\/\"}}]}<\/script>\n<!-- \/ Yoast SEO plugin. -->","yoast_head_json":{"title":"Responsible consumption - Globe Cecil","robots":{"index":"index","follow":"follow","max-snippet":"max-snippet:-1","max-image-preview":"max-image-preview:large","max-video-preview":"max-video-preview:-1"},"canonical":"https:\/\/globeetcecilhotel.com\/en\/charming-4-star-hotel\/csr-commitments-purpose\/responsible-consumption\/","og_locale":"en_US","og_type":"article","og_title":"Responsible consumption - Globe Cecil","og_url":"https:\/\/globeetcecilhotel.com\/en\/charming-4-star-hotel\/csr-commitments-purpose\/responsible-consumption\/","og_site_name":"Globe Cecil","article_modified_time":"2026-05-11T16:00:07+00:00","og_image":[{"url":"https:\/\/globeetcecilhotel.com\/wp-content\/uploads\/sites\/2\/2025\/03\/hotel-ecologique-lyon.jpg","type":"","width":"","height":""}],"twitter_card":"summary_large_image","twitter_misc":{"Est. reading time":"2 minutes"},"schema":{"@context":"https:\/\/schema.org","@graph":[{"@type":"WebPage","@id":"https:\/\/globeetcecilhotel.com\/en\/charming-4-star-hotel\/csr-commitments-purpose\/responsible-consumption\/","url":"https:\/\/globeetcecilhotel.com\/en\/charming-4-star-hotel\/csr-commitments-purpose\/responsible-consumption\/","name":"Responsible consumption - Globe Cecil","isPartOf":{"@id":"https:\/\/globeetcecilhotel.com\/en\/#website"},"primaryImageOfPage":{"@id":"https:\/\/globeetcecilhotel.com\/en\/charming-4-star-hotel\/csr-commitments-purpose\/responsible-consumption\/#primaryimage"},"image":{"@id":"https:\/\/globeetcecilhotel.com\/en\/charming-4-star-hotel\/csr-commitments-purpose\/responsible-consumption\/#primaryimage"},"thumbnailUrl":"https:\/\/globeetcecilhotel.com\/wp-content\/uploads\/sites\/2\/2025\/03\/hotel-ecologique-lyon.jpg","datePublished":"2026-04-07T14:57:44+00:00","dateModified":"2026-05-11T16:00:07+00:00","breadcrumb":{"@id":"https:\/\/globeetcecilhotel.com\/en\/charming-4-star-hotel\/csr-commitments-purpose\/responsible-consumption\/#breadcrumb"},"inLanguage":"en-US","potentialAction":[{"@type":"ReadAction","target":["https:\/\/globeetcecilhotel.com\/en\/charming-4-star-hotel\/csr-commitments-purpose\/responsible-consumption\/"]}]},{"@type":"ImageObject","inLanguage":"en-US","@id":"https:\/\/globeetcecilhotel.com\/en\/charming-4-star-hotel\/csr-commitments-purpose\/responsible-consumption\/#primaryimage","url":"https:\/\/globeetcecilhotel.com\/wp-content\/uploads\/sites\/2\/2025\/03\/hotel-ecologique-lyon.jpg","contentUrl":"https:\/\/globeetcecilhotel.com\/wp-content\/uploads\/sites\/2\/2025\/03\/hotel-ecologique-lyon.jpg"},{"@type":"BreadcrumbList","@id":"https:\/\/globeetcecilhotel.com\/en\/charming-4-star-hotel\/csr-commitments-purpose\/responsible-consumption\/#breadcrumb","itemListElement":[{"@type":"ListItem","position":1,"name":"Home","item":"https:\/\/globeetcecilhotel.com\/en\/"},{"@type":"ListItem","position":2,"name":"The hotel","item":"https:\/\/globeetcecilhotel.com\/en\/charming-4-star-hotel\/"},{"@type":"ListItem","position":3,"name":"Our commitments","item":"https:\/\/globeetcecilhotel.com\/en\/charming-4-star-hotel\/csr-commitments-purpose\/"},{"@type":"ListItem","position":4,"name":"Responsible consumption"}]},{"@type":"WebSite","@id":"https:\/\/globeetcecilhotel.com\/en\/#website","url":"https:\/\/globeetcecilhotel.com\/en\/","name":"Globe Cecil","description":"H\u00f4tel 4 \u00e9toiles \u00e0 Lyon","publisher":{"@id":"https:\/\/globeetcecilhotel.com\/en\/#organization"},"potentialAction":[{"@type":"SearchAction","target":{"@type":"EntryPoint","urlTemplate":"https:\/\/globeetcecilhotel.com\/en\/?s={search_term_string}"},"query-input":{"@type":"PropertyValueSpecification","valueRequired":true,"valueName":"search_term_string"}}],"inLanguage":"en-US"},{"@type":"Organization","@id":"https:\/\/globeetcecilhotel.com\/en\/#organization","name":"Globe Cecil","url":"https:\/\/globeetcecilhotel.com\/en\/","logo":{"@type":"ImageObject","inLanguage":"en-US","@id":"https:\/\/globeetcecilhotel.com\/en\/#\/schema\/logo\/image\/","url":"https:\/\/globeetcecilhotel.com\/wp-content\/uploads\/sites\/2\/2025\/03\/LOGO-Globe-et-Cecil.svg","contentUrl":"https:\/\/globeetcecilhotel.com\/wp-content\/uploads\/sites\/2\/2025\/03\/LOGO-Globe-et-Cecil.svg","width":108,"height":44,"caption":"Globe Cecil"},"image":{"@id":"https:\/\/globeetcecilhotel.com\/en\/#\/schema\/logo\/image\/"}}]}},"_links":{"self":[{"href":"https:\/\/globeetcecilhotel.com\/en\/wp-json\/wp\/v2\/pages\/7845","targetHints":{"allow":["GET"]}}],"collection":[{"href":"https:\/\/globeetcecilhotel.com\/en\/wp-json\/wp\/v2\/pages"}],"about":[{"href":"https:\/\/globeetcecilhotel.com\/en\/wp-json\/wp\/v2\/types\/page"}],"author":[{"embeddable":true,"href":"https:\/\/globeetcecilhotel.com\/en\/wp-json\/wp\/v2\/users\/2"}],"replies":[{"embeddable":true,"href":"https:\/\/globeetcecilhotel.com\/en\/wp-json\/wp\/v2\/comments?post=7845"}],"version-history":[{"count":1,"href":"https:\/\/globeetcecilhotel.com\/en\/wp-json\/wp\/v2\/pages\/7845\/revisions"}],"predecessor-version":[{"id":7847,"href":"https:\/\/globeetcecilhotel.com\/en\/wp-json\/wp\/v2\/pages\/7845\/revisions\/7847"}],"up":[{"embeddable":true,"href":"https:\/\/globeetcecilhotel.com\/en\/wp-json\/wp\/v2\/pages\/1818"}],"wp:attachment":[{"href":"https:\/\/globeetcecilhotel.com\/en\/wp-json\/wp\/v2\/media?parent=7845"}],"curies":[{"name":"wp","href":"https:\/\/api.w.org\/{rel}","templated":true}]}}