{"id":7851,"date":"2026-04-07T14:46:14","date_gmt":"2026-04-07T12:46:14","guid":{"rendered":"https:\/\/globeetcecilhotel.com\/charming-4-star-hotel\/csr-commitments-purpose\/green-key\/"},"modified":"2026-05-11T18:00:43","modified_gmt":"2026-05-11T16:00:43","slug":"green-key","status":"publish","type":"page","link":"https:\/\/globeetcecilhotel.com\/en\/charming-4-star-hotel\/csr-commitments-purpose\/green-key\/","title":{"rendered":"Green Key"},"content":{"rendered":"\n<section class=\"heading wp-elements-aebd8d532463a84312572fd24686f744 wp-elements-aebd8d532463a84312572fd24686f744 wp-block-acf-heading has-text-color has-primary-color has-background has-white-100-background-color\">\n\t<div class=\"heading__container\">\n\t\t\t\t\t<div class=\"heading__background-picture\">\n\t\t\t\t<img decoding=\"async\" width=\"1920\" height=\"1280\" src=\"https:\/\/globeetcecilhotel.com\/wp-content\/uploads\/sites\/2\/2025\/03\/chambre-classique-lyon-bellecour.jpg\" class=\"attachment-full size-full\" alt=\"chambre classique lyon bellecour\" fetchpriority=\"high\" srcset=\"https:\/\/globeetcecilhotel.com\/wp-content\/uploads\/sites\/2\/2025\/03\/chambre-classique-lyon-bellecour.jpg 1920w, https:\/\/globeetcecilhotel.com\/wp-content\/uploads\/sites\/2\/2025\/03\/chambre-classique-lyon-bellecour-300x200.jpg 300w, https:\/\/globeetcecilhotel.com\/wp-content\/uploads\/sites\/2\/2025\/03\/chambre-classique-lyon-bellecour-1024x683.jpg 1024w, https:\/\/globeetcecilhotel.com\/wp-content\/uploads\/sites\/2\/2025\/03\/chambre-classique-lyon-bellecour-768x512.jpg 768w, https:\/\/globeetcecilhotel.com\/wp-content\/uploads\/sites\/2\/2025\/03\/chambre-classique-lyon-bellecour-1536x1024.jpg 1536w\" sizes=\"(max-width: 1920px) 100vw, 1920px\" \/>\t\t\t<\/div>\n\t\t\t\t<div class=\"heading__layout\">\n\t\t\t<div class=\"heading__content-wrapper has-white-100-background-color\">\n\t\t\t\t<div class=\"heading__content has-white-100-background-color\">\n\t\t\t\t\t\t\t\t\t<p id=\"breadcrumbs\"><span><span><a href=\"https:\/\/globeetcecilhotel.com\/en\/\">Home<\/a><\/span><\/span><\/p>\t\t\t\t\t\t\t\t\t<div class=\"acf-innerblocks-container\">\n\n<div class=\"wp-block-group heading-content-group is-layout-grid wp-container-core-group-is-layout-96b258e4 wp-block-group-is-layout-grid\">\n<h1 class=\"wp-block-heading has-text-align-left heading__title has-primary-color has-text-color has-xx-large-font-size\">The Clef Verte label: the Lyon way of hosting with a conscience<\/h1>\n<\/div>\n\n<\/div>\n\t\t\t\t<\/div>\n\t\t\t\t\t\t\t<\/div>\n\t\t<\/div>\n\t<\/div>\n<\/section>\n\n\n\t<section\n\t\tstyle=\"padding-top:var(--wp--preset--spacing--theme-default);padding-bottom:var(--wp--preset--spacing--theme-default);\" class=\"block-container align wp-block-acf-block-container has-background has-white-background-color has-global-padding is-layout-constrained wp-container-acf-block-container-is-layout-89924dea wp-block-acf-block-container-is-layout-constrained\"\t>\n\n\t\n\n<div class=\"wp-block-group is-layout-flow wp-block-group-is-layout-flow\">\n<div class=\"wp-block-group is-vertical is-content-justification-center is-layout-flex wp-container-core-group-is-layout-c9b563f4 wp-block-group-is-layout-flex\" style=\"padding-top:0;padding-right:0;padding-bottom:var(--wp--preset--spacing--theme-m);padding-left:0\">\n<figure class=\"wp-block-image size-large is-resized\"><img decoding=\"async\" width=\"888\" height=\"1024\" src=\"https:\/\/globeetcecilhotel.com\/wp-content\/uploads\/sites\/2\/2025\/04\/logo-cv-hd-18-web-888x1024.jpg\" alt=\"\" class=\"wp-image-2458\" style=\"width:100px\" srcset=\"https:\/\/globeetcecilhotel.com\/wp-content\/uploads\/sites\/2\/2025\/04\/logo-cv-hd-18-web-888x1024.jpg 888w, https:\/\/globeetcecilhotel.com\/wp-content\/uploads\/sites\/2\/2025\/04\/logo-cv-hd-18-web-260x300.jpg 260w, https:\/\/globeetcecilhotel.com\/wp-content\/uploads\/sites\/2\/2025\/04\/logo-cv-hd-18-web-768x886.jpg 768w, https:\/\/globeetcecilhotel.com\/wp-content\/uploads\/sites\/2\/2025\/04\/logo-cv-hd-18-web.jpg 1024w\" sizes=\"(max-width: 888px) 100vw, 888px\" \/><\/figure>\n<\/div>\n\n\n\n<p class=\"has-large-font-size\">Created in the 1990s and now present in dozens of countries, the Clef Verte program is one of the most widely recognized environmental labels in the tourism sector, alongside Green Globe, EU Ecolabel, Green Key, EarthchecK and ATR.  <\/p>\n\n\n\n<p>Its aim is simple: to encourage establishments to reduce their environmental impact while maintaining an irreproachable level of welcome and comfort. To obtain this distinction, a hotel must meet demanding specifications covering its entire operation. The standards include some 100 to 120 criteria, divided into several themes.  <\/p>\n<\/div>\n\n\n\n<\/section>\n\n<section class=\"content wp-block-acf-content has-background has-white-background-color\">\n\t<div class=\"content__container\">\n\t\t\t\t\t<div class=\"content__background-picture\">\n\t\t\t\t<img decoding=\"async\" width=\"1920\" height=\"1280\" src=\"https:\/\/globeetcecilhotel.com\/wp-content\/uploads\/sites\/2\/2025\/03\/hotel-4-etoiles-lyon.jpg\" class=\"attachment-full size-full\" alt=\"hotel 4 etoiles lyon\" srcset=\"https:\/\/globeetcecilhotel.com\/wp-content\/uploads\/sites\/2\/2025\/03\/hotel-4-etoiles-lyon.jpg 1920w, https:\/\/globeetcecilhotel.com\/wp-content\/uploads\/sites\/2\/2025\/03\/hotel-4-etoiles-lyon-300x200.jpg 300w, https:\/\/globeetcecilhotel.com\/wp-content\/uploads\/sites\/2\/2025\/03\/hotel-4-etoiles-lyon-1024x683.jpg 1024w, https:\/\/globeetcecilhotel.com\/wp-content\/uploads\/sites\/2\/2025\/03\/hotel-4-etoiles-lyon-768x512.jpg 768w, https:\/\/globeetcecilhotel.com\/wp-content\/uploads\/sites\/2\/2025\/03\/hotel-4-etoiles-lyon-1536x1024.jpg 1536w\" sizes=\"(max-width: 1920px) 100vw, 1920px\" \/>\t\t\t<\/div>\n\t\t\t\t<div class=\"content__layout\">\n\t\t\t<div class=\"content__content-wrapper has-white-background-color\">\n\t\t\t\t<div class=\"content__content has-white-background-color\">\n\t\t\t\t\t\t\t\t\t<div class=\"acf-innerblocks-container\">\n\n<div class=\"wp-block-group content-content-group is-layout-grid wp-container-core-group-is-layout-96b258e4 wp-block-group-is-layout-grid\">\n<h2 class=\"wp-block-heading has-text-align-left content__title has-primary-color has-text-color wp-container-content-32a3e683\">In Lyon, <mark style=\"background-color:rgba(0, 0, 0, 0)\" class=\"has-inline-color has-secondary-color\">hospitality <\/mark>is a serious business.  <\/h2>\n\n\n\n<p class=\"wp-container-content-32a3e683\">The city&#8217;s innkeepers have always known that a warm welcome means more than a comfortable room or a smile at the reception desk. It&#8217;s also about taking care of the house, the neighborhood and those who come after us. This is exactly the spirit behind the Clef Verte label, with which H\u00f4tel Globe &amp; Cecil is associated.  <\/p>\n<\/div>\n\n<\/div>\n\t\t\t\t<\/div>\n\t\t\t\t\t\t\t<\/div>\n\t\t<\/div>\n\t<\/div>\n<\/section>\n\n\n\t<section\n\t\tstyle=\"padding-top:var(--wp--preset--spacing--theme-default);padding-bottom:var(--wp--preset--spacing--theme-default);\" class=\"block-container align wp-block-acf-block-container has-background has-white-100-background-color has-global-padding is-layout-constrained wp-container-acf-block-container-is-layout-89924dea wp-block-acf-block-container-is-layout-constrained\"\t>\n\n\t\n\n<div class=\"wp-block-group is-layout-flow wp-block-group-is-layout-flow\">\n<h2 class=\"wp-block-heading has-text-align-left\">The criteria are organized around <mark style=\"background-color:rgba(0, 0, 0, 0)\" class=\"has-inline-color has-secondary-color\">5<\/mark> major areas of sustainable management:<\/h2>\n\n\n\n<section id=\"\" class=\"align wp-block-acf-faq\">\n\t\n\t\t<div class=\"faq\">\n\t\t\t\t<div class=\"faq__item\">\n\t\t\t<div class=\"faq__question\" data-index=\"0\">\n\t\t\t\t<span class=\"faq__question-text \">1- Environmental policy<\/span>\n\t\t\t<\/div>\n\t\t\t<div class=\"faq__answer\">\n\t\t\t\t<ul data-start=\"307\" data-end=\"410\">\n<li data-section-id=\"1r8hqae\" data-start=\"307\" data-end=\"410\">Define and implement strategies to limit the plant&#8217;s environmental impact.<\/li>\n<\/ul>\n\t\t\t<\/div>\n\t\t\t<svg class=\"faq__toggle-icon\" xmlns=\"http:\/\/www.w3.org\/2000\/svg\" width=\"16\" height=\"10\" viewBox=\"0 0 16 10\"\n\t\t\t\tfill=\"none\">\n\t\t\t\t<path d=\"M15 1L8 8L1 0.999999\" stroke=\"#3C3B3A\" stroke-width=\"2\" \/>\n\t\t\t<\/svg>\n\t\t<\/div>\n\t\t\t\t<div class=\"faq__item\">\n\t\t\t<div class=\"faq__question\" data-index=\"1\">\n\t\t\t\t<span class=\"faq__question-text \">2- Raising customer awareness<\/span>\n\t\t\t<\/div>\n\t\t\t<div class=\"faq__answer\">\n\t\t\t\t<ul data-start=\"452\" data-end=\"592\">\n<li data-section-id=\"tcdvlq\" data-start=\"452\" data-end=\"592\">Involve travelers in the ecological approach: reuse of towels, energy-saving gestures, discovery of local initiatives.<\/li>\n<\/ul>\n\t\t\t<\/div>\n\t\t\t<svg class=\"faq__toggle-icon\" xmlns=\"http:\/\/www.w3.org\/2000\/svg\" width=\"16\" height=\"10\" viewBox=\"0 0 16 10\"\n\t\t\t\tfill=\"none\">\n\t\t\t\t<path d=\"M15 1L8 8L1 0.999999\" stroke=\"#3C3B3A\" stroke-width=\"2\" \/>\n\t\t\t<\/svg>\n\t\t<\/div>\n\t\t\t\t<div class=\"faq__item\">\n\t\t\t<div class=\"faq__question\" data-index=\"2\">\n\t\t\t\t<span class=\"faq__question-text \">3- Responsible purchasing<\/span>\n\t\t\t<\/div>\n\t\t\t<div class=\"faq__answer\">\n\t\t\t\t<ul data-start=\"627\" data-end=\"762\">\n<li data-section-id=\"8k1ctb\" data-start=\"627\" data-end=\"721\">Favoring short circuits and suppliers attentive to their environmental impact.<\/li>\n<li data-section-id=\"113t93u\" data-start=\"722\" data-end=\"762\">Limit single-use products.<\/li>\n<\/ul>\n\t\t\t<\/div>\n\t\t\t<svg class=\"faq__toggle-icon\" xmlns=\"http:\/\/www.w3.org\/2000\/svg\" width=\"16\" height=\"10\" viewBox=\"0 0 16 10\"\n\t\t\t\tfill=\"none\">\n\t\t\t\t<path d=\"M15 1L8 8L1 0.999999\" stroke=\"#3C3B3A\" stroke-width=\"2\" \/>\n\t\t\t<\/svg>\n\t\t<\/div>\n\t\t\t\t<div class=\"faq__item\">\n\t\t\t<div class=\"faq__question\" data-index=\"3\">\n\t\t\t\t<span class=\"faq__question-text \">4- Living environment and surroundings<\/span>\n\t\t\t<\/div>\n\t\t\t<div class=\"faq__answer\">\n\t\t\t\t<ul data-start=\"818\" data-end=\"896\">\n<li data-section-id=\"iypenx\" data-start=\"818\" data-end=\"896\">Maintain a pleasant outdoor environment that respects nature.<\/li>\n<\/ul>\n\t\t\t<\/div>\n\t\t\t<svg class=\"faq__toggle-icon\" xmlns=\"http:\/\/www.w3.org\/2000\/svg\" width=\"16\" height=\"10\" viewBox=\"0 0 16 10\"\n\t\t\t\tfill=\"none\">\n\t\t\t\t<path d=\"M15 1L8 8L1 0.999999\" stroke=\"#3C3B3A\" stroke-width=\"2\" \/>\n\t\t\t<\/svg>\n\t\t<\/div>\n\t\t\t\t<div class=\"faq__item\">\n\t\t\t<div class=\"faq__question\" data-index=\"4\">\n\t\t\t\t<span class=\"faq__question-text \">5- Resource management<\/span>\n\t\t\t<\/div>\n\t\t\t<div class=\"faq__answer\">\n\t\t\t\t<ul data-start=\"933\" data-end=\"1474\">\n<li data-section-id=\"1hnis88\" data-start=\"933\" data-end=\"1112\"><strong data-start=\"935\" data-end=\"946\">Energy<\/strong>: install energy-efficient equipment, improve building insulation, accurately monitor consumption to reduce our environmental footprint.<\/li>\n<li data-section-id=\"liss3z\" data-start=\"1113\" data-end=\"1329\"><strong data-start=\"1115\" data-end=\"1122\">Water<\/strong>: implement water-saving measures (adapted taps, consumption monitoring, responsible cleaning practices). Every gesture counts in daily use: laundry, cleaning, sanitary facilities. <\/li>\n<li data-section-id=\"1bewd1y\" data-start=\"1330\" data-end=\"1474\"><strong data-start=\"1332\" data-end=\"1343\">Waste<\/strong>: sorting and reducing waste, working with appropriate recycling channels, adopting sustainable practices on a daily basis.<\/li>\n<\/ul>\n<p data-start=\"1476\" data-end=\"1501\"><strong data-start=\"1476\" data-end=\"1497\">Human dimension<\/strong>:<\/p>\n<ul data-start=\"1502\" data-end=\"1695\">\n<li data-section-id=\"1ubq9p5\" data-start=\"1502\" data-end=\"1609\">Train teams in good environmental practices to turn commitments into reality.<\/li>\n<li data-section-id=\"1c3rpgk\" data-start=\"1610\" data-end=\"1695\">Encourage customers and employees to take an active part in the process.<\/li>\n<\/ul>\n\t\t\t<\/div>\n\t\t\t<svg class=\"faq__toggle-icon\" xmlns=\"http:\/\/www.w3.org\/2000\/svg\" width=\"16\" height=\"10\" viewBox=\"0 0 16 10\"\n\t\t\t\tfill=\"none\">\n\t\t\t\t<path d=\"M15 1L8 8L1 0.999999\" stroke=\"#3C3B3A\" stroke-width=\"2\" \/>\n\t\t\t<\/svg>\n\t\t<\/div>\n\t\t\t<\/div>\n\t\t<\/section>\n<\/div>\n\n\n\n<\/section>\n\n<div class=\"wp-block-group has-white-background-color has-background has-global-padding is-layout-constrained wp-container-core-group-is-layout-2dcfafcc wp-block-group-is-layout-constrained\" style=\"padding-top:var(--wp--preset--spacing--theme-default);padding-right:0;padding-bottom:var(--wp--preset--spacing--theme-default);padding-left:0\">\n<p class=\"has-large-font-size\">For Les Aubergistes Lyonnais, this label is part of a sustainable vision of hospitality: welcoming travelers with warmth while preserving the city, its resources and its art of living for future generations.<\/p>\n<\/div>\n","protected":false},"excerpt":{"rendered":"<p>For Les Aubergistes Lyonnais, this label is part of a sustainable vision of hospitality: welcoming travelers with warmth while preserving the city, its resources and its art of living for future generations.<\/p>\n","protected":false},"author":2,"featured_media":0,"parent":1818,"menu_order":0,"comment_status":"closed","ping_status":"closed","template":"","meta":{"_acf_changed":false,"inline_featured_image":false,"footnotes":""},"class_list":["post-7851","page","type-page","status-publish","hentry"],"acf":[],"yoast_head":"<!-- This site is optimized with the Yoast SEO plugin v27.5 - https:\/\/yoast.com\/product\/yoast-seo-wordpress\/ -->\n<title>Green Key - Globe Cecil<\/title>\n<meta name=\"robots\" content=\"index, follow, max-snippet:-1, max-image-preview:large, max-video-preview:-1\" \/>\n<link rel=\"canonical\" href=\"https:\/\/globeetcecilhotel.com\/en\/charming-4-star-hotel\/csr-commitments-purpose\/green-key\/\" \/>\n<meta property=\"og:locale\" content=\"en_US\" \/>\n<meta property=\"og:type\" content=\"article\" \/>\n<meta property=\"og:title\" content=\"Green Key - Globe Cecil\" \/>\n<meta property=\"og:description\" content=\"For Les Aubergistes Lyonnais, this label is part of a sustainable vision of hospitality: welcoming travelers with warmth while preserving the city, its resources and its art of living for future generations.\" \/>\n<meta property=\"og:url\" content=\"https:\/\/globeetcecilhotel.com\/en\/charming-4-star-hotel\/csr-commitments-purpose\/green-key\/\" \/>\n<meta property=\"og:site_name\" content=\"Globe Cecil\" \/>\n<meta property=\"article:modified_time\" content=\"2026-05-11T16:00:43+00:00\" \/>\n<meta property=\"og:image\" content=\"https:\/\/globeetcecilhotel.com\/wp-content\/uploads\/sites\/2\/2025\/04\/logo-cv-hd-18-web-888x1024.jpg\" \/>\n<meta name=\"twitter:card\" content=\"summary_large_image\" \/>\n<meta name=\"twitter:label1\" content=\"Est. reading time\" \/>\n\t<meta name=\"twitter:data1\" content=\"1 minute\" \/>\n<script type=\"application\/ld+json\" class=\"yoast-schema-graph\">{\"@context\":\"https:\\\/\\\/schema.org\",\"@graph\":[{\"@type\":\"WebPage\",\"@id\":\"https:\\\/\\\/globeetcecilhotel.com\\\/en\\\/charming-4-star-hotel\\\/csr-commitments-purpose\\\/green-key\\\/\",\"url\":\"https:\\\/\\\/globeetcecilhotel.com\\\/en\\\/charming-4-star-hotel\\\/csr-commitments-purpose\\\/green-key\\\/\",\"name\":\"Green Key - Globe Cecil\",\"isPartOf\":{\"@id\":\"https:\\\/\\\/globeetcecilhotel.com\\\/en\\\/#website\"},\"primaryImageOfPage\":{\"@id\":\"https:\\\/\\\/globeetcecilhotel.com\\\/en\\\/charming-4-star-hotel\\\/csr-commitments-purpose\\\/green-key\\\/#primaryimage\"},\"image\":{\"@id\":\"https:\\\/\\\/globeetcecilhotel.com\\\/en\\\/charming-4-star-hotel\\\/csr-commitments-purpose\\\/green-key\\\/#primaryimage\"},\"thumbnailUrl\":\"https:\\\/\\\/globeetcecilhotel.com\\\/wp-content\\\/uploads\\\/sites\\\/2\\\/2025\\\/04\\\/logo-cv-hd-18-web-888x1024.jpg\",\"datePublished\":\"2026-04-07T12:46:14+00:00\",\"dateModified\":\"2026-05-11T16:00:43+00:00\",\"breadcrumb\":{\"@id\":\"https:\\\/\\\/globeetcecilhotel.com\\\/en\\\/charming-4-star-hotel\\\/csr-commitments-purpose\\\/green-key\\\/#breadcrumb\"},\"inLanguage\":\"en-US\",\"potentialAction\":[{\"@type\":\"ReadAction\",\"target\":[\"https:\\\/\\\/globeetcecilhotel.com\\\/en\\\/charming-4-star-hotel\\\/csr-commitments-purpose\\\/green-key\\\/\"]}]},{\"@type\":\"ImageObject\",\"inLanguage\":\"en-US\",\"@id\":\"https:\\\/\\\/globeetcecilhotel.com\\\/en\\\/charming-4-star-hotel\\\/csr-commitments-purpose\\\/green-key\\\/#primaryimage\",\"url\":\"https:\\\/\\\/globeetcecilhotel.com\\\/wp-content\\\/uploads\\\/sites\\\/2\\\/2025\\\/04\\\/logo-cv-hd-18-web-888x1024.jpg\",\"contentUrl\":\"https:\\\/\\\/globeetcecilhotel.com\\\/wp-content\\\/uploads\\\/sites\\\/2\\\/2025\\\/04\\\/logo-cv-hd-18-web-888x1024.jpg\"},{\"@type\":\"BreadcrumbList\",\"@id\":\"https:\\\/\\\/globeetcecilhotel.com\\\/en\\\/charming-4-star-hotel\\\/csr-commitments-purpose\\\/green-key\\\/#breadcrumb\",\"itemListElement\":[{\"@type\":\"ListItem\",\"position\":1,\"name\":\"Home\",\"item\":\"https:\\\/\\\/globeetcecilhotel.com\\\/en\\\/\"},{\"@type\":\"ListItem\",\"position\":2,\"name\":\"The hotel\",\"item\":\"https:\\\/\\\/globeetcecilhotel.com\\\/en\\\/charming-4-star-hotel\\\/\"},{\"@type\":\"ListItem\",\"position\":3,\"name\":\"Our commitments\",\"item\":\"https:\\\/\\\/globeetcecilhotel.com\\\/en\\\/charming-4-star-hotel\\\/csr-commitments-purpose\\\/\"},{\"@type\":\"ListItem\",\"position\":4,\"name\":\"Green Key\"}]},{\"@type\":\"WebSite\",\"@id\":\"https:\\\/\\\/globeetcecilhotel.com\\\/en\\\/#website\",\"url\":\"https:\\\/\\\/globeetcecilhotel.com\\\/en\\\/\",\"name\":\"Globe Cecil\",\"description\":\"H\u00f4tel 4 \u00e9toiles \u00e0 Lyon\",\"publisher\":{\"@id\":\"https:\\\/\\\/globeetcecilhotel.com\\\/en\\\/#organization\"},\"potentialAction\":[{\"@type\":\"SearchAction\",\"target\":{\"@type\":\"EntryPoint\",\"urlTemplate\":\"https:\\\/\\\/globeetcecilhotel.com\\\/en\\\/?s={search_term_string}\"},\"query-input\":{\"@type\":\"PropertyValueSpecification\",\"valueRequired\":true,\"valueName\":\"search_term_string\"}}],\"inLanguage\":\"en-US\"},{\"@type\":\"Organization\",\"@id\":\"https:\\\/\\\/globeetcecilhotel.com\\\/en\\\/#organization\",\"name\":\"Globe Cecil\",\"url\":\"https:\\\/\\\/globeetcecilhotel.com\\\/en\\\/\",\"logo\":{\"@type\":\"ImageObject\",\"inLanguage\":\"en-US\",\"@id\":\"https:\\\/\\\/globeetcecilhotel.com\\\/en\\\/#\\\/schema\\\/logo\\\/image\\\/\",\"url\":\"https:\\\/\\\/globeetcecilhotel.com\\\/wp-content\\\/uploads\\\/sites\\\/2\\\/2025\\\/03\\\/LOGO-Globe-et-Cecil.svg\",\"contentUrl\":\"https:\\\/\\\/globeetcecilhotel.com\\\/wp-content\\\/uploads\\\/sites\\\/2\\\/2025\\\/03\\\/LOGO-Globe-et-Cecil.svg\",\"width\":108,\"height\":44,\"caption\":\"Globe Cecil\"},\"image\":{\"@id\":\"https:\\\/\\\/globeetcecilhotel.com\\\/en\\\/#\\\/schema\\\/logo\\\/image\\\/\"}}]}<\/script>\n<!-- \/ Yoast SEO plugin. -->","yoast_head_json":{"title":"Green Key - Globe Cecil","robots":{"index":"index","follow":"follow","max-snippet":"max-snippet:-1","max-image-preview":"max-image-preview:large","max-video-preview":"max-video-preview:-1"},"canonical":"https:\/\/globeetcecilhotel.com\/en\/charming-4-star-hotel\/csr-commitments-purpose\/green-key\/","og_locale":"en_US","og_type":"article","og_title":"Green Key - Globe Cecil","og_description":"For Les Aubergistes Lyonnais, this label is part of a sustainable vision of hospitality: welcoming travelers with warmth while preserving the city, its resources and its art of living for future generations.","og_url":"https:\/\/globeetcecilhotel.com\/en\/charming-4-star-hotel\/csr-commitments-purpose\/green-key\/","og_site_name":"Globe Cecil","article_modified_time":"2026-05-11T16:00:43+00:00","og_image":[{"url":"https:\/\/globeetcecilhotel.com\/wp-content\/uploads\/sites\/2\/2025\/04\/logo-cv-hd-18-web-888x1024.jpg","type":"","width":"","height":""}],"twitter_card":"summary_large_image","twitter_misc":{"Est. reading time":"1 minute"},"schema":{"@context":"https:\/\/schema.org","@graph":[{"@type":"WebPage","@id":"https:\/\/globeetcecilhotel.com\/en\/charming-4-star-hotel\/csr-commitments-purpose\/green-key\/","url":"https:\/\/globeetcecilhotel.com\/en\/charming-4-star-hotel\/csr-commitments-purpose\/green-key\/","name":"Green Key - Globe Cecil","isPartOf":{"@id":"https:\/\/globeetcecilhotel.com\/en\/#website"},"primaryImageOfPage":{"@id":"https:\/\/globeetcecilhotel.com\/en\/charming-4-star-hotel\/csr-commitments-purpose\/green-key\/#primaryimage"},"image":{"@id":"https:\/\/globeetcecilhotel.com\/en\/charming-4-star-hotel\/csr-commitments-purpose\/green-key\/#primaryimage"},"thumbnailUrl":"https:\/\/globeetcecilhotel.com\/wp-content\/uploads\/sites\/2\/2025\/04\/logo-cv-hd-18-web-888x1024.jpg","datePublished":"2026-04-07T12:46:14+00:00","dateModified":"2026-05-11T16:00:43+00:00","breadcrumb":{"@id":"https:\/\/globeetcecilhotel.com\/en\/charming-4-star-hotel\/csr-commitments-purpose\/green-key\/#breadcrumb"},"inLanguage":"en-US","potentialAction":[{"@type":"ReadAction","target":["https:\/\/globeetcecilhotel.com\/en\/charming-4-star-hotel\/csr-commitments-purpose\/green-key\/"]}]},{"@type":"ImageObject","inLanguage":"en-US","@id":"https:\/\/globeetcecilhotel.com\/en\/charming-4-star-hotel\/csr-commitments-purpose\/green-key\/#primaryimage","url":"https:\/\/globeetcecilhotel.com\/wp-content\/uploads\/sites\/2\/2025\/04\/logo-cv-hd-18-web-888x1024.jpg","contentUrl":"https:\/\/globeetcecilhotel.com\/wp-content\/uploads\/sites\/2\/2025\/04\/logo-cv-hd-18-web-888x1024.jpg"},{"@type":"BreadcrumbList","@id":"https:\/\/globeetcecilhotel.com\/en\/charming-4-star-hotel\/csr-commitments-purpose\/green-key\/#breadcrumb","itemListElement":[{"@type":"ListItem","position":1,"name":"Home","item":"https:\/\/globeetcecilhotel.com\/en\/"},{"@type":"ListItem","position":2,"name":"The hotel","item":"https:\/\/globeetcecilhotel.com\/en\/charming-4-star-hotel\/"},{"@type":"ListItem","position":3,"name":"Our commitments","item":"https:\/\/globeetcecilhotel.com\/en\/charming-4-star-hotel\/csr-commitments-purpose\/"},{"@type":"ListItem","position":4,"name":"Green Key"}]},{"@type":"WebSite","@id":"https:\/\/globeetcecilhotel.com\/en\/#website","url":"https:\/\/globeetcecilhotel.com\/en\/","name":"Globe Cecil","description":"H\u00f4tel 4 \u00e9toiles \u00e0 Lyon","publisher":{"@id":"https:\/\/globeetcecilhotel.com\/en\/#organization"},"potentialAction":[{"@type":"SearchAction","target":{"@type":"EntryPoint","urlTemplate":"https:\/\/globeetcecilhotel.com\/en\/?s={search_term_string}"},"query-input":{"@type":"PropertyValueSpecification","valueRequired":true,"valueName":"search_term_string"}}],"inLanguage":"en-US"},{"@type":"Organization","@id":"https:\/\/globeetcecilhotel.com\/en\/#organization","name":"Globe Cecil","url":"https:\/\/globeetcecilhotel.com\/en\/","logo":{"@type":"ImageObject","inLanguage":"en-US","@id":"https:\/\/globeetcecilhotel.com\/en\/#\/schema\/logo\/image\/","url":"https:\/\/globeetcecilhotel.com\/wp-content\/uploads\/sites\/2\/2025\/03\/LOGO-Globe-et-Cecil.svg","contentUrl":"https:\/\/globeetcecilhotel.com\/wp-content\/uploads\/sites\/2\/2025\/03\/LOGO-Globe-et-Cecil.svg","width":108,"height":44,"caption":"Globe Cecil"},"image":{"@id":"https:\/\/globeetcecilhotel.com\/en\/#\/schema\/logo\/image\/"}}]}},"_links":{"self":[{"href":"https:\/\/globeetcecilhotel.com\/en\/wp-json\/wp\/v2\/pages\/7851","targetHints":{"allow":["GET"]}}],"collection":[{"href":"https:\/\/globeetcecilhotel.com\/en\/wp-json\/wp\/v2\/pages"}],"about":[{"href":"https:\/\/globeetcecilhotel.com\/en\/wp-json\/wp\/v2\/types\/page"}],"author":[{"embeddable":true,"href":"https:\/\/globeetcecilhotel.com\/en\/wp-json\/wp\/v2\/users\/2"}],"replies":[{"embeddable":true,"href":"https:\/\/globeetcecilhotel.com\/en\/wp-json\/wp\/v2\/comments?post=7851"}],"version-history":[{"count":1,"href":"https:\/\/globeetcecilhotel.com\/en\/wp-json\/wp\/v2\/pages\/7851\/revisions"}],"predecessor-version":[{"id":7852,"href":"https:\/\/globeetcecilhotel.com\/en\/wp-json\/wp\/v2\/pages\/7851\/revisions\/7852"}],"up":[{"embeddable":true,"href":"https:\/\/globeetcecilhotel.com\/en\/wp-json\/wp\/v2\/pages\/1818"}],"wp:attachment":[{"href":"https:\/\/globeetcecilhotel.com\/en\/wp-json\/wp\/v2\/media?parent=7851"}],"curies":[{"name":"wp","href":"https:\/\/api.w.org\/{rel}","templated":true}]}}