{"id":7291,"date":"2026-04-07T10:18:32","date_gmt":"2026-04-07T08:18:32","guid":{"rendered":"https:\/\/globeetcecilhotel.com\/testimonios-y-opiniones-de-clientes\/"},"modified":"2026-05-11T19:04:37","modified_gmt":"2026-05-11T17:04:37","slug":"testimonios-y-opiniones-de-clientes","status":"publish","type":"page","link":"https:\/\/globeetcecilhotel.com\/es\/testimonios-y-opiniones-de-clientes\/","title":{"rendered":"Testimonios y opiniones de clientes"},"content":{"rendered":"\n<section class=\"heading wp-elements-555ff06c8a559165de73f691ab55399e wp-elements-555ff06c8a559165de73f691ab55399e wp-block-acf-heading has-text-color has-primary-color has-background has-white-100-background-color\">\n\t<div class=\"heading__container\">\n\t\t\t\t\t<div class=\"heading__background-picture\">\n\t\t\t\t<img decoding=\"async\" width=\"1620\" height=\"1080\" src=\"https:\/\/globeetcecilhotel.com\/wp-content\/uploads\/sites\/2\/2025\/04\/hotel-ecologique-lyon-engage.jpg\" class=\"attachment-full size-full\" alt=\"hotel ecologique lyon engage\" fetchpriority=\"high\" srcset=\"https:\/\/globeetcecilhotel.com\/wp-content\/uploads\/sites\/2\/2025\/04\/hotel-ecologique-lyon-engage.jpg 1620w, https:\/\/globeetcecilhotel.com\/wp-content\/uploads\/sites\/2\/2025\/04\/hotel-ecologique-lyon-engage-300x200.jpg 300w, https:\/\/globeetcecilhotel.com\/wp-content\/uploads\/sites\/2\/2025\/04\/hotel-ecologique-lyon-engage-1024x683.jpg 1024w, https:\/\/globeetcecilhotel.com\/wp-content\/uploads\/sites\/2\/2025\/04\/hotel-ecologique-lyon-engage-768x512.jpg 768w, https:\/\/globeetcecilhotel.com\/wp-content\/uploads\/sites\/2\/2025\/04\/hotel-ecologique-lyon-engage-1536x1024.jpg 1536w\" sizes=\"(max-width: 1620px) 100vw, 1620px\" \/>\t\t\t<\/div>\n\t\t\t\t<div class=\"heading__layout\">\n\t\t\t<div class=\"heading__content-wrapper has-white-100-background-color\">\n\t\t\t\t<div class=\"heading__content has-white-100-background-color\">\n\t\t\t\t\t\t\t\t\t<p id=\"breadcrumbs\"><span><span><a href=\"https:\/\/globeetcecilhotel.com\/es\/\">Accueil<\/a><\/span><\/span><\/p>\t\t\t\t\t\t\t\t\t<div class=\"acf-innerblocks-container\">\n\n<div class=\"wp-block-group heading-content-group is-layout-grid wp-container-core-group-is-layout-96b258e4 wp-block-group-is-layout-grid\">\n<h1 class=\"wp-block-heading has-text-align-left heading__title has-primary-color has-text-color has-xx-large-font-size wp-container-content-32a3e683\">Testimonios y opiniones de clientes<\/h1>\n<\/div>\n\n<\/div>\n\t\t\t\t<\/div>\n\t\t\t\t\t\t\t\t<div class=\"heading__illustration illustration-with-parallax desktop-only\">\n\t\t\t\t\t<img decoding=\"async\" width=\"350\" height=\"350\" src=\"https:\/\/globeetcecilhotel.com\/wp-content\/uploads\/sites\/2\/2025\/04\/ENCRIER.png\" class=\"attachment-full size-full\" alt=\"ENCRIER\" fetchpriority=\"high\" srcset=\"https:\/\/globeetcecilhotel.com\/wp-content\/uploads\/sites\/2\/2025\/04\/ENCRIER.png 350w, https:\/\/globeetcecilhotel.com\/wp-content\/uploads\/sites\/2\/2025\/04\/ENCRIER-300x300.png 300w\" sizes=\"(max-width: 350px) 100vw, 350px\" \/>\t\t\t\t<\/div>\n\t\t\t\t\t\t\t<\/div>\n\t\t<\/div>\n\t<\/div>\n<\/section>\n\n\n\t<section\n\t\tstyle=\"padding-top:var(--wp--preset--spacing--theme-default);padding-bottom:var(--wp--preset--spacing--theme-default);\" class=\"block-container align wp-block-acf-block-container has-background has-white-background-color has-global-padding is-layout-constrained wp-container-acf-block-container-is-layout-084bfce5 wp-block-acf-block-container-is-layout-constrained\"\t>\n\n\t\n\n<div class=\"wp-block-group has-global-padding is-layout-constrained wp-container-core-group-is-layout-8f062365 wp-block-group-is-layout-constrained\">\n<h3 class=\"wp-block-heading has-text-align-left\">Testimonios de clientes<\/h3>\n\n\n\n<p>Porque no hay nada mejor que leer sus impresiones, sus opiniones, sus comentarios&#8230; Porque cada estancia es \u00fanica, pero todas pueden ser una fuente de inspiraci\u00f3n para su visita a Lyon. \u00a1Nuestros clientes se lo cuentan incluso mejor que nosotros!  <\/p>\n<\/div>\n\n\n\n<\/section>\n\n\t<section\n\t\tstyle=\"padding-top:0;padding-bottom:var(--wp--preset--spacing--theme-default);\" class=\"block-container align wp-block-acf-block-container has-background has-white-background-color has-global-padding is-layout-constrained wp-container-acf-block-container-is-layout-35adc3ed wp-block-acf-block-container-is-layout-constrained\"\t>\n\n\t\n\n<div class=\"wp-block-query alignwide has-global-padding is-layout-constrained wp-block-query-is-layout-constrained\"><ul class=\"columns-2 alignwide wp-block-post-template is-layout-grid wp-container-core-post-template-is-layout-d35acac1 wp-block-post-template-is-layout-grid\"><li class=\"wp-block-post post-7580 post type-post status-publish format-standard has-post-thumbnail hentry category-lyon-romantico tag-testimonios\">\n<figure style=\"aspect-ratio:16\/9; padding-top:0;padding-bottom:0;\" class=\"wp-block-post-featured-image\"><a href=\"https:\/\/globeetcecilhotel.com\/es\/barrio-bellecour\/testimonio-pareja\/\" target=\"_self\"  ><img decoding=\"async\" width=\"1620\" height=\"1080\" src=\"https:\/\/globeetcecilhotel.com\/wp-content\/uploads\/sites\/2\/2026\/03\/IMG_5530.jpg\" class=\"attachment-post-thumbnail size-post-thumbnail wp-post-image\" alt=\"Testimonio Pareja\" style=\"width:100%;height:100%;object-fit:cover;\" srcset=\"https:\/\/globeetcecilhotel.com\/wp-content\/uploads\/sites\/2\/2026\/03\/IMG_5530.jpg 1620w, https:\/\/globeetcecilhotel.com\/wp-content\/uploads\/sites\/2\/2026\/03\/IMG_5530-600x400.jpg 600w, https:\/\/globeetcecilhotel.com\/wp-content\/uploads\/sites\/2\/2026\/03\/IMG_5530-1400x933.jpg 1400w, https:\/\/globeetcecilhotel.com\/wp-content\/uploads\/sites\/2\/2026\/03\/IMG_5530-768x512.jpg 768w, https:\/\/globeetcecilhotel.com\/wp-content\/uploads\/sites\/2\/2026\/03\/IMG_5530-1536x1024.jpg 1536w\" sizes=\"(max-width: 1620px) 100vw, 1620px\" \/><\/a><\/figure>\n\n<h3 class=\"wp-block-post-title\"><a href=\"https:\/\/globeetcecilhotel.com\/es\/barrio-bellecour\/testimonio-pareja\/\" target=\"_self\" >Testimonio Pareja<\/a><\/h3>\n\n<div class=\"wp-block-post-excerpt has-x-small-font-size\"><p class=\"wp-block-post-excerpt__excerpt\">Un fin de semana rom\u00e1ntico en Lyon: Julien apreci\u00f3 el ambiente c\u00e1lido, la atenci\u00f3n personalizada y la c\u00e9ntrica ubicaci\u00f3n del Globe &amp; Cecil. Lea su entrevista.<\/p><p class=\"wp-block-post-excerpt__more-text\"><a class=\"wp-block-post-excerpt__more-link\" href=\"https:\/\/globeetcecilhotel.com\/es\/barrio-bellecour\/testimonio-pareja\/\">Seguir leyendo<\/a><\/p><\/div>\n<\/li><li class=\"wp-block-post post-7727 post type-post status-publish format-standard has-post-thumbnail hentry category-lyon-en-familia tag-testimonios\">\n<figure style=\"aspect-ratio:16\/9; padding-top:0;padding-bottom:0;\" class=\"wp-block-post-featured-image\"><a href=\"https:\/\/globeetcecilhotel.com\/es\/barrio-bellecour\/testimonio-de-una-familia\/\" target=\"_self\"  ><img decoding=\"async\" width=\"1620\" height=\"1080\" src=\"https:\/\/globeetcecilhotel.com\/wp-content\/uploads\/sites\/2\/2026\/03\/IMG_6610.jpg\" class=\"attachment-post-thumbnail size-post-thumbnail wp-post-image\" alt=\"Testimonio de una familia\" style=\"width:100%;height:100%;object-fit:cover;\" srcset=\"https:\/\/globeetcecilhotel.com\/wp-content\/uploads\/sites\/2\/2026\/03\/IMG_6610.jpg 1620w, https:\/\/globeetcecilhotel.com\/wp-content\/uploads\/sites\/2\/2026\/03\/IMG_6610-600x400.jpg 600w, https:\/\/globeetcecilhotel.com\/wp-content\/uploads\/sites\/2\/2026\/03\/IMG_6610-1400x933.jpg 1400w, https:\/\/globeetcecilhotel.com\/wp-content\/uploads\/sites\/2\/2026\/03\/IMG_6610-768x512.jpg 768w, https:\/\/globeetcecilhotel.com\/wp-content\/uploads\/sites\/2\/2026\/03\/IMG_6610-1536x1024.jpg 1536w\" sizes=\"(max-width: 1620px) 100vw, 1620px\" \/><\/a><\/figure>\n\n<h3 class=\"wp-block-post-title\"><a href=\"https:\/\/globeetcecilhotel.com\/es\/barrio-bellecour\/testimonio-de-una-familia\/\" target=\"_self\" >Testimonio de una familia<\/a><\/h3>\n\n<div class=\"wp-block-post-excerpt has-x-small-font-size\"><p class=\"wp-block-post-excerpt__excerpt\">Claire acept\u00f3 ser entrevistada sobre su estancia en Lyon con sus 2 hijos. Actividades, organizaci\u00f3n, buenas direcciones. Esta mam\u00e1 nos cont\u00f3 todos los secretos de unas buenas vacaciones en familia.<\/p><p class=\"wp-block-post-excerpt__more-text\"><a class=\"wp-block-post-excerpt__more-link\" href=\"https:\/\/globeetcecilhotel.com\/es\/barrio-bellecour\/testimonio-de-una-familia\/\">Seguir leyendo<\/a><\/p><\/div>\n<\/li><\/ul>\n\n<\/div>\n\n\n\n<\/section>\n","protected":false},"excerpt":{"rendered":"","protected":false},"author":2,"featured_media":0,"parent":3190,"menu_order":0,"comment_status":"closed","ping_status":"closed","template":"","meta":{"_acf_changed":false,"inline_featured_image":false,"footnotes":""},"class_list":["post-7291","page","type-page","status-publish","hentry"],"acf":[],"yoast_head":"<!-- This site is optimized with the Yoast SEO plugin v27.5 - https:\/\/yoast.com\/product\/yoast-seo-wordpress\/ -->\n<title>Testimonios y opiniones de clientes - Globe Cecil<\/title>\n<meta name=\"robots\" content=\"index, follow, max-snippet:-1, max-image-preview:large, max-video-preview:-1\" \/>\n<link rel=\"canonical\" href=\"https:\/\/globeetcecilhotel.com\/es\/testimonios-y-opiniones-de-clientes\/\" \/>\n<meta property=\"og:locale\" content=\"es_ES\" \/>\n<meta property=\"og:type\" content=\"article\" \/>\n<meta property=\"og:title\" content=\"Testimonios y opiniones de clientes - Globe Cecil\" \/>\n<meta property=\"og:url\" content=\"https:\/\/globeetcecilhotel.com\/es\/testimonios-y-opiniones-de-clientes\/\" \/>\n<meta property=\"og:site_name\" content=\"Globe Cecil\" \/>\n<meta property=\"article:modified_time\" content=\"2026-05-11T17:04:37+00:00\" \/>\n<meta name=\"twitter:card\" content=\"summary_large_image\" \/>\n<script type=\"application\/ld+json\" class=\"yoast-schema-graph\">{\"@context\":\"https:\\\/\\\/schema.org\",\"@graph\":[{\"@type\":\"WebPage\",\"@id\":\"https:\\\/\\\/globeetcecilhotel.com\\\/es\\\/testimonios-y-opiniones-de-clientes\\\/\",\"url\":\"https:\\\/\\\/globeetcecilhotel.com\\\/es\\\/testimonios-y-opiniones-de-clientes\\\/\",\"name\":\"Testimonios y opiniones de clientes - Globe Cecil\",\"isPartOf\":{\"@id\":\"https:\\\/\\\/globeetcecilhotel.com\\\/es\\\/#website\"},\"datePublished\":\"2026-04-07T08:18:32+00:00\",\"dateModified\":\"2026-05-11T17:04:37+00:00\",\"breadcrumb\":{\"@id\":\"https:\\\/\\\/globeetcecilhotel.com\\\/es\\\/testimonios-y-opiniones-de-clientes\\\/#breadcrumb\"},\"inLanguage\":\"es\",\"potentialAction\":[{\"@type\":\"ReadAction\",\"target\":[\"https:\\\/\\\/globeetcecilhotel.com\\\/es\\\/testimonios-y-opiniones-de-clientes\\\/\"]}]},{\"@type\":\"BreadcrumbList\",\"@id\":\"https:\\\/\\\/globeetcecilhotel.com\\\/es\\\/testimonios-y-opiniones-de-clientes\\\/#breadcrumb\",\"itemListElement\":[{\"@type\":\"ListItem\",\"position\":1,\"name\":\"Accueil\",\"item\":\"https:\\\/\\\/globeetcecilhotel.com\\\/es\\\/\"},{\"@type\":\"ListItem\",\"position\":2,\"name\":\"El hotel\",\"item\":\"https:\\\/\\\/globeetcecilhotel.com\\\/es\\\/hotel-encanto-4-estrellas\\\/\"},{\"@type\":\"ListItem\",\"position\":3,\"name\":\"Testimonios y opiniones de clientes\"}]},{\"@type\":\"WebSite\",\"@id\":\"https:\\\/\\\/globeetcecilhotel.com\\\/es\\\/#website\",\"url\":\"https:\\\/\\\/globeetcecilhotel.com\\\/es\\\/\",\"name\":\"Globe Cecil\",\"description\":\"H\u00f4tel 4 \u00e9toiles \u00e0 Lyon\",\"publisher\":{\"@id\":\"https:\\\/\\\/globeetcecilhotel.com\\\/es\\\/#organization\"},\"potentialAction\":[{\"@type\":\"SearchAction\",\"target\":{\"@type\":\"EntryPoint\",\"urlTemplate\":\"https:\\\/\\\/globeetcecilhotel.com\\\/es\\\/?s={search_term_string}\"},\"query-input\":{\"@type\":\"PropertyValueSpecification\",\"valueRequired\":true,\"valueName\":\"search_term_string\"}}],\"inLanguage\":\"es\"},{\"@type\":\"Organization\",\"@id\":\"https:\\\/\\\/globeetcecilhotel.com\\\/es\\\/#organization\",\"name\":\"Globe Cecil\",\"url\":\"https:\\\/\\\/globeetcecilhotel.com\\\/es\\\/\",\"logo\":{\"@type\":\"ImageObject\",\"inLanguage\":\"es\",\"@id\":\"https:\\\/\\\/globeetcecilhotel.com\\\/es\\\/#\\\/schema\\\/logo\\\/image\\\/\",\"url\":\"https:\\\/\\\/globeetcecilhotel.com\\\/wp-content\\\/uploads\\\/sites\\\/2\\\/2025\\\/03\\\/LOGO-Globe-et-Cecil.svg\",\"contentUrl\":\"https:\\\/\\\/globeetcecilhotel.com\\\/wp-content\\\/uploads\\\/sites\\\/2\\\/2025\\\/03\\\/LOGO-Globe-et-Cecil.svg\",\"width\":108,\"height\":44,\"caption\":\"Globe Cecil\"},\"image\":{\"@id\":\"https:\\\/\\\/globeetcecilhotel.com\\\/es\\\/#\\\/schema\\\/logo\\\/image\\\/\"}}]}<\/script>\n<!-- \/ Yoast SEO plugin. -->","yoast_head_json":{"title":"Testimonios y opiniones de clientes - Globe Cecil","robots":{"index":"index","follow":"follow","max-snippet":"max-snippet:-1","max-image-preview":"max-image-preview:large","max-video-preview":"max-video-preview:-1"},"canonical":"https:\/\/globeetcecilhotel.com\/es\/testimonios-y-opiniones-de-clientes\/","og_locale":"es_ES","og_type":"article","og_title":"Testimonios y opiniones de clientes - Globe Cecil","og_url":"https:\/\/globeetcecilhotel.com\/es\/testimonios-y-opiniones-de-clientes\/","og_site_name":"Globe Cecil","article_modified_time":"2026-05-11T17:04:37+00:00","twitter_card":"summary_large_image","schema":{"@context":"https:\/\/schema.org","@graph":[{"@type":"WebPage","@id":"https:\/\/globeetcecilhotel.com\/es\/testimonios-y-opiniones-de-clientes\/","url":"https:\/\/globeetcecilhotel.com\/es\/testimonios-y-opiniones-de-clientes\/","name":"Testimonios y opiniones de clientes - Globe Cecil","isPartOf":{"@id":"https:\/\/globeetcecilhotel.com\/es\/#website"},"datePublished":"2026-04-07T08:18:32+00:00","dateModified":"2026-05-11T17:04:37+00:00","breadcrumb":{"@id":"https:\/\/globeetcecilhotel.com\/es\/testimonios-y-opiniones-de-clientes\/#breadcrumb"},"inLanguage":"es","potentialAction":[{"@type":"ReadAction","target":["https:\/\/globeetcecilhotel.com\/es\/testimonios-y-opiniones-de-clientes\/"]}]},{"@type":"BreadcrumbList","@id":"https:\/\/globeetcecilhotel.com\/es\/testimonios-y-opiniones-de-clientes\/#breadcrumb","itemListElement":[{"@type":"ListItem","position":1,"name":"Accueil","item":"https:\/\/globeetcecilhotel.com\/es\/"},{"@type":"ListItem","position":2,"name":"El hotel","item":"https:\/\/globeetcecilhotel.com\/es\/hotel-encanto-4-estrellas\/"},{"@type":"ListItem","position":3,"name":"Testimonios y opiniones de clientes"}]},{"@type":"WebSite","@id":"https:\/\/globeetcecilhotel.com\/es\/#website","url":"https:\/\/globeetcecilhotel.com\/es\/","name":"Globe Cecil","description":"H\u00f4tel 4 \u00e9toiles \u00e0 Lyon","publisher":{"@id":"https:\/\/globeetcecilhotel.com\/es\/#organization"},"potentialAction":[{"@type":"SearchAction","target":{"@type":"EntryPoint","urlTemplate":"https:\/\/globeetcecilhotel.com\/es\/?s={search_term_string}"},"query-input":{"@type":"PropertyValueSpecification","valueRequired":true,"valueName":"search_term_string"}}],"inLanguage":"es"},{"@type":"Organization","@id":"https:\/\/globeetcecilhotel.com\/es\/#organization","name":"Globe Cecil","url":"https:\/\/globeetcecilhotel.com\/es\/","logo":{"@type":"ImageObject","inLanguage":"es","@id":"https:\/\/globeetcecilhotel.com\/es\/#\/schema\/logo\/image\/","url":"https:\/\/globeetcecilhotel.com\/wp-content\/uploads\/sites\/2\/2025\/03\/LOGO-Globe-et-Cecil.svg","contentUrl":"https:\/\/globeetcecilhotel.com\/wp-content\/uploads\/sites\/2\/2025\/03\/LOGO-Globe-et-Cecil.svg","width":108,"height":44,"caption":"Globe Cecil"},"image":{"@id":"https:\/\/globeetcecilhotel.com\/es\/#\/schema\/logo\/image\/"}}]}},"_links":{"self":[{"href":"https:\/\/globeetcecilhotel.com\/es\/wp-json\/wp\/v2\/pages\/7291","targetHints":{"allow":["GET"]}}],"collection":[{"href":"https:\/\/globeetcecilhotel.com\/es\/wp-json\/wp\/v2\/pages"}],"about":[{"href":"https:\/\/globeetcecilhotel.com\/es\/wp-json\/wp\/v2\/types\/page"}],"author":[{"embeddable":true,"href":"https:\/\/globeetcecilhotel.com\/es\/wp-json\/wp\/v2\/users\/2"}],"replies":[{"embeddable":true,"href":"https:\/\/globeetcecilhotel.com\/es\/wp-json\/wp\/v2\/comments?post=7291"}],"version-history":[{"count":10,"href":"https:\/\/globeetcecilhotel.com\/es\/wp-json\/wp\/v2\/pages\/7291\/revisions"}],"predecessor-version":[{"id":7804,"href":"https:\/\/globeetcecilhotel.com\/es\/wp-json\/wp\/v2\/pages\/7291\/revisions\/7804"}],"up":[{"embeddable":true,"href":"https:\/\/globeetcecilhotel.com\/es\/wp-json\/wp\/v2\/pages\/3190"}],"wp:attachment":[{"href":"https:\/\/globeetcecilhotel.com\/es\/wp-json\/wp\/v2\/media?parent=7291"}],"curies":[{"name":"wp","href":"https:\/\/api.w.org\/{rel}","templated":true}]}}