{"id":7822,"date":"2026-05-11T17:26:14","date_gmt":"2026-05-11T15:26:14","guid":{"rendered":"https:\/\/globeetcecilhotel.com\/mapa-del-sitio\/"},"modified":"2026-05-11T17:30:24","modified_gmt":"2026-05-11T15:30:24","slug":"mapa-del-sitio","status":"publish","type":"page","link":"https:\/\/globeetcecilhotel.com\/es\/mapa-del-sitio\/","title":{"rendered":"Mapa del sitio"},"content":{"rendered":"\n<section class=\"heading wp-elements-c6045d8d4132d28231a9db1fa81198e7 wp-elements-c6045d8d4132d28231a9db1fa81198e7 wp-block-acf-heading has-text-color has-primary-color has-background has-white-100-background-color\">\n\t<div class=\"heading__container\">\n\t\t\t\t\t<div class=\"heading__background-picture\">\n\t\t\t\t<img decoding=\"async\" width=\"1920\" height=\"1280\" src=\"https:\/\/globeetcecilhotel.com\/wp-content\/uploads\/sites\/2\/2025\/03\/meilleur-hotel-de-lyon-centre.jpg\" class=\"attachment-full size-full\" alt=\"meilleur hotel de lyon centre\" fetchpriority=\"high\" srcset=\"https:\/\/globeetcecilhotel.com\/wp-content\/uploads\/sites\/2\/2025\/03\/meilleur-hotel-de-lyon-centre.jpg 1920w, https:\/\/globeetcecilhotel.com\/wp-content\/uploads\/sites\/2\/2025\/03\/meilleur-hotel-de-lyon-centre-300x200.jpg 300w, https:\/\/globeetcecilhotel.com\/wp-content\/uploads\/sites\/2\/2025\/03\/meilleur-hotel-de-lyon-centre-1024x683.jpg 1024w, https:\/\/globeetcecilhotel.com\/wp-content\/uploads\/sites\/2\/2025\/03\/meilleur-hotel-de-lyon-centre-768x512.jpg 768w, https:\/\/globeetcecilhotel.com\/wp-content\/uploads\/sites\/2\/2025\/03\/meilleur-hotel-de-lyon-centre-1536x1024.jpg 1536w\" sizes=\"(max-width: 1920px) 100vw, 1920px\" \/>\t\t\t<\/div>\n\t\t\t\t<div class=\"heading__layout\">\n\t\t\t<div class=\"heading__content-wrapper has-white-100-background-color\">\n\t\t\t\t<div class=\"heading__content has-white-100-background-color\">\n\t\t\t\t\t\t\t\t\t<p id=\"breadcrumbs\"><span><span><a href=\"https:\/\/globeetcecilhotel.com\/es\/\">Accueil<\/a><\/span><\/span><\/p>\t\t\t\t\t\t\t\t\t<div class=\"acf-innerblocks-container\">\n\n<div class=\"wp-block-group heading-content-group is-layout-grid wp-container-core-group-is-layout-96b258e4 wp-block-group-is-layout-grid\">\n<h1 class=\"wp-block-heading has-text-align-left heading__title has-primary-color has-text-color has-xx-large-font-size wp-container-content-32a3e683\">Mapa del sitio<\/h1>\n<\/div>\n\n<\/div>\n\t\t\t\t<\/div>\n\t\t\t\t\t\t\t\t<div class=\"heading__illustration illustration-with-parallax desktop-only\">\n\t\t\t\t\t<img decoding=\"async\" width=\"350\" height=\"350\" src=\"https:\/\/globeetcecilhotel.com\/wp-content\/uploads\/sites\/2\/2025\/04\/HORLOGE.png\" class=\"attachment-full size-full\" alt=\"HORLOGE\" fetchpriority=\"high\" srcset=\"https:\/\/globeetcecilhotel.com\/wp-content\/uploads\/sites\/2\/2025\/04\/HORLOGE.png 350w, https:\/\/globeetcecilhotel.com\/wp-content\/uploads\/sites\/2\/2025\/04\/HORLOGE-300x300.png 300w\" sizes=\"(max-width: 350px) 100vw, 350px\" \/>\t\t\t\t<\/div>\n\t\t\t\t\t\t\t<\/div>\n\t\t<\/div>\n\t<\/div>\n<\/section>\n\n\n\t<section\n\t\tstyle=\"padding-top:var(--wp--preset--spacing--theme-default);padding-bottom:var(--wp--preset--spacing--theme-default);\" class=\"block-container align wp-block-acf-block-container has-background has-white-background-color has-global-padding is-layout-constrained wp-block-acf-block-container-is-layout-constrained\"\t>\n\n\t\n\n<div class=\"wp-block-group is-layout-flow wp-block-group-is-layout-flow\"><div class=\"wsp-container\"><h2 class=\"wsp-pages-title\">P\u00e1ginas<\/h2>\n<ul class=\"wsp-pages-list\">\n<li class=\"page_item page-item-3128 current_page_parent\"><a href=\"https:\/\/globeetcecilhotel.com\/es\/barrio-bellecour\/\">Barrio bellecour<\/a><\/li>\n<li class=\"page_item page-item-2979\"><a href=\"https:\/\/globeetcecilhotel.com\/es\/condiciones-de-alquiler\/\">Condiciones de venta<\/a><\/li>\n<li class=\"page_item page-item-2981\"><a href=\"https:\/\/globeetcecilhotel.com\/es\/contacto\/\">Contacto<\/a><\/li>\n<li class=\"page_item page-item-3190 page_item_has_children\"><a href=\"https:\/\/globeetcecilhotel.com\/es\/hotel-encanto-4-estrellas\/\">El hotel<\/a>\n<ul class='children'>\n\t<li class=\"page_item page-item-7369\"><a href=\"https:\/\/globeetcecilhotel.com\/es\/asociaciones\/\">Asociaciones<\/a><\/li>\n\t<li class=\"page_item page-item-3027\"><a href=\"https:\/\/globeetcecilhotel.com\/es\/hotel-encanto-4-estrellas\/presentacion-boutique-hotel\/\">La historia<\/a><\/li>\n\t<li class=\"page_item page-item-3054\"><a href=\"https:\/\/globeetcecilhotel.com\/es\/hotel-encanto-4-estrellas\/servicios\/\">Los servicios<\/a><\/li>\n\t<li class=\"page_item page-item-3040 page_item_has_children\"><a href=\"https:\/\/globeetcecilhotel.com\/es\/hotel-encanto-4-estrellas\/compromiso-rse-proposito\/\">Nuestros compromisos<\/a>\n\t<ul class='children'>\n\t\t<li class=\"page_item page-item-7844\"><a href=\"https:\/\/globeetcecilhotel.com\/es\/hotel-encanto-4-estrellas\/compromiso-rse-proposito\/clave-verde\/\">Clave Verde<\/a><\/li>\n\t\t<li class=\"page_item page-item-7853\"><a href=\"https:\/\/globeetcecilhotel.com\/es\/hotel-encanto-4-estrellas\/compromiso-rse-proposito\/consumo-responsable\/\">Consumo responsable<\/a><\/li>\n\t<\/ul>\n<\/li>\n\t<li class=\"page_item page-item-3964\"><a href=\"https:\/\/globeetcecilhotel.com\/es\/hotel-encanto-4-estrellas\/nuestros-espacios\/\">Nuestros espacios<\/a><\/li>\n\t<li class=\"page_item page-item-7291\"><a href=\"https:\/\/globeetcecilhotel.com\/es\/testimonios-y-opiniones-de-clientes\/\">Testimonios y opiniones de clientes<\/a><\/li>\n\t<li class=\"page_item page-item-3141\"><a href=\"https:\/\/globeetcecilhotel.com\/es\/hotel-encanto-4-estrellas\/centro-lyon-bellecour\/\">Ubicaci\u00f3n<\/a><\/li>\n<\/ul>\n<\/li>\n<li class=\"page_item page-item-3070\"><a href=\"https:\/\/globeetcecilhotel.com\/es\/hotel-restaurante-lyon\/\">El restaurante<\/a><\/li>\n<li class=\"page_item page-item-6953\"><a href=\"https:\/\/globeetcecilhotel.com\/es\/directorio-de-habitaciones\/\">Folleto de bienvenida<\/a><\/li>\n<li class=\"page_item page-item-3126\"><a href=\"https:\/\/globeetcecilhotel.com\/es\/informacion-juridica\/\">Informaci\u00f3n jur\u00eddica<\/a><\/li>\n<li class=\"page_item page-item-2987\"><a href=\"https:\/\/globeetcecilhotel.com\/es\/\">Inicio<\/a><\/li>\n<li class=\"page_item page-item-3131\"><a href=\"https:\/\/globeetcecilhotel.com\/es\/habitaciones-hotel-4-estrellas\/\">Las habitaciones<\/a><\/li>\n<li class=\"page_item page-item-7822\"><a href=\"https:\/\/globeetcecilhotel.com\/es\/mapa-del-sitio\/\">Mapa del sitio<\/a><\/li>\n<li class=\"page_item page-item-3119\"><a href=\"https:\/\/globeetcecilhotel.com\/es\/ofertas-mejor-precio-hotel-4-estrellas\/\">Ofertas actuales<\/a><\/li>\n<li class=\"page_item page-item-5870\"><a href=\"https:\/\/globeetcecilhotel.com\/es\/politica-de-privacidad\/\">Pol\u00edtica de privacidad<\/a><\/li>\n<li class=\"page_item page-item-2983\"><a href=\"https:\/\/globeetcecilhotel.com\/es\/preguntas-frecuentes\/\">PREGUNTAS FRECUENTES<\/a><\/li>\n<li class=\"page_item page-item-3083\"><a href=\"https:\/\/globeetcecilhotel.com\/es\/seminarios-hotel-4-estrellas\/\">Su seminario<\/a><\/li>\n<\/ul>\n<h2 class=\"wsp-posts-title\">Posts por categor\u00eda<\/h2>\n<ul class=\"wsp-posts-list\">\n\t<li><strong class=\"wsp-category-title\">Category: <a href=\"https:\/\/globeetcecilhotel.com\/es\/le-quartier-bellecour\/gastronomia\/\">Gastronom\u00eda<\/a><\/strong>\n<ul class=\"wsp-posts-list\">\t\t<li class=\"wsp-post\"><a href=\"https:\/\/globeetcecilhotel.com\/es\/barrio-bellecour\/ideas-para-regalar-en-navidad-en-lyon-regale-un-cheque-restaurante-una-estancia-en-un-hotel-o-una-experiencia-gastronomica\/\">Ideas para regalar en Navidad en Lyon: regale un cheque restaurante, una estancia en un hotel o una experiencia gastron\u00f3mica<\/a> (03\/10\/2025)<\/li>\n\t\t<li class=\"wsp-post\"><a href=\"https:\/\/globeetcecilhotel.com\/es\/barrio-bellecour\/nuestras-3-direcciones-favoritas-de-comida-callejera-cerca-del-globe-y-cecil\/\">Nuestras 3 direcciones favoritas de comida callejera cerca del Globe y Cecil<\/a> (06\/03\/2025)<\/li>\n<\/ul><\/li>\n\t<li><strong class=\"wsp-category-title\">Category: <a href=\"https:\/\/globeetcecilhotel.com\/es\/le-quartier-bellecour\/lyon-en-familia\/\">Lyon en familia<\/a><\/strong>\n<ul class=\"wsp-posts-list\">\t\t<li class=\"wsp-post\"><a href=\"https:\/\/globeetcecilhotel.com\/es\/barrio-bellecour\/que-se-puede-hacer-en-familia-en-lyon-con-ninos-de-4-a-7-anos\/\">\u00bfQu\u00e9 se puede hacer en familia en Lyon con ni\u00f1os de 4 a 7 a\u00f1os?<\/a> (07\/04\/2026)<\/li>\n\t\t<li class=\"wsp-post\"><a href=\"https:\/\/globeetcecilhotel.com\/es\/barrio-bellecour\/actividades-familiares-en-lyon-con-ninos-de-8-a-12-anos\/\">Actividades familiares en Lyon con ni\u00f1os de 8 a 12 a\u00f1os<\/a> (07\/04\/2026)<\/li>\n\t\t<li class=\"wsp-post\"><a href=\"https:\/\/globeetcecilhotel.com\/es\/barrio-bellecour\/guia-practica-fin-de-semana-en-lyon-con-un-bebe-de-0-a-3-anos\/\">Gu\u00eda pr\u00e1ctica: fin de semana en Lyon con un beb\u00e9 de 0 a 3 a\u00f1os<\/a> (07\/04\/2026)<\/li>\n\t\t<li class=\"wsp-post\"><a href=\"https:\/\/globeetcecilhotel.com\/es\/barrio-bellecour\/testimonio-de-una-familia\/\">Testimonio de una familia<\/a> (07\/04\/2026)<\/li>\n<\/ul><\/li>\n\t<li><strong class=\"wsp-category-title\">Category: <a href=\"https:\/\/globeetcecilhotel.com\/es\/le-quartier-bellecour\/lyon-romantico\/\">Lyon rom\u00e1ntico<\/a><\/strong>\n<ul class=\"wsp-posts-list\">\t\t<li class=\"wsp-post\"><a href=\"https:\/\/globeetcecilhotel.com\/es\/barrio-bellecour\/3-lugares-para-disfrutar-de-una-romantica-puesta-de-sol-en-lyon\/\">3 lugares para disfrutar de una rom\u00e1ntica puesta de sol en Lyon<\/a> (07\/04\/2026)<\/li>\n\t\t<li class=\"wsp-post\"><a href=\"https:\/\/globeetcecilhotel.com\/es\/barrio-bellecour\/4-ideas-de-actividades-romanticas-en-lyon\/\">4 ideas de actividades rom\u00e1nticas en Lyon<\/a> (07\/04\/2026)<\/li>\n\t\t<li class=\"wsp-post\"><a href=\"https:\/\/globeetcecilhotel.com\/es\/barrio-bellecour\/5-bares-a-los-que-llevar-a-su-amante-en-lyon\/\">5 bares a los que llevar a su amante en Lyon<\/a> (07\/04\/2026)<\/li>\n\t\t<li class=\"wsp-post\"><a href=\"https:\/\/globeetcecilhotel.com\/es\/barrio-bellecour\/los-restaurantes-mas-romanticos-de-lyon\/\">Los restaurantes m\u00e1s rom\u00e1nticos de Lyon<\/a> (07\/04\/2026)<\/li>\n\t\t<li class=\"wsp-post\"><a href=\"https:\/\/globeetcecilhotel.com\/es\/barrio-bellecour\/testimonio-pareja\/\">Testimonio Pareja<\/a> (07\/04\/2026)<\/li>\n<\/ul><\/li>\n\t<li><strong class=\"wsp-category-title\">Category: <a href=\"https:\/\/globeetcecilhotel.com\/es\/le-quartier-bellecour\/vida-nocturna-y-eventos\/\">Vida nocturna y fiestas<\/a><\/strong>\n<ul class=\"wsp-posts-list\">\t\t<li class=\"wsp-post\"><a href=\"https:\/\/globeetcecilhotel.com\/es\/barrio-bellecour\/nuestras-3-direcciones-favoritas-de-comida-callejera-cerca-del-globe-y-cecil-2\/\">Bonitos bares para tomar una copa cerca de Bellecour<\/a> (07\/10\/2025)<\/li>\n\t\t<li class=\"wsp-post\"><a href=\"https:\/\/globeetcecilhotel.com\/es\/barrio-bellecour\/teatro-de-los-celestinos\/\">Teatro de los Celestinos<\/a> (06\/03\/2025)<\/li>\n<\/ul><\/li>\n\t<li><strong class=\"wsp-category-title\">Category: <a href=\"https:\/\/globeetcecilhotel.com\/es\/le-quartier-bellecour\/visitas-culturales\/\">Visita cultural<\/a><\/strong>\n<ul class=\"wsp-posts-list\">\t\t<li class=\"wsp-post\"><a href=\"https:\/\/globeetcecilhotel.com\/es\/barrio-bellecour\/plaza-bellecour-una-visita-obligada-en-lyon\/\">Plaza Bellecour: una visita obligada en Lyon<\/a> (06\/03\/2025)<\/li>\n\t\t<li class=\"wsp-post\"><a href=\"https:\/\/globeetcecilhotel.com\/es\/barrio-bellecour\/plaza-de-los-jacobinos-lyon\/\">Plaza de los Jacobinos Lyon<\/a> (06\/03\/2025)<\/li>\n<\/ul><\/li>\n<\/ul>\n<h2 class=\"wsp-bedrooms-title\">Habitaciones<\/h2>\n<ul class=\"wsp-bedrooms-list\">\n<li><a href=\"https:\/\/globeetcecilhotel.com\/es\/habitaciones-hotel-4-estrellas\/triple\/\">triple<\/a><\/li>\n<li><a href=\"https:\/\/globeetcecilhotel.com\/es\/habitaciones-hotel-4-estrellas\/experiencia\/\">experiencia<\/a><\/li>\n<li><a href=\"https:\/\/globeetcecilhotel.com\/es\/habitaciones-hotel-4-estrellas\/clasico\/\">cl\u00e1sico<\/a><\/li>\n<li><a href=\"https:\/\/globeetcecilhotel.com\/es\/habitaciones-hotel-4-estrellas\/solo\/\">solo<\/a><\/li>\n<li><a href=\"https:\/\/globeetcecilhotel.com\/es\/habitaciones-hotel-4-estrellas\/individual\/\">solo<\/a><\/li>\n<li><a href=\"https:\/\/globeetcecilhotel.com\/es\/habitaciones-hotel-4-estrellas\/privilegio\/\">privilegio<\/a><\/li>\n<li><a href=\"https:\/\/globeetcecilhotel.com\/es\/habitaciones-hotel-4-estrellas\/superior\/\">superior<\/a><\/li>\n<\/ul>\n<\/div>\n<\/div>\n\n\n\n<\/section>\n","protected":false},"excerpt":{"rendered":"","protected":false},"author":2,"featured_media":0,"parent":0,"menu_order":0,"comment_status":"closed","ping_status":"closed","template":"","meta":{"_acf_changed":false,"inline_featured_image":false,"footnotes":""},"class_list":["post-7822","page","type-page","status-publish","hentry"],"acf":[],"yoast_head":"<!-- This site is optimized with the Yoast SEO plugin v27.5 - https:\/\/yoast.com\/product\/yoast-seo-wordpress\/ -->\n<title>Mapa del sitio - Globe Cecil<\/title>\n<meta name=\"robots\" content=\"index, follow, max-snippet:-1, max-image-preview:large, max-video-preview:-1\" \/>\n<link rel=\"canonical\" href=\"https:\/\/globeetcecilhotel.com\/es\/mapa-del-sitio\/\" \/>\n<meta property=\"og:locale\" content=\"es_ES\" \/>\n<meta property=\"og:type\" content=\"article\" \/>\n<meta property=\"og:title\" content=\"Mapa del sitio - Globe Cecil\" \/>\n<meta property=\"og:url\" content=\"https:\/\/globeetcecilhotel.com\/es\/mapa-del-sitio\/\" \/>\n<meta property=\"og:site_name\" content=\"Globe Cecil\" \/>\n<meta property=\"article:modified_time\" content=\"2026-05-11T15:30:24+00:00\" \/>\n<meta name=\"twitter:card\" content=\"summary_large_image\" \/>\n<script type=\"application\/ld+json\" class=\"yoast-schema-graph\">{\"@context\":\"https:\\\/\\\/schema.org\",\"@graph\":[{\"@type\":\"WebPage\",\"@id\":\"https:\\\/\\\/globeetcecilhotel.com\\\/es\\\/mapa-del-sitio\\\/\",\"url\":\"https:\\\/\\\/globeetcecilhotel.com\\\/es\\\/mapa-del-sitio\\\/\",\"name\":\"Mapa del sitio - Globe Cecil\",\"isPartOf\":{\"@id\":\"https:\\\/\\\/globeetcecilhotel.com\\\/es\\\/#website\"},\"datePublished\":\"2026-05-11T15:26:14+00:00\",\"dateModified\":\"2026-05-11T15:30:24+00:00\",\"breadcrumb\":{\"@id\":\"https:\\\/\\\/globeetcecilhotel.com\\\/es\\\/mapa-del-sitio\\\/#breadcrumb\"},\"inLanguage\":\"es\",\"potentialAction\":[{\"@type\":\"ReadAction\",\"target\":[\"https:\\\/\\\/globeetcecilhotel.com\\\/es\\\/mapa-del-sitio\\\/\"]}]},{\"@type\":\"BreadcrumbList\",\"@id\":\"https:\\\/\\\/globeetcecilhotel.com\\\/es\\\/mapa-del-sitio\\\/#breadcrumb\",\"itemListElement\":[{\"@type\":\"ListItem\",\"position\":1,\"name\":\"Accueil\",\"item\":\"https:\\\/\\\/globeetcecilhotel.com\\\/es\\\/\"},{\"@type\":\"ListItem\",\"position\":2,\"name\":\"Mapa del sitio\"}]},{\"@type\":\"WebSite\",\"@id\":\"https:\\\/\\\/globeetcecilhotel.com\\\/es\\\/#website\",\"url\":\"https:\\\/\\\/globeetcecilhotel.com\\\/es\\\/\",\"name\":\"Globe Cecil\",\"description\":\"H\u00f4tel 4 \u00e9toiles \u00e0 Lyon\",\"publisher\":{\"@id\":\"https:\\\/\\\/globeetcecilhotel.com\\\/es\\\/#organization\"},\"potentialAction\":[{\"@type\":\"SearchAction\",\"target\":{\"@type\":\"EntryPoint\",\"urlTemplate\":\"https:\\\/\\\/globeetcecilhotel.com\\\/es\\\/?s={search_term_string}\"},\"query-input\":{\"@type\":\"PropertyValueSpecification\",\"valueRequired\":true,\"valueName\":\"search_term_string\"}}],\"inLanguage\":\"es\"},{\"@type\":\"Organization\",\"@id\":\"https:\\\/\\\/globeetcecilhotel.com\\\/es\\\/#organization\",\"name\":\"Globe Cecil\",\"url\":\"https:\\\/\\\/globeetcecilhotel.com\\\/es\\\/\",\"logo\":{\"@type\":\"ImageObject\",\"inLanguage\":\"es\",\"@id\":\"https:\\\/\\\/globeetcecilhotel.com\\\/es\\\/#\\\/schema\\\/logo\\\/image\\\/\",\"url\":\"https:\\\/\\\/globeetcecilhotel.com\\\/wp-content\\\/uploads\\\/sites\\\/2\\\/2025\\\/03\\\/LOGO-Globe-et-Cecil.svg\",\"contentUrl\":\"https:\\\/\\\/globeetcecilhotel.com\\\/wp-content\\\/uploads\\\/sites\\\/2\\\/2025\\\/03\\\/LOGO-Globe-et-Cecil.svg\",\"width\":108,\"height\":44,\"caption\":\"Globe Cecil\"},\"image\":{\"@id\":\"https:\\\/\\\/globeetcecilhotel.com\\\/es\\\/#\\\/schema\\\/logo\\\/image\\\/\"}}]}<\/script>\n<!-- \/ Yoast SEO plugin. -->","yoast_head_json":{"title":"Mapa del sitio - Globe Cecil","robots":{"index":"index","follow":"follow","max-snippet":"max-snippet:-1","max-image-preview":"max-image-preview:large","max-video-preview":"max-video-preview:-1"},"canonical":"https:\/\/globeetcecilhotel.com\/es\/mapa-del-sitio\/","og_locale":"es_ES","og_type":"article","og_title":"Mapa del sitio - Globe Cecil","og_url":"https:\/\/globeetcecilhotel.com\/es\/mapa-del-sitio\/","og_site_name":"Globe Cecil","article_modified_time":"2026-05-11T15:30:24+00:00","twitter_card":"summary_large_image","schema":{"@context":"https:\/\/schema.org","@graph":[{"@type":"WebPage","@id":"https:\/\/globeetcecilhotel.com\/es\/mapa-del-sitio\/","url":"https:\/\/globeetcecilhotel.com\/es\/mapa-del-sitio\/","name":"Mapa del sitio - Globe Cecil","isPartOf":{"@id":"https:\/\/globeetcecilhotel.com\/es\/#website"},"datePublished":"2026-05-11T15:26:14+00:00","dateModified":"2026-05-11T15:30:24+00:00","breadcrumb":{"@id":"https:\/\/globeetcecilhotel.com\/es\/mapa-del-sitio\/#breadcrumb"},"inLanguage":"es","potentialAction":[{"@type":"ReadAction","target":["https:\/\/globeetcecilhotel.com\/es\/mapa-del-sitio\/"]}]},{"@type":"BreadcrumbList","@id":"https:\/\/globeetcecilhotel.com\/es\/mapa-del-sitio\/#breadcrumb","itemListElement":[{"@type":"ListItem","position":1,"name":"Accueil","item":"https:\/\/globeetcecilhotel.com\/es\/"},{"@type":"ListItem","position":2,"name":"Mapa del sitio"}]},{"@type":"WebSite","@id":"https:\/\/globeetcecilhotel.com\/es\/#website","url":"https:\/\/globeetcecilhotel.com\/es\/","name":"Globe Cecil","description":"H\u00f4tel 4 \u00e9toiles \u00e0 Lyon","publisher":{"@id":"https:\/\/globeetcecilhotel.com\/es\/#organization"},"potentialAction":[{"@type":"SearchAction","target":{"@type":"EntryPoint","urlTemplate":"https:\/\/globeetcecilhotel.com\/es\/?s={search_term_string}"},"query-input":{"@type":"PropertyValueSpecification","valueRequired":true,"valueName":"search_term_string"}}],"inLanguage":"es"},{"@type":"Organization","@id":"https:\/\/globeetcecilhotel.com\/es\/#organization","name":"Globe Cecil","url":"https:\/\/globeetcecilhotel.com\/es\/","logo":{"@type":"ImageObject","inLanguage":"es","@id":"https:\/\/globeetcecilhotel.com\/es\/#\/schema\/logo\/image\/","url":"https:\/\/globeetcecilhotel.com\/wp-content\/uploads\/sites\/2\/2025\/03\/LOGO-Globe-et-Cecil.svg","contentUrl":"https:\/\/globeetcecilhotel.com\/wp-content\/uploads\/sites\/2\/2025\/03\/LOGO-Globe-et-Cecil.svg","width":108,"height":44,"caption":"Globe Cecil"},"image":{"@id":"https:\/\/globeetcecilhotel.com\/es\/#\/schema\/logo\/image\/"}}]}},"_links":{"self":[{"href":"https:\/\/globeetcecilhotel.com\/es\/wp-json\/wp\/v2\/pages\/7822","targetHints":{"allow":["GET"]}}],"collection":[{"href":"https:\/\/globeetcecilhotel.com\/es\/wp-json\/wp\/v2\/pages"}],"about":[{"href":"https:\/\/globeetcecilhotel.com\/es\/wp-json\/wp\/v2\/types\/page"}],"author":[{"embeddable":true,"href":"https:\/\/globeetcecilhotel.com\/es\/wp-json\/wp\/v2\/users\/2"}],"replies":[{"embeddable":true,"href":"https:\/\/globeetcecilhotel.com\/es\/wp-json\/wp\/v2\/comments?post=7822"}],"version-history":[{"count":3,"href":"https:\/\/globeetcecilhotel.com\/es\/wp-json\/wp\/v2\/pages\/7822\/revisions"}],"predecessor-version":[{"id":7834,"href":"https:\/\/globeetcecilhotel.com\/es\/wp-json\/wp\/v2\/pages\/7822\/revisions\/7834"}],"wp:attachment":[{"href":"https:\/\/globeetcecilhotel.com\/es\/wp-json\/wp\/v2\/media?parent=7822"}],"curies":[{"name":"wp","href":"https:\/\/api.w.org\/{rel}","templated":true}]}}