{"id":7853,"date":"2026-04-07T16:57:44","date_gmt":"2026-04-07T14:57:44","guid":{"rendered":"https:\/\/globeetcecilhotel.com\/hotel-encanto-4-estrellas\/compromiso-rse-proposito\/consumo-responsable\/"},"modified":"2026-05-11T18:00:43","modified_gmt":"2026-05-11T16:00:43","slug":"consumo-responsable","status":"publish","type":"page","link":"https:\/\/globeetcecilhotel.com\/es\/hotel-encanto-4-estrellas\/compromiso-rse-proposito\/consumo-responsable\/","title":{"rendered":"Consumo responsable"},"content":{"rendered":"\n<section class=\"heading wp-elements-6ea9ff3c39e88d7f1b3a3101563cb03d wp-elements-6ea9ff3c39e88d7f1b3a3101563cb03d wp-block-acf-heading has-text-color has-primary-color has-background has-white-100-background-color\">\n\t<div class=\"heading__container\">\n\t\t\t\t\t<div class=\"heading__background-picture\">\n\t\t\t\t<img decoding=\"async\" width=\"1620\" height=\"1080\" src=\"https:\/\/globeetcecilhotel.com\/wp-content\/uploads\/sites\/2\/2025\/04\/hotel-ecologique-lyon-engage.jpg\" class=\"attachment-full size-full\" alt=\"hotel ecologique lyon engage\" fetchpriority=\"high\" srcset=\"https:\/\/globeetcecilhotel.com\/wp-content\/uploads\/sites\/2\/2025\/04\/hotel-ecologique-lyon-engage.jpg 1620w, https:\/\/globeetcecilhotel.com\/wp-content\/uploads\/sites\/2\/2025\/04\/hotel-ecologique-lyon-engage-300x200.jpg 300w, https:\/\/globeetcecilhotel.com\/wp-content\/uploads\/sites\/2\/2025\/04\/hotel-ecologique-lyon-engage-1024x683.jpg 1024w, https:\/\/globeetcecilhotel.com\/wp-content\/uploads\/sites\/2\/2025\/04\/hotel-ecologique-lyon-engage-768x512.jpg 768w, https:\/\/globeetcecilhotel.com\/wp-content\/uploads\/sites\/2\/2025\/04\/hotel-ecologique-lyon-engage-1536x1024.jpg 1536w\" sizes=\"(max-width: 1620px) 100vw, 1620px\" \/>\t\t\t<\/div>\n\t\t\t\t<div class=\"heading__layout\">\n\t\t\t<div class=\"heading__content-wrapper has-white-100-background-color\">\n\t\t\t\t<div class=\"heading__content has-white-100-background-color\">\n\t\t\t\t\t\t\t\t\t<p id=\"breadcrumbs\"><span><span><a href=\"https:\/\/globeetcecilhotel.com\/es\/\">Accueil<\/a><\/span><\/span><\/p>\t\t\t\t\t\t\t\t\t<div class=\"acf-innerblocks-container\">\n\n<div class=\"wp-block-group heading-content-group is-layout-grid wp-container-core-group-is-layout-96b258e4 wp-block-group-is-layout-grid\">\n<h1 class=\"wp-block-heading has-text-align-left heading__title has-primary-color has-text-color has-xx-large-font-size\">Consumo responsable<\/h1>\n<\/div>\n\n<\/div>\n\t\t\t\t<\/div>\n\t\t\t\t\t\t\t<\/div>\n\t\t<\/div>\n\t<\/div>\n<\/section>\n\n\n\t<section\n\t\tstyle=\"padding-top:var(--wp--preset--spacing--theme-default);padding-bottom:0;\" class=\"block-container align wp-block-acf-block-container has-background has-white-background-color has-global-padding is-layout-constrained wp-container-acf-block-container-is-layout-53211306 wp-block-acf-block-container-is-layout-constrained\"\t>\n\n\t\n\n<div class=\"wp-block-group is-layout-flow wp-block-group-is-layout-flow\">\n<p class=\"has-text-align-left has-large-font-size\">Ser hotelero hoy significa aprender a hacer las cosas con sensatez: limitando los residuos, centr\u00e1ndose en lo que perdura en el tiempo y evitando el gasto innecesario de energ\u00eda. Este enfoque forma parte de nuestro compromiso con la etiqueta Green Key. <\/p>\n<\/div>\n\n\n\n<\/section>\n\n\t<section\n\t\tstyle=\"padding-top:var(--wp--preset--spacing--theme-default);padding-bottom:var(--wp--preset--spacing--theme-default);\" class=\"double-columns wp-block-acf-double-columns has-background has-white-background-color has-global-padding is-layout-constrained wp-container-acf-double-columns-is-layout-468cbe0c wp-block-acf-double-columns-is-layout-constrained\"\t>\n\n<div class=\"double-columns__innerblocks\">\n\n<div class=\"wp-block-group is-layout-flow wp-block-group-is-layout-flow\">\n<figure class=\"wp-block-image size-full image-is-animate\"><img decoding=\"async\" width=\"720\" height=\"1080\" src=\"https:\/\/globeetcecilhotel.com\/wp-content\/uploads\/sites\/2\/2025\/03\/hotel-ecologique-lyon.jpg\" alt=\"\" class=\"wp-image-1867\" style=\"aspect-ratio:3\/4;object-fit:cover\" srcset=\"https:\/\/globeetcecilhotel.com\/wp-content\/uploads\/sites\/2\/2025\/03\/hotel-ecologique-lyon.jpg 720w, https:\/\/globeetcecilhotel.com\/wp-content\/uploads\/sites\/2\/2025\/03\/hotel-ecologique-lyon-200x300.jpg 200w, https:\/\/globeetcecilhotel.com\/wp-content\/uploads\/sites\/2\/2025\/03\/hotel-ecologique-lyon-683x1024.jpg 683w\" sizes=\"(max-width: 720px) 100vw, 720px\" \/><\/figure>\n<\/div>\n\n\n\n<div class=\"wp-block-group is-vertical is-content-justification-stretch is-layout-flex wp-container-core-group-is-layout-a67fda00 wp-block-group-is-layout-flex\">\n<h3 class=\"wp-block-heading has-text-align-left\">Habitaciones dise\u00f1adas para <mark style=\"background-color:rgba(0, 0, 0, 0)\" class=\"has-inline-color has-secondary-color\">evitar <\/mark>el derroche de energ\u00eda<\/h3>\n\n\n\n<details class=\"wp-block-details is-layout-flow wp-block-details-is-layout-flow\"><summary>En muchos hoteles, los minibares se han convertido en un elemento est\u00e1ndar. Sin embargo, estos peque\u00f1os frigor\u00edficos funcionan continuamente, incluso cuando no se utilizan. Un minibar representa entre el 30% y el 50% del consumo el\u00e9ctrico de una habitaci\u00f3n. Por eso hemos decidido no equipar nuestras habitaciones con minibares. Esta decisi\u00f3n reduce significativamente el consumo el\u00e9ctrico del hotel y evita la necesidad de equipos innecesarios.    <\/summary>\n<p>En su lugar, preferimos una soluci\u00f3n m\u00e1s sencilla y f\u00e1cil de usar: nuestros viajeros pueden disfrutar de una botella gratuita de agua fresca microfiltrada sin gas o con gas en cualquier momento en el bar del hotel. Como alternativa, nuestros hu\u00e9spedes tienen a su disposici\u00f3n un variado men\u00fa de bar local. <\/p>\n<\/details>\n<\/div>\n\n<\/div>\n\n<\/section>\n\n\t<section\n\t\tstyle=\"padding-top:0;padding-bottom:0;\" class=\"double-columns double-columns-reverse_colums_mobile wp-block-acf-double-columns has-background has-white-background-color has-global-padding is-layout-constrained wp-container-acf-double-columns-is-layout-ea798de0 wp-block-acf-double-columns-is-layout-constrained\"\t>\n\n<div class=\"double-columns__innerblocks\">\n\n<div class=\"wp-block-group is-vertical is-content-justification-stretch is-layout-flex wp-container-core-group-is-layout-a67fda00 wp-block-group-is-layout-flex\">\n<h3 class=\"wp-block-heading has-text-align-left\">Una alternativa <mark style=\"background-color:rgba(0, 0, 0, 0)\" class=\"has-inline-color has-secondary-color\">sostenible <\/mark>al agua embotellada<\/h3>\n\n\n\n<details class=\"wp-block-details is-layout-flow wp-block-details-is-layout-flow\"><summary>Adem\u00e1s, estas botellas de agua tambi\u00e9n nos ayudan a limitar el uso de pl\u00e1stico y el transporte innecesario, gracias al sistema Nordaq. El principio Nordaq se basa en un sistema de filtraci\u00f3n patentado. El agua de red (agua del grifo) se filtra para eliminar impurezas, sabores y olores no deseados, conservando las sales minerales presentes de forma natural. Uno de los argumentos clave de Nordaq es que reduce nuestra huella medioambiental.  <\/summary>\n<p>El sistema se basa en lo que la marca denomina a veces los \u00ab6 NO\u00bb:<\/p>\n\n\n\n<ul class=\"wp-block-list\">\n<li>sin botellas desechables<\/li>\n\n\n\n<li>sin pl\u00e1stico<\/li>\n\n\n\n<li>no hay transporte fluvial de larga distancia<\/li>\n\n\n\n<li>no almacenamiento de paletas de agua<\/li>\n\n\n\n<li>menos residuos<\/li>\n\n\n\n<li>menos log\u00edstica.  <\/li>\n<\/ul>\n\n\n\n<p>Al filtrar y embotellar el agua directamente in situ, los hoteles evitan el transporte de botellas minerales y reducen los residuos pl\u00e1sticos. Desde su creaci\u00f3n, la soluci\u00f3n Nordaq ha eliminado varios miles de millones de botellas de pl\u00e1stico de un solo uso en todo el mundo. <\/p>\n<\/details>\n<\/div>\n\n\n\n<div class=\"wp-block-group is-layout-flow wp-block-group-is-layout-flow\">\n<figure class=\"wp-block-image size-full image-is-animate\"><img decoding=\"async\" width=\"720\" height=\"1080\" src=\"https:\/\/globeetcecilhotel.com\/wp-content\/uploads\/sites\/2\/2025\/07\/hotel-famille-et-groupes-lyon-centre8.jpg\" alt=\"hotel para familias y grupos lyon centre8\" class=\"wp-image-5652\" style=\"aspect-ratio:3\/4;object-fit:cover\" srcset=\"https:\/\/globeetcecilhotel.com\/wp-content\/uploads\/sites\/2\/2025\/07\/hotel-famille-et-groupes-lyon-centre8.jpg 720w, https:\/\/globeetcecilhotel.com\/wp-content\/uploads\/sites\/2\/2025\/07\/hotel-famille-et-groupes-lyon-centre8-400x600.jpg 400w\" sizes=\"(max-width: 720px) 100vw, 720px\" \/><\/figure>\n<\/div>\n\n<\/div>\n\n<\/section>\n\n\t<section\n\t\tstyle=\"padding-top:var(--wp--preset--spacing--theme-default);padding-bottom:var(--wp--preset--spacing--theme-default);\" class=\"double-columns image-is-animate wp-block-acf-double-columns has-background has-white-background-color has-global-padding is-layout-constrained wp-container-acf-double-columns-is-layout-a22d0bdd wp-block-acf-double-columns-is-layout-constrained\"\t>\n\n<div class=\"double-columns__innerblocks\">\n\n<div class=\"wp-block-group is-layout-flow wp-block-group-is-layout-flow\">\n<figure class=\"wp-block-image size-full image-is-animate\"><img decoding=\"async\" width=\"1660\" height=\"666\" src=\"https:\/\/globeetcecilhotel.com\/wp-content\/uploads\/sites\/2\/2025\/03\/hotel-restaurant-engage-rse-scaled-e1743755891942.jpg\" alt=\"\" class=\"wp-image-1875\" style=\"aspect-ratio:3\/4;object-fit:cover\" srcset=\"https:\/\/globeetcecilhotel.com\/wp-content\/uploads\/sites\/2\/2025\/03\/hotel-restaurant-engage-rse-scaled-e1743755891942.jpg 1660w, https:\/\/globeetcecilhotel.com\/wp-content\/uploads\/sites\/2\/2025\/03\/hotel-restaurant-engage-rse-scaled-e1743755891942-300x120.jpg 300w, https:\/\/globeetcecilhotel.com\/wp-content\/uploads\/sites\/2\/2025\/03\/hotel-restaurant-engage-rse-scaled-e1743755891942-1024x411.jpg 1024w, https:\/\/globeetcecilhotel.com\/wp-content\/uploads\/sites\/2\/2025\/03\/hotel-restaurant-engage-rse-scaled-e1743755891942-768x308.jpg 768w, https:\/\/globeetcecilhotel.com\/wp-content\/uploads\/sites\/2\/2025\/03\/hotel-restaurant-engage-rse-scaled-e1743755891942-1536x616.jpg 1536w\" sizes=\"(max-width: 1660px) 100vw, 1660px\" \/><\/figure>\n<\/div>\n\n\n\n<div class=\"wp-block-group is-vertical is-content-justification-stretch is-layout-flex wp-container-core-group-is-layout-a67fda00 wp-block-group-is-layout-flex\">\n<h3 class=\"wp-block-heading has-text-align-left\">Productos de hosteler\u00eda distribuidos con <mark style=\"background-color:rgba(0, 0, 0, 0)\" class=\"has-inline-color has-secondary-color\">discreci\u00f3n<\/mark><\/h3>\n\n\n\n<details class=\"wp-block-details is-layout-flow wp-block-details-is-layout-flow\"><summary>En el sector hotelero, por desgracia, muchos productos de hosteler\u00eda acaban sin utilizarse y, sin embargo, se sustituyen o se tiran por precauci\u00f3n. Los estudios sobre productos de ba\u00f1o demuestran que, por t\u00e9rmino medio, s\u00f3lo se utiliza realmente el 15% del contenido antes de tirar el producto. En otras palabras, el 85% del producto y su envase pueden convertirse en residuos tras una sola visita.  <br>En todo el mundo, los grandes grupos hoteleros tiran cada a\u00f1o unos 5.500 millones de botellitas de amenities (champ\u00fa, gel de ducha, etc.). (Seg\u00fan Green Getaways). <\/summary>\n<p>Para evitar este despilfarro, nuestros art\u00edculos se ofrecen gratuitamente en recepci\u00f3n, pero s\u00f3lo previa solicitud. Esto nos permite reducir el consumo de productos de un solo uso sin dejar de satisfacer las necesidades de los viajeros que realmente los necesitan. <\/p>\n<\/details>\n<\/div>\n\n<\/div>\n\n<\/section>\n\n\t<section\n\t\tstyle=\"padding-top:0;padding-bottom:var(--wp--preset--spacing--theme-default);\" class=\"double-columns double-columns-reverse_colums_mobile wp-block-acf-double-columns has-background has-white-background-color has-global-padding is-layout-constrained wp-container-acf-double-columns-is-layout-11a66b1e wp-block-acf-double-columns-is-layout-constrained\"\t>\n\n<div class=\"double-columns__innerblocks\">\n\n<div class=\"wp-block-group is-vertical is-content-justification-stretch is-layout-flex wp-container-core-group-is-layout-a67fda00 wp-block-group-is-layout-flex\">\n<h3 class=\"wp-block-heading has-text-align-left\">Productos de limpieza <mark style=\"background-color:rgba(0, 0, 0, 0)\" class=\"has-inline-color has-secondary-color\">respetuosos con el medio ambiente <\/mark><\/h3>\n\n\n\n<details class=\"wp-block-details is-layout-flow wp-block-details-is-layout-flow\"><summary>Enfin, l\u2019entretien quotidien de l\u2019h\u00f4tel repose sur l\u2019utilisation de produits de nettoyage \u00e9co-labellis\u00e9s. Ces produits sont choisis pour leur efficacit\u00e9 mais aussi pour leur impact r\u00e9duit sur l\u2019environnement et la sant\u00e9 des \u00e9quipes qui les utilisent. Nous avons dit \u201cau revoir\u201d aux substances telles que :&nbsp;<br><\/summary>\n<ul class=\"wp-block-list\">\n<li>amon\u00edaco<\/li>\n\n\n\n<li>disolventes petroqu\u00edmicos<\/li>\n\n\n\n<li>tintes sint\u00e9ticos<\/li>\n\n\n\n<li>fragancias artificiales<\/li>\n<\/ul>\n\n\n\n<p>Este planteamiento permite limitar la propagaci\u00f3n de sustancias qu\u00edmicas en el aire interior, las aguas residuales y las superficies del establecimiento.<\/p>\n<\/details>\n<\/div>\n\n\n\n<div class=\"wp-block-group is-layout-flow wp-block-group-is-layout-flow\">\n<figure class=\"wp-block-image size-full image-is-animate\"><img decoding=\"async\" width=\"1706\" height=\"2560\" src=\"https:\/\/globeetcecilhotel.com\/wp-content\/uploads\/sites\/2\/2025\/03\/hotel-responsable-rue-lyon-scaled.jpg\" alt=\"\" class=\"wp-image-1871\" style=\"aspect-ratio:3\/4;object-fit:cover\" srcset=\"https:\/\/globeetcecilhotel.com\/wp-content\/uploads\/sites\/2\/2025\/03\/hotel-responsable-rue-lyon-scaled.jpg 1706w, https:\/\/globeetcecilhotel.com\/wp-content\/uploads\/sites\/2\/2025\/03\/hotel-responsable-rue-lyon-200x300.jpg 200w, https:\/\/globeetcecilhotel.com\/wp-content\/uploads\/sites\/2\/2025\/03\/hotel-responsable-rue-lyon-682x1024.jpg 682w, https:\/\/globeetcecilhotel.com\/wp-content\/uploads\/sites\/2\/2025\/03\/hotel-responsable-rue-lyon-768x1152.jpg 768w, https:\/\/globeetcecilhotel.com\/wp-content\/uploads\/sites\/2\/2025\/03\/hotel-responsable-rue-lyon-1024x1536.jpg 1024w, https:\/\/globeetcecilhotel.com\/wp-content\/uploads\/sites\/2\/2025\/03\/hotel-responsable-rue-lyon-1365x2048.jpg 1365w\" sizes=\"(max-width: 1706px) 100vw, 1706px\" \/><\/figure>\n<\/div>\n\n<\/div>\n\n<\/section>\n","protected":false},"excerpt":{"rendered":"","protected":false},"author":2,"featured_media":0,"parent":3040,"menu_order":0,"comment_status":"closed","ping_status":"closed","template":"","meta":{"_acf_changed":false,"inline_featured_image":false,"footnotes":""},"class_list":["post-7853","page","type-page","status-publish","hentry"],"acf":[],"yoast_head":"<!-- This site is optimized with the Yoast SEO plugin v27.5 - https:\/\/yoast.com\/product\/yoast-seo-wordpress\/ -->\n<title>Consumo responsable - Globe Cecil<\/title>\n<meta name=\"robots\" content=\"index, follow, max-snippet:-1, max-image-preview:large, max-video-preview:-1\" \/>\n<link rel=\"canonical\" href=\"https:\/\/globeetcecilhotel.com\/es\/hotel-encanto-4-estrellas\/compromiso-rse-proposito\/consumo-responsable\/\" \/>\n<meta property=\"og:locale\" content=\"es_ES\" \/>\n<meta property=\"og:type\" content=\"article\" \/>\n<meta property=\"og:title\" content=\"Consumo responsable - Globe Cecil\" \/>\n<meta property=\"og:url\" content=\"https:\/\/globeetcecilhotel.com\/es\/hotel-encanto-4-estrellas\/compromiso-rse-proposito\/consumo-responsable\/\" \/>\n<meta property=\"og:site_name\" content=\"Globe Cecil\" \/>\n<meta property=\"article:modified_time\" content=\"2026-05-11T16:00:43+00:00\" \/>\n<meta property=\"og:image\" content=\"https:\/\/globeetcecilhotel.com\/wp-content\/uploads\/sites\/2\/2025\/03\/hotel-ecologique-lyon.jpg\" \/>\n<meta name=\"twitter:card\" content=\"summary_large_image\" \/>\n<meta name=\"twitter:label1\" content=\"Tiempo de lectura\" \/>\n\t<meta name=\"twitter:data1\" content=\"3 minuto\" \/>\n<script type=\"application\/ld+json\" class=\"yoast-schema-graph\">{\"@context\":\"https:\\\/\\\/schema.org\",\"@graph\":[{\"@type\":\"WebPage\",\"@id\":\"https:\\\/\\\/globeetcecilhotel.com\\\/es\\\/hotel-encanto-4-estrellas\\\/compromiso-rse-proposito\\\/consumo-responsable\\\/\",\"url\":\"https:\\\/\\\/globeetcecilhotel.com\\\/es\\\/hotel-encanto-4-estrellas\\\/compromiso-rse-proposito\\\/consumo-responsable\\\/\",\"name\":\"Consumo responsable - Globe Cecil\",\"isPartOf\":{\"@id\":\"https:\\\/\\\/globeetcecilhotel.com\\\/es\\\/#website\"},\"primaryImageOfPage\":{\"@id\":\"https:\\\/\\\/globeetcecilhotel.com\\\/es\\\/hotel-encanto-4-estrellas\\\/compromiso-rse-proposito\\\/consumo-responsable\\\/#primaryimage\"},\"image\":{\"@id\":\"https:\\\/\\\/globeetcecilhotel.com\\\/es\\\/hotel-encanto-4-estrellas\\\/compromiso-rse-proposito\\\/consumo-responsable\\\/#primaryimage\"},\"thumbnailUrl\":\"https:\\\/\\\/globeetcecilhotel.com\\\/wp-content\\\/uploads\\\/sites\\\/2\\\/2025\\\/03\\\/hotel-ecologique-lyon.jpg\",\"datePublished\":\"2026-04-07T14:57:44+00:00\",\"dateModified\":\"2026-05-11T16:00:43+00:00\",\"breadcrumb\":{\"@id\":\"https:\\\/\\\/globeetcecilhotel.com\\\/es\\\/hotel-encanto-4-estrellas\\\/compromiso-rse-proposito\\\/consumo-responsable\\\/#breadcrumb\"},\"inLanguage\":\"es\",\"potentialAction\":[{\"@type\":\"ReadAction\",\"target\":[\"https:\\\/\\\/globeetcecilhotel.com\\\/es\\\/hotel-encanto-4-estrellas\\\/compromiso-rse-proposito\\\/consumo-responsable\\\/\"]}]},{\"@type\":\"ImageObject\",\"inLanguage\":\"es\",\"@id\":\"https:\\\/\\\/globeetcecilhotel.com\\\/es\\\/hotel-encanto-4-estrellas\\\/compromiso-rse-proposito\\\/consumo-responsable\\\/#primaryimage\",\"url\":\"https:\\\/\\\/globeetcecilhotel.com\\\/wp-content\\\/uploads\\\/sites\\\/2\\\/2025\\\/03\\\/hotel-ecologique-lyon.jpg\",\"contentUrl\":\"https:\\\/\\\/globeetcecilhotel.com\\\/wp-content\\\/uploads\\\/sites\\\/2\\\/2025\\\/03\\\/hotel-ecologique-lyon.jpg\"},{\"@type\":\"BreadcrumbList\",\"@id\":\"https:\\\/\\\/globeetcecilhotel.com\\\/es\\\/hotel-encanto-4-estrellas\\\/compromiso-rse-proposito\\\/consumo-responsable\\\/#breadcrumb\",\"itemListElement\":[{\"@type\":\"ListItem\",\"position\":1,\"name\":\"Accueil\",\"item\":\"https:\\\/\\\/globeetcecilhotel.com\\\/es\\\/\"},{\"@type\":\"ListItem\",\"position\":2,\"name\":\"El hotel\",\"item\":\"https:\\\/\\\/globeetcecilhotel.com\\\/es\\\/hotel-encanto-4-estrellas\\\/\"},{\"@type\":\"ListItem\",\"position\":3,\"name\":\"Nuestros compromisos\",\"item\":\"https:\\\/\\\/globeetcecilhotel.com\\\/es\\\/hotel-encanto-4-estrellas\\\/compromiso-rse-proposito\\\/\"},{\"@type\":\"ListItem\",\"position\":4,\"name\":\"Consumo responsable\"}]},{\"@type\":\"WebSite\",\"@id\":\"https:\\\/\\\/globeetcecilhotel.com\\\/es\\\/#website\",\"url\":\"https:\\\/\\\/globeetcecilhotel.com\\\/es\\\/\",\"name\":\"Globe Cecil\",\"description\":\"H\u00f4tel 4 \u00e9toiles \u00e0 Lyon\",\"publisher\":{\"@id\":\"https:\\\/\\\/globeetcecilhotel.com\\\/es\\\/#organization\"},\"potentialAction\":[{\"@type\":\"SearchAction\",\"target\":{\"@type\":\"EntryPoint\",\"urlTemplate\":\"https:\\\/\\\/globeetcecilhotel.com\\\/es\\\/?s={search_term_string}\"},\"query-input\":{\"@type\":\"PropertyValueSpecification\",\"valueRequired\":true,\"valueName\":\"search_term_string\"}}],\"inLanguage\":\"es\"},{\"@type\":\"Organization\",\"@id\":\"https:\\\/\\\/globeetcecilhotel.com\\\/es\\\/#organization\",\"name\":\"Globe Cecil\",\"url\":\"https:\\\/\\\/globeetcecilhotel.com\\\/es\\\/\",\"logo\":{\"@type\":\"ImageObject\",\"inLanguage\":\"es\",\"@id\":\"https:\\\/\\\/globeetcecilhotel.com\\\/es\\\/#\\\/schema\\\/logo\\\/image\\\/\",\"url\":\"https:\\\/\\\/globeetcecilhotel.com\\\/wp-content\\\/uploads\\\/sites\\\/2\\\/2025\\\/03\\\/LOGO-Globe-et-Cecil.svg\",\"contentUrl\":\"https:\\\/\\\/globeetcecilhotel.com\\\/wp-content\\\/uploads\\\/sites\\\/2\\\/2025\\\/03\\\/LOGO-Globe-et-Cecil.svg\",\"width\":108,\"height\":44,\"caption\":\"Globe Cecil\"},\"image\":{\"@id\":\"https:\\\/\\\/globeetcecilhotel.com\\\/es\\\/#\\\/schema\\\/logo\\\/image\\\/\"}}]}<\/script>\n<!-- \/ Yoast SEO plugin. -->","yoast_head_json":{"title":"Consumo responsable - Globe Cecil","robots":{"index":"index","follow":"follow","max-snippet":"max-snippet:-1","max-image-preview":"max-image-preview:large","max-video-preview":"max-video-preview:-1"},"canonical":"https:\/\/globeetcecilhotel.com\/es\/hotel-encanto-4-estrellas\/compromiso-rse-proposito\/consumo-responsable\/","og_locale":"es_ES","og_type":"article","og_title":"Consumo responsable - Globe Cecil","og_url":"https:\/\/globeetcecilhotel.com\/es\/hotel-encanto-4-estrellas\/compromiso-rse-proposito\/consumo-responsable\/","og_site_name":"Globe Cecil","article_modified_time":"2026-05-11T16:00:43+00:00","og_image":[{"url":"https:\/\/globeetcecilhotel.com\/wp-content\/uploads\/sites\/2\/2025\/03\/hotel-ecologique-lyon.jpg","type":"","width":"","height":""}],"twitter_card":"summary_large_image","twitter_misc":{"Tiempo de lectura":"3 minuto"},"schema":{"@context":"https:\/\/schema.org","@graph":[{"@type":"WebPage","@id":"https:\/\/globeetcecilhotel.com\/es\/hotel-encanto-4-estrellas\/compromiso-rse-proposito\/consumo-responsable\/","url":"https:\/\/globeetcecilhotel.com\/es\/hotel-encanto-4-estrellas\/compromiso-rse-proposito\/consumo-responsable\/","name":"Consumo responsable - Globe Cecil","isPartOf":{"@id":"https:\/\/globeetcecilhotel.com\/es\/#website"},"primaryImageOfPage":{"@id":"https:\/\/globeetcecilhotel.com\/es\/hotel-encanto-4-estrellas\/compromiso-rse-proposito\/consumo-responsable\/#primaryimage"},"image":{"@id":"https:\/\/globeetcecilhotel.com\/es\/hotel-encanto-4-estrellas\/compromiso-rse-proposito\/consumo-responsable\/#primaryimage"},"thumbnailUrl":"https:\/\/globeetcecilhotel.com\/wp-content\/uploads\/sites\/2\/2025\/03\/hotel-ecologique-lyon.jpg","datePublished":"2026-04-07T14:57:44+00:00","dateModified":"2026-05-11T16:00:43+00:00","breadcrumb":{"@id":"https:\/\/globeetcecilhotel.com\/es\/hotel-encanto-4-estrellas\/compromiso-rse-proposito\/consumo-responsable\/#breadcrumb"},"inLanguage":"es","potentialAction":[{"@type":"ReadAction","target":["https:\/\/globeetcecilhotel.com\/es\/hotel-encanto-4-estrellas\/compromiso-rse-proposito\/consumo-responsable\/"]}]},{"@type":"ImageObject","inLanguage":"es","@id":"https:\/\/globeetcecilhotel.com\/es\/hotel-encanto-4-estrellas\/compromiso-rse-proposito\/consumo-responsable\/#primaryimage","url":"https:\/\/globeetcecilhotel.com\/wp-content\/uploads\/sites\/2\/2025\/03\/hotel-ecologique-lyon.jpg","contentUrl":"https:\/\/globeetcecilhotel.com\/wp-content\/uploads\/sites\/2\/2025\/03\/hotel-ecologique-lyon.jpg"},{"@type":"BreadcrumbList","@id":"https:\/\/globeetcecilhotel.com\/es\/hotel-encanto-4-estrellas\/compromiso-rse-proposito\/consumo-responsable\/#breadcrumb","itemListElement":[{"@type":"ListItem","position":1,"name":"Accueil","item":"https:\/\/globeetcecilhotel.com\/es\/"},{"@type":"ListItem","position":2,"name":"El hotel","item":"https:\/\/globeetcecilhotel.com\/es\/hotel-encanto-4-estrellas\/"},{"@type":"ListItem","position":3,"name":"Nuestros compromisos","item":"https:\/\/globeetcecilhotel.com\/es\/hotel-encanto-4-estrellas\/compromiso-rse-proposito\/"},{"@type":"ListItem","position":4,"name":"Consumo responsable"}]},{"@type":"WebSite","@id":"https:\/\/globeetcecilhotel.com\/es\/#website","url":"https:\/\/globeetcecilhotel.com\/es\/","name":"Globe Cecil","description":"H\u00f4tel 4 \u00e9toiles \u00e0 Lyon","publisher":{"@id":"https:\/\/globeetcecilhotel.com\/es\/#organization"},"potentialAction":[{"@type":"SearchAction","target":{"@type":"EntryPoint","urlTemplate":"https:\/\/globeetcecilhotel.com\/es\/?s={search_term_string}"},"query-input":{"@type":"PropertyValueSpecification","valueRequired":true,"valueName":"search_term_string"}}],"inLanguage":"es"},{"@type":"Organization","@id":"https:\/\/globeetcecilhotel.com\/es\/#organization","name":"Globe Cecil","url":"https:\/\/globeetcecilhotel.com\/es\/","logo":{"@type":"ImageObject","inLanguage":"es","@id":"https:\/\/globeetcecilhotel.com\/es\/#\/schema\/logo\/image\/","url":"https:\/\/globeetcecilhotel.com\/wp-content\/uploads\/sites\/2\/2025\/03\/LOGO-Globe-et-Cecil.svg","contentUrl":"https:\/\/globeetcecilhotel.com\/wp-content\/uploads\/sites\/2\/2025\/03\/LOGO-Globe-et-Cecil.svg","width":108,"height":44,"caption":"Globe Cecil"},"image":{"@id":"https:\/\/globeetcecilhotel.com\/es\/#\/schema\/logo\/image\/"}}]}},"_links":{"self":[{"href":"https:\/\/globeetcecilhotel.com\/es\/wp-json\/wp\/v2\/pages\/7853","targetHints":{"allow":["GET"]}}],"collection":[{"href":"https:\/\/globeetcecilhotel.com\/es\/wp-json\/wp\/v2\/pages"}],"about":[{"href":"https:\/\/globeetcecilhotel.com\/es\/wp-json\/wp\/v2\/types\/page"}],"author":[{"embeddable":true,"href":"https:\/\/globeetcecilhotel.com\/es\/wp-json\/wp\/v2\/users\/2"}],"replies":[{"embeddable":true,"href":"https:\/\/globeetcecilhotel.com\/es\/wp-json\/wp\/v2\/comments?post=7853"}],"version-history":[{"count":1,"href":"https:\/\/globeetcecilhotel.com\/es\/wp-json\/wp\/v2\/pages\/7853\/revisions"}],"predecessor-version":[{"id":7854,"href":"https:\/\/globeetcecilhotel.com\/es\/wp-json\/wp\/v2\/pages\/7853\/revisions\/7854"}],"up":[{"embeddable":true,"href":"https:\/\/globeetcecilhotel.com\/es\/wp-json\/wp\/v2\/pages\/3040"}],"wp:attachment":[{"href":"https:\/\/globeetcecilhotel.com\/es\/wp-json\/wp\/v2\/media?parent=7853"}],"curies":[{"name":"wp","href":"https:\/\/api.w.org\/{rel}","templated":true}]}}