{"id":7292,"date":"2026-04-07T10:18:32","date_gmt":"2026-04-07T08:18:32","guid":{"rendered":"https:\/\/globeetcecilhotel.com\/testimonianze-e-recensioni-dei-clienti\/"},"modified":"2026-05-11T19:04:37","modified_gmt":"2026-05-11T17:04:37","slug":"testimonianze-e-recensioni-dei-clienti","status":"publish","type":"page","link":"https:\/\/globeetcecilhotel.com\/it\/testimonianze-e-recensioni-dei-clienti\/","title":{"rendered":"Testimonianze e recensioni dei clienti"},"content":{"rendered":"\n<section class=\"heading wp-elements-642d061a243c4d300770b144db63aebc wp-elements-642d061a243c4d300770b144db63aebc wp-block-acf-heading has-text-color has-primary-color has-background has-white-100-background-color\">\n\t<div class=\"heading__container\">\n\t\t\t\t\t<div class=\"heading__background-picture\">\n\t\t\t\t<img decoding=\"async\" width=\"1620\" height=\"1080\" src=\"https:\/\/globeetcecilhotel.com\/wp-content\/uploads\/sites\/2\/2025\/04\/hotel-ecologique-lyon-engage.jpg\" class=\"attachment-full size-full\" alt=\"hotel ecologique lyon engage\" fetchpriority=\"high\" srcset=\"https:\/\/globeetcecilhotel.com\/wp-content\/uploads\/sites\/2\/2025\/04\/hotel-ecologique-lyon-engage.jpg 1620w, https:\/\/globeetcecilhotel.com\/wp-content\/uploads\/sites\/2\/2025\/04\/hotel-ecologique-lyon-engage-300x200.jpg 300w, https:\/\/globeetcecilhotel.com\/wp-content\/uploads\/sites\/2\/2025\/04\/hotel-ecologique-lyon-engage-1024x683.jpg 1024w, https:\/\/globeetcecilhotel.com\/wp-content\/uploads\/sites\/2\/2025\/04\/hotel-ecologique-lyon-engage-768x512.jpg 768w, https:\/\/globeetcecilhotel.com\/wp-content\/uploads\/sites\/2\/2025\/04\/hotel-ecologique-lyon-engage-1536x1024.jpg 1536w\" sizes=\"(max-width: 1620px) 100vw, 1620px\" \/>\t\t\t<\/div>\n\t\t\t\t<div class=\"heading__layout\">\n\t\t\t<div class=\"heading__content-wrapper has-white-100-background-color\">\n\t\t\t\t<div class=\"heading__content has-white-100-background-color\">\n\t\t\t\t\t\t\t\t\t<p id=\"breadcrumbs\"><span><span><a href=\"https:\/\/globeetcecilhotel.com\/it\/\">Accueil<\/a><\/span><\/span><\/p>\t\t\t\t\t\t\t\t\t<div class=\"acf-innerblocks-container\">\n\n<div class=\"wp-block-group heading-content-group is-layout-grid wp-container-core-group-is-layout-96b258e4 wp-block-group-is-layout-grid\">\n<h1 class=\"wp-block-heading has-text-align-left heading__title has-primary-color has-text-color has-xx-large-font-size wp-container-content-32a3e683\">Testimonianze e recensioni dei clienti<\/h1>\n<\/div>\n\n<\/div>\n\t\t\t\t<\/div>\n\t\t\t\t\t\t\t\t<div class=\"heading__illustration illustration-with-parallax desktop-only\">\n\t\t\t\t\t<img decoding=\"async\" width=\"350\" height=\"350\" src=\"https:\/\/globeetcecilhotel.com\/wp-content\/uploads\/sites\/2\/2025\/04\/ENCRIER.png\" class=\"attachment-full size-full\" alt=\"ENCRIER\" fetchpriority=\"high\" srcset=\"https:\/\/globeetcecilhotel.com\/wp-content\/uploads\/sites\/2\/2025\/04\/ENCRIER.png 350w, https:\/\/globeetcecilhotel.com\/wp-content\/uploads\/sites\/2\/2025\/04\/ENCRIER-300x300.png 300w\" sizes=\"(max-width: 350px) 100vw, 350px\" \/>\t\t\t\t<\/div>\n\t\t\t\t\t\t\t<\/div>\n\t\t<\/div>\n\t<\/div>\n<\/section>\n\n\n\t<section\n\t\tstyle=\"padding-top:var(--wp--preset--spacing--theme-default);padding-bottom:var(--wp--preset--spacing--theme-default);\" class=\"block-container align wp-block-acf-block-container has-background has-white-background-color has-global-padding is-layout-constrained wp-container-acf-block-container-is-layout-084bfce5 wp-block-acf-block-container-is-layout-constrained\"\t>\n\n\t\n\n<div class=\"wp-block-group has-global-padding is-layout-constrained wp-container-core-group-is-layout-8f062365 wp-block-group-is-layout-constrained\">\n<h3 class=\"wp-block-heading has-text-align-left\">Testimonianze dei clienti<\/h3>\n\n\n\n<p>Perch\u00e9 non c&#8217;\u00e8 niente di meglio che leggere i vostri feedback, le vostre opinioni, i vostri commenti&#8230; Perch\u00e9 ogni soggiorno \u00e8 unico, ma tutti possono essere fonte di ispirazione per la vostra visita a Lione. I nostri clienti vi raccontano ancora meglio di noi!  <\/p>\n<\/div>\n\n\n\n<\/section>\n\n\t<section\n\t\tstyle=\"padding-top:0;padding-bottom:var(--wp--preset--spacing--theme-default);\" class=\"block-container align wp-block-acf-block-container has-background has-white-background-color has-global-padding is-layout-constrained wp-container-acf-block-container-is-layout-35adc3ed wp-block-acf-block-container-is-layout-constrained\"\t>\n\n\t\n\n<div class=\"wp-block-query alignwide has-global-padding is-layout-constrained wp-block-query-is-layout-constrained\"><ul class=\"columns-2 alignwide wp-block-post-template is-layout-grid wp-container-core-post-template-is-layout-d35acac1 wp-block-post-template-is-layout-grid\"><li class=\"wp-block-post post-7584 post type-post status-publish format-standard has-post-thumbnail hentry category-lione-romantica tag-testimonianze\">\n<figure style=\"aspect-ratio:16\/9; padding-top:0;padding-bottom:0;\" class=\"wp-block-post-featured-image\"><a href=\"https:\/\/globeetcecilhotel.com\/it\/quartiere-bellecour\/testimonianza-di-coppia\/\" target=\"_self\"  ><img decoding=\"async\" width=\"1620\" height=\"1080\" src=\"https:\/\/globeetcecilhotel.com\/wp-content\/uploads\/sites\/2\/2026\/03\/IMG_5530.jpg\" class=\"attachment-post-thumbnail size-post-thumbnail wp-post-image\" alt=\"Testimonianza di coppia\" style=\"width:100%;height:100%;object-fit:cover;\" srcset=\"https:\/\/globeetcecilhotel.com\/wp-content\/uploads\/sites\/2\/2026\/03\/IMG_5530.jpg 1620w, https:\/\/globeetcecilhotel.com\/wp-content\/uploads\/sites\/2\/2026\/03\/IMG_5530-600x400.jpg 600w, https:\/\/globeetcecilhotel.com\/wp-content\/uploads\/sites\/2\/2026\/03\/IMG_5530-1400x933.jpg 1400w, https:\/\/globeetcecilhotel.com\/wp-content\/uploads\/sites\/2\/2026\/03\/IMG_5530-768x512.jpg 768w, https:\/\/globeetcecilhotel.com\/wp-content\/uploads\/sites\/2\/2026\/03\/IMG_5530-1536x1024.jpg 1536w\" sizes=\"(max-width: 1620px) 100vw, 1620px\" \/><\/a><\/figure>\n\n<h3 class=\"wp-block-post-title\"><a href=\"https:\/\/globeetcecilhotel.com\/it\/quartiere-bellecour\/testimonianza-di-coppia\/\" target=\"_self\" >Testimonianza di coppia<\/a><\/h3>\n\n<div class=\"wp-block-post-excerpt has-x-small-font-size\"><p class=\"wp-block-post-excerpt__excerpt\">Un weekend romantico a Lione: Julien ha apprezzato la calda atmosfera, l&#8217;attenzione personalizzata e la posizione centrale del Globe &amp; Cecil. Leggete la sua intervista.<\/p><p class=\"wp-block-post-excerpt__more-text\"><a class=\"wp-block-post-excerpt__more-link\" href=\"https:\/\/globeetcecilhotel.com\/it\/quartiere-bellecour\/testimonianza-di-coppia\/\">Per saperne di pi\u00f9<\/a><\/p><\/div>\n<\/li><li class=\"wp-block-post post-7729 post type-post status-publish format-standard has-post-thumbnail hentry category-lione-come-famiglia tag-testimonianze\">\n<figure style=\"aspect-ratio:16\/9; padding-top:0;padding-bottom:0;\" class=\"wp-block-post-featured-image\"><a href=\"https:\/\/globeetcecilhotel.com\/it\/quartiere-bellecour\/testimonianza-di-una-famiglia\/\" target=\"_self\"  ><img decoding=\"async\" width=\"1620\" height=\"1080\" src=\"https:\/\/globeetcecilhotel.com\/wp-content\/uploads\/sites\/2\/2026\/03\/IMG_6610.jpg\" class=\"attachment-post-thumbnail size-post-thumbnail wp-post-image\" alt=\"Testimonianza di una famiglia\" style=\"width:100%;height:100%;object-fit:cover;\" srcset=\"https:\/\/globeetcecilhotel.com\/wp-content\/uploads\/sites\/2\/2026\/03\/IMG_6610.jpg 1620w, https:\/\/globeetcecilhotel.com\/wp-content\/uploads\/sites\/2\/2026\/03\/IMG_6610-600x400.jpg 600w, https:\/\/globeetcecilhotel.com\/wp-content\/uploads\/sites\/2\/2026\/03\/IMG_6610-1400x933.jpg 1400w, https:\/\/globeetcecilhotel.com\/wp-content\/uploads\/sites\/2\/2026\/03\/IMG_6610-768x512.jpg 768w, https:\/\/globeetcecilhotel.com\/wp-content\/uploads\/sites\/2\/2026\/03\/IMG_6610-1536x1024.jpg 1536w\" sizes=\"(max-width: 1620px) 100vw, 1620px\" \/><\/a><\/figure>\n\n<h3 class=\"wp-block-post-title\"><a href=\"https:\/\/globeetcecilhotel.com\/it\/quartiere-bellecour\/testimonianza-di-una-famiglia\/\" target=\"_self\" >Testimonianza di una famiglia<\/a><\/h3>\n\n<div class=\"wp-block-post-excerpt has-x-small-font-size\"><p class=\"wp-block-post-excerpt__excerpt\">Claire ha accettato di essere intervistata sul suo soggiorno a Lione con i suoi due bambini. Attivit\u00e0, organizzazione, buoni indirizzi. Questa mamma ci ha raccontato tutti i segreti di una vacanza in famiglia di successo!<\/p><p class=\"wp-block-post-excerpt__more-text\"><a class=\"wp-block-post-excerpt__more-link\" href=\"https:\/\/globeetcecilhotel.com\/it\/quartiere-bellecour\/testimonianza-di-una-famiglia\/\">Per saperne di pi\u00f9<\/a><\/p><\/div>\n<\/li><\/ul>\n\n<\/div>\n\n\n\n<\/section>\n","protected":false},"excerpt":{"rendered":"","protected":false},"author":2,"featured_media":0,"parent":3418,"menu_order":0,"comment_status":"closed","ping_status":"closed","template":"","meta":{"_acf_changed":false,"inline_featured_image":false,"footnotes":""},"class_list":["post-7292","page","type-page","status-publish","hentry"],"acf":[],"yoast_head":"<!-- This site is optimized with the Yoast SEO plugin v27.5 - https:\/\/yoast.com\/product\/yoast-seo-wordpress\/ -->\n<title>Testimonianze e recensioni dei clienti - Globe Cecil<\/title>\n<meta name=\"robots\" content=\"index, follow, max-snippet:-1, max-image-preview:large, max-video-preview:-1\" \/>\n<link rel=\"canonical\" href=\"https:\/\/globeetcecilhotel.com\/it\/testimonianze-e-recensioni-dei-clienti\/\" \/>\n<meta property=\"og:locale\" content=\"it_IT\" \/>\n<meta property=\"og:type\" content=\"article\" \/>\n<meta property=\"og:title\" content=\"Testimonianze e recensioni dei clienti - Globe Cecil\" \/>\n<meta property=\"og:url\" content=\"https:\/\/globeetcecilhotel.com\/it\/testimonianze-e-recensioni-dei-clienti\/\" \/>\n<meta property=\"og:site_name\" content=\"Globe Cecil\" \/>\n<meta property=\"article:modified_time\" content=\"2026-05-11T17:04:37+00:00\" \/>\n<meta name=\"twitter:card\" content=\"summary_large_image\" \/>\n<script type=\"application\/ld+json\" class=\"yoast-schema-graph\">{\"@context\":\"https:\\\/\\\/schema.org\",\"@graph\":[{\"@type\":\"WebPage\",\"@id\":\"https:\\\/\\\/globeetcecilhotel.com\\\/it\\\/testimonianze-e-recensioni-dei-clienti\\\/\",\"url\":\"https:\\\/\\\/globeetcecilhotel.com\\\/it\\\/testimonianze-e-recensioni-dei-clienti\\\/\",\"name\":\"Testimonianze e recensioni dei clienti - Globe Cecil\",\"isPartOf\":{\"@id\":\"https:\\\/\\\/globeetcecilhotel.com\\\/it\\\/#website\"},\"datePublished\":\"2026-04-07T08:18:32+00:00\",\"dateModified\":\"2026-05-11T17:04:37+00:00\",\"breadcrumb\":{\"@id\":\"https:\\\/\\\/globeetcecilhotel.com\\\/it\\\/testimonianze-e-recensioni-dei-clienti\\\/#breadcrumb\"},\"inLanguage\":\"it-IT\",\"potentialAction\":[{\"@type\":\"ReadAction\",\"target\":[\"https:\\\/\\\/globeetcecilhotel.com\\\/it\\\/testimonianze-e-recensioni-dei-clienti\\\/\"]}]},{\"@type\":\"BreadcrumbList\",\"@id\":\"https:\\\/\\\/globeetcecilhotel.com\\\/it\\\/testimonianze-e-recensioni-dei-clienti\\\/#breadcrumb\",\"itemListElement\":[{\"@type\":\"ListItem\",\"position\":1,\"name\":\"Accueil\",\"item\":\"https:\\\/\\\/globeetcecilhotel.com\\\/it\\\/\"},{\"@type\":\"ListItem\",\"position\":2,\"name\":\"L&rsquo;albergo\",\"item\":\"https:\\\/\\\/globeetcecilhotel.com\\\/it\\\/hotel-di-charme-4-stelle\\\/\"},{\"@type\":\"ListItem\",\"position\":3,\"name\":\"Testimonianze e recensioni dei clienti\"}]},{\"@type\":\"WebSite\",\"@id\":\"https:\\\/\\\/globeetcecilhotel.com\\\/it\\\/#website\",\"url\":\"https:\\\/\\\/globeetcecilhotel.com\\\/it\\\/\",\"name\":\"Globe Cecil\",\"description\":\"H\u00f4tel 4 \u00e9toiles \u00e0 Lyon\",\"publisher\":{\"@id\":\"https:\\\/\\\/globeetcecilhotel.com\\\/it\\\/#organization\"},\"potentialAction\":[{\"@type\":\"SearchAction\",\"target\":{\"@type\":\"EntryPoint\",\"urlTemplate\":\"https:\\\/\\\/globeetcecilhotel.com\\\/it\\\/?s={search_term_string}\"},\"query-input\":{\"@type\":\"PropertyValueSpecification\",\"valueRequired\":true,\"valueName\":\"search_term_string\"}}],\"inLanguage\":\"it-IT\"},{\"@type\":\"Organization\",\"@id\":\"https:\\\/\\\/globeetcecilhotel.com\\\/it\\\/#organization\",\"name\":\"Globe Cecil\",\"url\":\"https:\\\/\\\/globeetcecilhotel.com\\\/it\\\/\",\"logo\":{\"@type\":\"ImageObject\",\"inLanguage\":\"it-IT\",\"@id\":\"https:\\\/\\\/globeetcecilhotel.com\\\/it\\\/#\\\/schema\\\/logo\\\/image\\\/\",\"url\":\"https:\\\/\\\/globeetcecilhotel.com\\\/wp-content\\\/uploads\\\/sites\\\/2\\\/2025\\\/03\\\/LOGO-Globe-et-Cecil.svg\",\"contentUrl\":\"https:\\\/\\\/globeetcecilhotel.com\\\/wp-content\\\/uploads\\\/sites\\\/2\\\/2025\\\/03\\\/LOGO-Globe-et-Cecil.svg\",\"width\":108,\"height\":44,\"caption\":\"Globe Cecil\"},\"image\":{\"@id\":\"https:\\\/\\\/globeetcecilhotel.com\\\/it\\\/#\\\/schema\\\/logo\\\/image\\\/\"}}]}<\/script>\n<!-- \/ Yoast SEO plugin. -->","yoast_head_json":{"title":"Testimonianze e recensioni dei clienti - Globe Cecil","robots":{"index":"index","follow":"follow","max-snippet":"max-snippet:-1","max-image-preview":"max-image-preview:large","max-video-preview":"max-video-preview:-1"},"canonical":"https:\/\/globeetcecilhotel.com\/it\/testimonianze-e-recensioni-dei-clienti\/","og_locale":"it_IT","og_type":"article","og_title":"Testimonianze e recensioni dei clienti - Globe Cecil","og_url":"https:\/\/globeetcecilhotel.com\/it\/testimonianze-e-recensioni-dei-clienti\/","og_site_name":"Globe Cecil","article_modified_time":"2026-05-11T17:04:37+00:00","twitter_card":"summary_large_image","schema":{"@context":"https:\/\/schema.org","@graph":[{"@type":"WebPage","@id":"https:\/\/globeetcecilhotel.com\/it\/testimonianze-e-recensioni-dei-clienti\/","url":"https:\/\/globeetcecilhotel.com\/it\/testimonianze-e-recensioni-dei-clienti\/","name":"Testimonianze e recensioni dei clienti - Globe Cecil","isPartOf":{"@id":"https:\/\/globeetcecilhotel.com\/it\/#website"},"datePublished":"2026-04-07T08:18:32+00:00","dateModified":"2026-05-11T17:04:37+00:00","breadcrumb":{"@id":"https:\/\/globeetcecilhotel.com\/it\/testimonianze-e-recensioni-dei-clienti\/#breadcrumb"},"inLanguage":"it-IT","potentialAction":[{"@type":"ReadAction","target":["https:\/\/globeetcecilhotel.com\/it\/testimonianze-e-recensioni-dei-clienti\/"]}]},{"@type":"BreadcrumbList","@id":"https:\/\/globeetcecilhotel.com\/it\/testimonianze-e-recensioni-dei-clienti\/#breadcrumb","itemListElement":[{"@type":"ListItem","position":1,"name":"Accueil","item":"https:\/\/globeetcecilhotel.com\/it\/"},{"@type":"ListItem","position":2,"name":"L&rsquo;albergo","item":"https:\/\/globeetcecilhotel.com\/it\/hotel-di-charme-4-stelle\/"},{"@type":"ListItem","position":3,"name":"Testimonianze e recensioni dei clienti"}]},{"@type":"WebSite","@id":"https:\/\/globeetcecilhotel.com\/it\/#website","url":"https:\/\/globeetcecilhotel.com\/it\/","name":"Globe Cecil","description":"H\u00f4tel 4 \u00e9toiles \u00e0 Lyon","publisher":{"@id":"https:\/\/globeetcecilhotel.com\/it\/#organization"},"potentialAction":[{"@type":"SearchAction","target":{"@type":"EntryPoint","urlTemplate":"https:\/\/globeetcecilhotel.com\/it\/?s={search_term_string}"},"query-input":{"@type":"PropertyValueSpecification","valueRequired":true,"valueName":"search_term_string"}}],"inLanguage":"it-IT"},{"@type":"Organization","@id":"https:\/\/globeetcecilhotel.com\/it\/#organization","name":"Globe Cecil","url":"https:\/\/globeetcecilhotel.com\/it\/","logo":{"@type":"ImageObject","inLanguage":"it-IT","@id":"https:\/\/globeetcecilhotel.com\/it\/#\/schema\/logo\/image\/","url":"https:\/\/globeetcecilhotel.com\/wp-content\/uploads\/sites\/2\/2025\/03\/LOGO-Globe-et-Cecil.svg","contentUrl":"https:\/\/globeetcecilhotel.com\/wp-content\/uploads\/sites\/2\/2025\/03\/LOGO-Globe-et-Cecil.svg","width":108,"height":44,"caption":"Globe Cecil"},"image":{"@id":"https:\/\/globeetcecilhotel.com\/it\/#\/schema\/logo\/image\/"}}]}},"_links":{"self":[{"href":"https:\/\/globeetcecilhotel.com\/it\/wp-json\/wp\/v2\/pages\/7292","targetHints":{"allow":["GET"]}}],"collection":[{"href":"https:\/\/globeetcecilhotel.com\/it\/wp-json\/wp\/v2\/pages"}],"about":[{"href":"https:\/\/globeetcecilhotel.com\/it\/wp-json\/wp\/v2\/types\/page"}],"author":[{"embeddable":true,"href":"https:\/\/globeetcecilhotel.com\/it\/wp-json\/wp\/v2\/users\/2"}],"replies":[{"embeddable":true,"href":"https:\/\/globeetcecilhotel.com\/it\/wp-json\/wp\/v2\/comments?post=7292"}],"version-history":[{"count":11,"href":"https:\/\/globeetcecilhotel.com\/it\/wp-json\/wp\/v2\/pages\/7292\/revisions"}],"predecessor-version":[{"id":7806,"href":"https:\/\/globeetcecilhotel.com\/it\/wp-json\/wp\/v2\/pages\/7292\/revisions\/7806"}],"up":[{"embeddable":true,"href":"https:\/\/globeetcecilhotel.com\/it\/wp-json\/wp\/v2\/pages\/3418"}],"wp:attachment":[{"href":"https:\/\/globeetcecilhotel.com\/it\/wp-json\/wp\/v2\/media?parent=7292"}],"curies":[{"name":"wp","href":"https:\/\/api.w.org\/{rel}","templated":true}]}}