{"id":7824,"date":"2026-05-11T17:26:14","date_gmt":"2026-05-11T15:26:14","guid":{"rendered":"https:\/\/globeetcecilhotel.com\/mappa-del-sito\/"},"modified":"2026-05-11T17:30:24","modified_gmt":"2026-05-11T15:30:24","slug":"mappa-del-sito","status":"publish","type":"page","link":"https:\/\/globeetcecilhotel.com\/it\/mappa-del-sito\/","title":{"rendered":"Mappa del sito"},"content":{"rendered":"\n<section class=\"heading wp-elements-20561eab402beca25be35e79c75ed913 wp-elements-20561eab402beca25be35e79c75ed913 wp-block-acf-heading has-text-color has-primary-color has-background has-white-100-background-color\">\n\t<div class=\"heading__container\">\n\t\t\t\t\t<div class=\"heading__background-picture\">\n\t\t\t\t<img decoding=\"async\" width=\"1920\" height=\"1280\" src=\"https:\/\/globeetcecilhotel.com\/wp-content\/uploads\/sites\/2\/2025\/03\/meilleur-hotel-de-lyon-centre.jpg\" class=\"attachment-full size-full\" alt=\"meilleur hotel de lyon centre\" fetchpriority=\"high\" srcset=\"https:\/\/globeetcecilhotel.com\/wp-content\/uploads\/sites\/2\/2025\/03\/meilleur-hotel-de-lyon-centre.jpg 1920w, https:\/\/globeetcecilhotel.com\/wp-content\/uploads\/sites\/2\/2025\/03\/meilleur-hotel-de-lyon-centre-300x200.jpg 300w, https:\/\/globeetcecilhotel.com\/wp-content\/uploads\/sites\/2\/2025\/03\/meilleur-hotel-de-lyon-centre-1024x683.jpg 1024w, https:\/\/globeetcecilhotel.com\/wp-content\/uploads\/sites\/2\/2025\/03\/meilleur-hotel-de-lyon-centre-768x512.jpg 768w, https:\/\/globeetcecilhotel.com\/wp-content\/uploads\/sites\/2\/2025\/03\/meilleur-hotel-de-lyon-centre-1536x1024.jpg 1536w\" sizes=\"(max-width: 1920px) 100vw, 1920px\" \/>\t\t\t<\/div>\n\t\t\t\t<div class=\"heading__layout\">\n\t\t\t<div class=\"heading__content-wrapper has-white-100-background-color\">\n\t\t\t\t<div class=\"heading__content has-white-100-background-color\">\n\t\t\t\t\t\t\t\t\t<p id=\"breadcrumbs\"><span><span><a href=\"https:\/\/globeetcecilhotel.com\/it\/\">Accueil<\/a><\/span><\/span><\/p>\t\t\t\t\t\t\t\t\t<div class=\"acf-innerblocks-container\">\n\n<div class=\"wp-block-group heading-content-group is-layout-grid wp-container-core-group-is-layout-96b258e4 wp-block-group-is-layout-grid\">\n<h1 class=\"wp-block-heading has-text-align-left heading__title has-primary-color has-text-color has-xx-large-font-size wp-container-content-32a3e683\">Mappa del sito<\/h1>\n<\/div>\n\n<\/div>\n\t\t\t\t<\/div>\n\t\t\t\t\t\t\t\t<div class=\"heading__illustration illustration-with-parallax desktop-only\">\n\t\t\t\t\t<img decoding=\"async\" width=\"350\" height=\"350\" src=\"https:\/\/globeetcecilhotel.com\/wp-content\/uploads\/sites\/2\/2025\/04\/HORLOGE.png\" class=\"attachment-full size-full\" alt=\"HORLOGE\" fetchpriority=\"high\" srcset=\"https:\/\/globeetcecilhotel.com\/wp-content\/uploads\/sites\/2\/2025\/04\/HORLOGE.png 350w, https:\/\/globeetcecilhotel.com\/wp-content\/uploads\/sites\/2\/2025\/04\/HORLOGE-300x300.png 300w\" sizes=\"(max-width: 350px) 100vw, 350px\" \/>\t\t\t\t<\/div>\n\t\t\t\t\t\t\t<\/div>\n\t\t<\/div>\n\t<\/div>\n<\/section>\n\n\n\t<section\n\t\tstyle=\"padding-top:var(--wp--preset--spacing--theme-default);padding-bottom:var(--wp--preset--spacing--theme-default);\" class=\"block-container align wp-block-acf-block-container has-background has-white-background-color has-global-padding is-layout-constrained wp-block-acf-block-container-is-layout-constrained\"\t>\n\n\t\n\n<div class=\"wp-block-group is-layout-flow wp-block-group-is-layout-flow\"><div class=\"wsp-container\"><h2 class=\"wsp-pages-title\">Pagine<\/h2>\n<ul class=\"wsp-pages-list\">\n<li class=\"page_item page-item-3529\"><a href=\"https:\/\/globeetcecilhotel.com\/it\/\">Casa<\/a><\/li>\n<li class=\"page_item page-item-3563\"><a href=\"https:\/\/globeetcecilhotel.com\/it\/contatto\/\">Contatto<\/a><\/li>\n<li class=\"page_item page-item-3567\"><a href=\"https:\/\/globeetcecilhotel.com\/it\/domande-frequenti\/\">FAQ<\/a><\/li>\n<li class=\"page_item page-item-3497 current_page_parent\"><a href=\"https:\/\/globeetcecilhotel.com\/it\/quartiere-bellecour\/\">Il quartiere Bellecour<\/a><\/li>\n<li class=\"page_item page-item-3516\"><a href=\"https:\/\/globeetcecilhotel.com\/it\/ristorante-hotel-lione\/\">Il ristorante<\/a><\/li>\n<li class=\"page_item page-item-3382\"><a href=\"https:\/\/globeetcecilhotel.com\/it\/seminari-hotel-4-stelle\/\">Il vostro seminario<\/a><\/li>\n<li class=\"page_item page-item-5860\"><a href=\"https:\/\/globeetcecilhotel.com\/it\/informativa-sulla-privacy\/\">Informativa sulla privacy<\/a><\/li>\n<li class=\"page_item page-item-3373\"><a href=\"https:\/\/globeetcecilhotel.com\/it\/informazioni-legali\/\">Informazioni legali<\/a><\/li>\n<li class=\"page_item page-item-3418 page_item_has_children\"><a href=\"https:\/\/globeetcecilhotel.com\/it\/hotel-di-charme-4-stelle\/\">L&#8217;albergo<\/a>\n<ul class='children'>\n\t<li class=\"page_item page-item-3499 page_item_has_children\"><a href=\"https:\/\/globeetcecilhotel.com\/it\/hotel-di-charme-4-stelle\/impegno-rse-missione\/\">I nostri impegni<\/a>\n\t<ul class='children'>\n\t\t<li class=\"page_item page-item-7848\"><a href=\"https:\/\/globeetcecilhotel.com\/it\/hotel-di-charme-4-stelle\/impegno-rse-missione\/chiave-verde\/\">Chiave verde<\/a><\/li>\n\t\t<li class=\"page_item page-item-7855\"><a href=\"https:\/\/globeetcecilhotel.com\/it\/hotel-di-charme-4-stelle\/impegno-rse-missione\/consumo-responsabile\/\">Consumo responsabile<\/a><\/li>\n\t<\/ul>\n<\/li>\n\t<li class=\"page_item page-item-3986\"><a href=\"https:\/\/globeetcecilhotel.com\/it\/hotel-di-charme-4-stelle\/i-nostri-spazi\/\">I nostri spazi<\/a><\/li>\n\t<li class=\"page_item page-item-3482\"><a href=\"https:\/\/globeetcecilhotel.com\/it\/hotel-di-charme-4-stelle\/servizi-hotel-4-stelle\/\">I servizi<\/a><\/li>\n\t<li class=\"page_item page-item-3469\"><a href=\"https:\/\/globeetcecilhotel.com\/it\/hotel-di-charme-4-stelle\/presentazione-boutique-hotel\/\">La storia<\/a><\/li>\n\t<li class=\"page_item page-item-7371\"><a href=\"https:\/\/globeetcecilhotel.com\/it\/partenariati\/\">Partenariati<\/a><\/li>\n\t<li class=\"page_item page-item-3367\"><a href=\"https:\/\/globeetcecilhotel.com\/it\/hotel-di-charme-4-stelle\/centro-lione-bellecour\/\">Posizione<\/a><\/li>\n\t<li class=\"page_item page-item-7292\"><a href=\"https:\/\/globeetcecilhotel.com\/it\/testimonianze-e-recensioni-dei-clienti\/\">Testimonianze e recensioni dei clienti<\/a><\/li>\n<\/ul>\n<\/li>\n<li class=\"page_item page-item-3363\"><a href=\"https:\/\/globeetcecilhotel.com\/it\/camere-hotel-4-stelle\/\">Le camere<\/a><\/li>\n<li class=\"page_item page-item-6954\"><a href=\"https:\/\/globeetcecilhotel.com\/it\/elenco-delle-camere\/\">Libretto di benvenuto<\/a><\/li>\n<li class=\"page_item page-item-7824\"><a href=\"https:\/\/globeetcecilhotel.com\/it\/mappa-del-sito\/\">Mappa del sito<\/a><\/li>\n<li class=\"page_item page-item-3375\"><a href=\"https:\/\/globeetcecilhotel.com\/it\/offerte-miglior-prezzo-hotel-4-stelle\/\">Offerte attuali<\/a><\/li>\n<li class=\"page_item page-item-3565\"><a href=\"https:\/\/globeetcecilhotel.com\/it\/termini-e-condizioni-di-locazione\/\">Termini e condizioni di vendita<\/a><\/li>\n<\/ul>\n<h2 class=\"wsp-posts-title\">Articoli suddivisi per categoria<\/h2>\n<ul class=\"wsp-posts-list\">\n\t<li><strong class=\"wsp-category-title\">Category: <a href=\"https:\/\/globeetcecilhotel.com\/it\/le-quartier-bellecour\/gastronomia\/\">Gastronomia<\/a><\/strong>\n<ul class=\"wsp-posts-list\">\t\t<li class=\"wsp-post\"><a href=\"https:\/\/globeetcecilhotel.com\/it\/quartiere-bellecour\/idee-regalo-per-natale-a-lione-offrite-un-buono-per-un-ristorante-un-soggiorno-in-hotel-o-unesperienza-gastronomica\/\">Idee regalo per Natale a Lione: offrite un buono per un ristorante, un soggiorno in hotel o un&#8217;esperienza gastronomica<\/a> (03\/10\/2025)<\/li>\n\t\t<li class=\"wsp-post\"><a href=\"https:\/\/globeetcecilhotel.com\/it\/quartiere-bellecour\/i-nostri-3-indirizzi-di-street-food-preferiti-vicino-al-globe-e-al-cecil\/\">I nostri 3 indirizzi di street food preferiti vicino al Globe e al Cecil<\/a> (06\/03\/2025)<\/li>\n<\/ul><\/li>\n\t<li><strong class=\"wsp-category-title\">Category: <a href=\"https:\/\/globeetcecilhotel.com\/it\/le-quartier-bellecour\/lione-come-famiglia\/\">Lione come famiglia<\/a><\/strong>\n<ul class=\"wsp-posts-list\">\t\t<li class=\"wsp-post\"><a href=\"https:\/\/globeetcecilhotel.com\/it\/quartiere-bellecour\/cosa-si-puo-fare-a-lione-in-famiglia-con-bambini-dai-4-ai-7-anni\/\">Cosa si pu\u00f2 fare a Lione in famiglia con bambini dai 4 ai 7 anni?<\/a> (07\/04\/2026)<\/li>\n\t\t<li class=\"wsp-post\"><a href=\"https:\/\/globeetcecilhotel.com\/it\/quartiere-bellecour\/attivita-per-famiglie-a-lione-con-bambini-da-8-a-12-anni\/\">Attivit\u00e0 per famiglie a Lione con bambini da 8 a 12 anni<\/a> (07\/04\/2026)<\/li>\n\t\t<li class=\"wsp-post\"><a href=\"https:\/\/globeetcecilhotel.com\/it\/quartiere-bellecour\/guida-pratica-weekend-a-lione-con-un-bambino-da-0-a-3-anni\/\">Guida pratica: weekend a Lione con un bambino da 0 a 3 anni<\/a> (07\/04\/2026)<\/li>\n\t\t<li class=\"wsp-post\"><a href=\"https:\/\/globeetcecilhotel.com\/it\/quartiere-bellecour\/testimonianza-di-una-famiglia\/\">Testimonianza di una famiglia<\/a> (07\/04\/2026)<\/li>\n<\/ul><\/li>\n\t<li><strong class=\"wsp-category-title\">Category: <a href=\"https:\/\/globeetcecilhotel.com\/it\/le-quartier-bellecour\/lione-romantica\/\">Lione romantica<\/a><\/strong>\n<ul class=\"wsp-posts-list\">\t\t<li class=\"wsp-post\"><a href=\"https:\/\/globeetcecilhotel.com\/it\/quartiere-bellecour\/3-luoghi-per-godersi-un-tramonto-romantico-a-lione\/\">3 luoghi per godersi un tramonto romantico a Lione<\/a> (07\/04\/2026)<\/li>\n\t\t<li class=\"wsp-post\"><a href=\"https:\/\/globeetcecilhotel.com\/le-quartier-bellecour\/4-idee-per-attivita-romantiche-a-lione\/\">4 idee per attivit\u00e0 romantiche a Lione<\/a> (07\/04\/2026)<\/li>\n\t\t<li class=\"wsp-post\"><a href=\"https:\/\/globeetcecilhotel.com\/it\/quartiere-bellecour\/4-idee-per-attivita-romantiche-a-lione\/\">4 idee per attivit\u00e0 romantiche a Lione<\/a> (07\/04\/2026)<\/li>\n\t\t<li class=\"wsp-post\"><a href=\"https:\/\/globeetcecilhotel.com\/it\/quartiere-bellecour\/5-bar-in-cui-portare-il-proprio-amante-a-lione\/\">5 bar in cui portare il proprio amante a Lione<\/a> (07\/04\/2026)<\/li>\n\t\t<li class=\"wsp-post\"><a href=\"https:\/\/globeetcecilhotel.com\/it\/quartiere-bellecour\/i-ristoranti-piu-romantici-di-lione\/\">I ristoranti pi\u00f9 romantici di Lione<\/a> (07\/04\/2026)<\/li>\n\t\t<li class=\"wsp-post\"><a href=\"https:\/\/globeetcecilhotel.com\/it\/quartiere-bellecour\/testimonianza-di-coppia\/\">Testimonianza di coppia<\/a> (07\/04\/2026)<\/li>\n<\/ul><\/li>\n\t<li><strong class=\"wsp-category-title\">Category: <a href=\"https:\/\/globeetcecilhotel.com\/it\/le-quartier-bellecour\/visite-culturali\/\">Visita culturale<\/a><\/strong>\n<ul class=\"wsp-posts-list\">\t\t<li class=\"wsp-post\"><a href=\"https:\/\/globeetcecilhotel.com\/it\/quartiere-bellecour\/place-bellecour-una-tappa-obbligata-a-lione\/\">Place Bellecour: una tappa obbligata a Lione<\/a> (06\/03\/2025)<\/li>\n\t\t<li class=\"wsp-post\"><a href=\"https:\/\/globeetcecilhotel.com\/it\/quartiere-bellecour\/piazza-dei-giacobini-lione\/\">Piazza dei Giacobini Lione<\/a> (06\/03\/2025)<\/li>\n<\/ul><\/li>\n\t<li><strong class=\"wsp-category-title\">Category: <a href=\"https:\/\/globeetcecilhotel.com\/it\/le-quartier-bellecour\/vita-notturna-ed-eventi\/\">Vita notturna e festeggiamenti<\/a><\/strong>\n<ul class=\"wsp-posts-list\">\t\t<li class=\"wsp-post\"><a href=\"https:\/\/globeetcecilhotel.com\/it\/quartiere-bellecour\/i-nostri-3-indirizzi-di-street-food-preferiti-vicino-al-globe-e-al-cecil-2\/\">Bei bar per un drink vicino a Bellecour<\/a> (07\/10\/2025)<\/li>\n\t\t<li class=\"wsp-post\"><a href=\"https:\/\/globeetcecilhotel.com\/it\/quartiere-bellecour\/il-theatre-des-celestins\/\">Il Th\u00e9\u00e2tre des C\u00e9lestins<\/a> (06\/03\/2025)<\/li>\n<\/ul><\/li>\n<\/ul>\n<h2 class=\"wsp-bedrooms-title\">Camere<\/h2>\n<ul class=\"wsp-bedrooms-list\">\n<li><a href=\"https:\/\/globeetcecilhotel.com\/it\/camere-hotel-4-stelle\/triplo\/\">triplo<\/a><\/li>\n<li><a href=\"https:\/\/globeetcecilhotel.com\/it\/camere-hotel-4-stelle\/esperienza\/\">esperienza<\/a><\/li>\n<li><a href=\"https:\/\/globeetcecilhotel.com\/it\/camere-hotel-4-stelle\/classico\/\">classico<\/a><\/li>\n<li><a href=\"https:\/\/globeetcecilhotel.com\/it\/camere-hotel-4-stelle\/solo\/\">solo<\/a><\/li>\n<li><a href=\"https:\/\/globeetcecilhotel.com\/it\/camere-hotel-4-stelle\/singolo\/\">singolo<\/a><\/li>\n<li><a href=\"https:\/\/globeetcecilhotel.com\/it\/camere-hotel-4-stelle\/privilegio\/\">privilegio<\/a><\/li>\n<li><a href=\"https:\/\/globeetcecilhotel.com\/it\/camere-hotel-4-stelle\/superiore\/\">superiore<\/a><\/li>\n<\/ul>\n<\/div>\n<\/div>\n\n\n\n<\/section>\n","protected":false},"excerpt":{"rendered":"","protected":false},"author":2,"featured_media":0,"parent":0,"menu_order":0,"comment_status":"closed","ping_status":"closed","template":"","meta":{"_acf_changed":false,"inline_featured_image":false,"footnotes":""},"class_list":["post-7824","page","type-page","status-publish","hentry"],"acf":[],"yoast_head":"<!-- This site is optimized with the Yoast SEO plugin v27.5 - https:\/\/yoast.com\/product\/yoast-seo-wordpress\/ -->\n<title>Mappa del sito - Globe Cecil<\/title>\n<meta name=\"robots\" content=\"index, follow, max-snippet:-1, max-image-preview:large, max-video-preview:-1\" \/>\n<link rel=\"canonical\" href=\"https:\/\/globeetcecilhotel.com\/it\/mappa-del-sito\/\" \/>\n<meta property=\"og:locale\" content=\"it_IT\" \/>\n<meta property=\"og:type\" content=\"article\" \/>\n<meta property=\"og:title\" content=\"Mappa del sito - Globe Cecil\" \/>\n<meta property=\"og:url\" content=\"https:\/\/globeetcecilhotel.com\/it\/mappa-del-sito\/\" \/>\n<meta property=\"og:site_name\" content=\"Globe Cecil\" \/>\n<meta property=\"article:modified_time\" content=\"2026-05-11T15:30:24+00:00\" \/>\n<meta name=\"twitter:card\" content=\"summary_large_image\" \/>\n<script type=\"application\/ld+json\" class=\"yoast-schema-graph\">{\"@context\":\"https:\\\/\\\/schema.org\",\"@graph\":[{\"@type\":\"WebPage\",\"@id\":\"https:\\\/\\\/globeetcecilhotel.com\\\/it\\\/mappa-del-sito\\\/\",\"url\":\"https:\\\/\\\/globeetcecilhotel.com\\\/it\\\/mappa-del-sito\\\/\",\"name\":\"Mappa del sito - Globe Cecil\",\"isPartOf\":{\"@id\":\"https:\\\/\\\/globeetcecilhotel.com\\\/it\\\/#website\"},\"datePublished\":\"2026-05-11T15:26:14+00:00\",\"dateModified\":\"2026-05-11T15:30:24+00:00\",\"breadcrumb\":{\"@id\":\"https:\\\/\\\/globeetcecilhotel.com\\\/it\\\/mappa-del-sito\\\/#breadcrumb\"},\"inLanguage\":\"it-IT\",\"potentialAction\":[{\"@type\":\"ReadAction\",\"target\":[\"https:\\\/\\\/globeetcecilhotel.com\\\/it\\\/mappa-del-sito\\\/\"]}]},{\"@type\":\"BreadcrumbList\",\"@id\":\"https:\\\/\\\/globeetcecilhotel.com\\\/it\\\/mappa-del-sito\\\/#breadcrumb\",\"itemListElement\":[{\"@type\":\"ListItem\",\"position\":1,\"name\":\"Accueil\",\"item\":\"https:\\\/\\\/globeetcecilhotel.com\\\/it\\\/\"},{\"@type\":\"ListItem\",\"position\":2,\"name\":\"Mappa del sito\"}]},{\"@type\":\"WebSite\",\"@id\":\"https:\\\/\\\/globeetcecilhotel.com\\\/it\\\/#website\",\"url\":\"https:\\\/\\\/globeetcecilhotel.com\\\/it\\\/\",\"name\":\"Globe Cecil\",\"description\":\"H\u00f4tel 4 \u00e9toiles \u00e0 Lyon\",\"publisher\":{\"@id\":\"https:\\\/\\\/globeetcecilhotel.com\\\/it\\\/#organization\"},\"potentialAction\":[{\"@type\":\"SearchAction\",\"target\":{\"@type\":\"EntryPoint\",\"urlTemplate\":\"https:\\\/\\\/globeetcecilhotel.com\\\/it\\\/?s={search_term_string}\"},\"query-input\":{\"@type\":\"PropertyValueSpecification\",\"valueRequired\":true,\"valueName\":\"search_term_string\"}}],\"inLanguage\":\"it-IT\"},{\"@type\":\"Organization\",\"@id\":\"https:\\\/\\\/globeetcecilhotel.com\\\/it\\\/#organization\",\"name\":\"Globe Cecil\",\"url\":\"https:\\\/\\\/globeetcecilhotel.com\\\/it\\\/\",\"logo\":{\"@type\":\"ImageObject\",\"inLanguage\":\"it-IT\",\"@id\":\"https:\\\/\\\/globeetcecilhotel.com\\\/it\\\/#\\\/schema\\\/logo\\\/image\\\/\",\"url\":\"https:\\\/\\\/globeetcecilhotel.com\\\/wp-content\\\/uploads\\\/sites\\\/2\\\/2025\\\/03\\\/LOGO-Globe-et-Cecil.svg\",\"contentUrl\":\"https:\\\/\\\/globeetcecilhotel.com\\\/wp-content\\\/uploads\\\/sites\\\/2\\\/2025\\\/03\\\/LOGO-Globe-et-Cecil.svg\",\"width\":108,\"height\":44,\"caption\":\"Globe Cecil\"},\"image\":{\"@id\":\"https:\\\/\\\/globeetcecilhotel.com\\\/it\\\/#\\\/schema\\\/logo\\\/image\\\/\"}}]}<\/script>\n<!-- \/ Yoast SEO plugin. -->","yoast_head_json":{"title":"Mappa del sito - Globe Cecil","robots":{"index":"index","follow":"follow","max-snippet":"max-snippet:-1","max-image-preview":"max-image-preview:large","max-video-preview":"max-video-preview:-1"},"canonical":"https:\/\/globeetcecilhotel.com\/it\/mappa-del-sito\/","og_locale":"it_IT","og_type":"article","og_title":"Mappa del sito - Globe Cecil","og_url":"https:\/\/globeetcecilhotel.com\/it\/mappa-del-sito\/","og_site_name":"Globe Cecil","article_modified_time":"2026-05-11T15:30:24+00:00","twitter_card":"summary_large_image","schema":{"@context":"https:\/\/schema.org","@graph":[{"@type":"WebPage","@id":"https:\/\/globeetcecilhotel.com\/it\/mappa-del-sito\/","url":"https:\/\/globeetcecilhotel.com\/it\/mappa-del-sito\/","name":"Mappa del sito - Globe Cecil","isPartOf":{"@id":"https:\/\/globeetcecilhotel.com\/it\/#website"},"datePublished":"2026-05-11T15:26:14+00:00","dateModified":"2026-05-11T15:30:24+00:00","breadcrumb":{"@id":"https:\/\/globeetcecilhotel.com\/it\/mappa-del-sito\/#breadcrumb"},"inLanguage":"it-IT","potentialAction":[{"@type":"ReadAction","target":["https:\/\/globeetcecilhotel.com\/it\/mappa-del-sito\/"]}]},{"@type":"BreadcrumbList","@id":"https:\/\/globeetcecilhotel.com\/it\/mappa-del-sito\/#breadcrumb","itemListElement":[{"@type":"ListItem","position":1,"name":"Accueil","item":"https:\/\/globeetcecilhotel.com\/it\/"},{"@type":"ListItem","position":2,"name":"Mappa del sito"}]},{"@type":"WebSite","@id":"https:\/\/globeetcecilhotel.com\/it\/#website","url":"https:\/\/globeetcecilhotel.com\/it\/","name":"Globe Cecil","description":"H\u00f4tel 4 \u00e9toiles \u00e0 Lyon","publisher":{"@id":"https:\/\/globeetcecilhotel.com\/it\/#organization"},"potentialAction":[{"@type":"SearchAction","target":{"@type":"EntryPoint","urlTemplate":"https:\/\/globeetcecilhotel.com\/it\/?s={search_term_string}"},"query-input":{"@type":"PropertyValueSpecification","valueRequired":true,"valueName":"search_term_string"}}],"inLanguage":"it-IT"},{"@type":"Organization","@id":"https:\/\/globeetcecilhotel.com\/it\/#organization","name":"Globe Cecil","url":"https:\/\/globeetcecilhotel.com\/it\/","logo":{"@type":"ImageObject","inLanguage":"it-IT","@id":"https:\/\/globeetcecilhotel.com\/it\/#\/schema\/logo\/image\/","url":"https:\/\/globeetcecilhotel.com\/wp-content\/uploads\/sites\/2\/2025\/03\/LOGO-Globe-et-Cecil.svg","contentUrl":"https:\/\/globeetcecilhotel.com\/wp-content\/uploads\/sites\/2\/2025\/03\/LOGO-Globe-et-Cecil.svg","width":108,"height":44,"caption":"Globe Cecil"},"image":{"@id":"https:\/\/globeetcecilhotel.com\/it\/#\/schema\/logo\/image\/"}}]}},"_links":{"self":[{"href":"https:\/\/globeetcecilhotel.com\/it\/wp-json\/wp\/v2\/pages\/7824","targetHints":{"allow":["GET"]}}],"collection":[{"href":"https:\/\/globeetcecilhotel.com\/it\/wp-json\/wp\/v2\/pages"}],"about":[{"href":"https:\/\/globeetcecilhotel.com\/it\/wp-json\/wp\/v2\/types\/page"}],"author":[{"embeddable":true,"href":"https:\/\/globeetcecilhotel.com\/it\/wp-json\/wp\/v2\/users\/2"}],"replies":[{"embeddable":true,"href":"https:\/\/globeetcecilhotel.com\/it\/wp-json\/wp\/v2\/comments?post=7824"}],"version-history":[{"count":3,"href":"https:\/\/globeetcecilhotel.com\/it\/wp-json\/wp\/v2\/pages\/7824\/revisions"}],"predecessor-version":[{"id":7835,"href":"https:\/\/globeetcecilhotel.com\/it\/wp-json\/wp\/v2\/pages\/7824\/revisions\/7835"}],"wp:attachment":[{"href":"https:\/\/globeetcecilhotel.com\/it\/wp-json\/wp\/v2\/media?parent=7824"}],"curies":[{"name":"wp","href":"https:\/\/api.w.org\/{rel}","templated":true}]}}