{"id":7848,"date":"2026-04-07T14:46:14","date_gmt":"2026-04-07T12:46:14","guid":{"rendered":"https:\/\/globeetcecilhotel.com\/hotel-di-charme-4-stelle\/impegno-rse-missione\/chiave-verde\/"},"modified":"2026-05-11T18:00:43","modified_gmt":"2026-05-11T16:00:43","slug":"chiave-verde","status":"publish","type":"page","link":"https:\/\/globeetcecilhotel.com\/it\/hotel-di-charme-4-stelle\/impegno-rse-missione\/chiave-verde\/","title":{"rendered":"Chiave verde"},"content":{"rendered":"\n<section class=\"heading wp-elements-ed5f7f765fb7935d47bec48127a4d80a wp-elements-ed5f7f765fb7935d47bec48127a4d80a wp-block-acf-heading has-text-color has-primary-color has-background has-white-100-background-color\">\n\t<div class=\"heading__container\">\n\t\t\t\t\t<div class=\"heading__background-picture\">\n\t\t\t\t<img decoding=\"async\" width=\"1920\" height=\"1280\" src=\"https:\/\/globeetcecilhotel.com\/wp-content\/uploads\/sites\/2\/2025\/03\/chambre-classique-lyon-bellecour.jpg\" class=\"attachment-full size-full\" alt=\"chambre classique lyon bellecour\" fetchpriority=\"high\" srcset=\"https:\/\/globeetcecilhotel.com\/wp-content\/uploads\/sites\/2\/2025\/03\/chambre-classique-lyon-bellecour.jpg 1920w, https:\/\/globeetcecilhotel.com\/wp-content\/uploads\/sites\/2\/2025\/03\/chambre-classique-lyon-bellecour-300x200.jpg 300w, https:\/\/globeetcecilhotel.com\/wp-content\/uploads\/sites\/2\/2025\/03\/chambre-classique-lyon-bellecour-1024x683.jpg 1024w, https:\/\/globeetcecilhotel.com\/wp-content\/uploads\/sites\/2\/2025\/03\/chambre-classique-lyon-bellecour-768x512.jpg 768w, https:\/\/globeetcecilhotel.com\/wp-content\/uploads\/sites\/2\/2025\/03\/chambre-classique-lyon-bellecour-1536x1024.jpg 1536w\" sizes=\"(max-width: 1920px) 100vw, 1920px\" \/>\t\t\t<\/div>\n\t\t\t\t<div class=\"heading__layout\">\n\t\t\t<div class=\"heading__content-wrapper has-white-100-background-color\">\n\t\t\t\t<div class=\"heading__content has-white-100-background-color\">\n\t\t\t\t\t\t\t\t\t<p id=\"breadcrumbs\"><span><span><a href=\"https:\/\/globeetcecilhotel.com\/it\/\">Accueil<\/a><\/span><\/span><\/p>\t\t\t\t\t\t\t\t\t<div class=\"acf-innerblocks-container\">\n\n<div class=\"wp-block-group heading-content-group is-layout-grid wp-container-core-group-is-layout-96b258e4 wp-block-group-is-layout-grid\">\n<h1 class=\"wp-block-heading has-text-align-left heading__title has-primary-color has-text-color has-xx-large-font-size\">Il marchio Clef Verte: ospitare con coscienza, alla maniera di Lione<\/h1>\n<\/div>\n\n<\/div>\n\t\t\t\t<\/div>\n\t\t\t\t\t\t\t<\/div>\n\t\t<\/div>\n\t<\/div>\n<\/section>\n\n\n\t<section\n\t\tstyle=\"padding-top:var(--wp--preset--spacing--theme-default);padding-bottom:var(--wp--preset--spacing--theme-default);\" class=\"block-container align wp-block-acf-block-container has-background has-white-background-color has-global-padding is-layout-constrained wp-container-acf-block-container-is-layout-89924dea wp-block-acf-block-container-is-layout-constrained\"\t>\n\n\t\n\n<div class=\"wp-block-group is-layout-flow wp-block-group-is-layout-flow\">\n<div class=\"wp-block-group is-vertical is-content-justification-center is-layout-flex wp-container-core-group-is-layout-c9b563f4 wp-block-group-is-layout-flex\" style=\"padding-top:0;padding-right:0;padding-bottom:var(--wp--preset--spacing--theme-m);padding-left:0\">\n<figure class=\"wp-block-image size-large is-resized\"><img decoding=\"async\" width=\"888\" height=\"1024\" src=\"https:\/\/globeetcecilhotel.com\/wp-content\/uploads\/sites\/2\/2025\/04\/logo-cv-hd-18-web-888x1024.jpg\" alt=\"\" class=\"wp-image-2458\" style=\"width:100px\" srcset=\"https:\/\/globeetcecilhotel.com\/wp-content\/uploads\/sites\/2\/2025\/04\/logo-cv-hd-18-web-888x1024.jpg 888w, https:\/\/globeetcecilhotel.com\/wp-content\/uploads\/sites\/2\/2025\/04\/logo-cv-hd-18-web-260x300.jpg 260w, https:\/\/globeetcecilhotel.com\/wp-content\/uploads\/sites\/2\/2025\/04\/logo-cv-hd-18-web-768x886.jpg 768w, https:\/\/globeetcecilhotel.com\/wp-content\/uploads\/sites\/2\/2025\/04\/logo-cv-hd-18-web.jpg 1024w\" sizes=\"(max-width: 888px) 100vw, 888px\" \/><\/figure>\n<\/div>\n\n\n\n<p class=\"has-large-font-size\">Creato negli anni &#8217;90 e oggi presente in decine di Paesi, il programma Clef Verte \u00e8 uno dei marchi ambientali pi\u00f9 riconosciuti nel settore turistico, insieme a Green Globe, EU Ecolabel, Green Key, EarthchecK e ATR.  <\/p>\n\n\n\n<p>Il suo obiettivo \u00e8 semplice: incoraggiare le strutture a ridurre l&#8217;impatto ambientale mantenendo un livello di accoglienza e comfort impeccabile. Per ottenere questa distinzione, un hotel deve soddisfare specifiche esigenti che riguardano l&#8217;intero funzionamento. Gli standard comprendono circa 100-120 criteri suddivisi in diversi temi.  <\/p>\n<\/div>\n\n\n\n<\/section>\n\n<section class=\"content wp-block-acf-content has-background has-white-background-color\">\n\t<div class=\"content__container\">\n\t\t\t\t\t<div class=\"content__background-picture\">\n\t\t\t\t<img decoding=\"async\" width=\"1920\" height=\"1280\" src=\"https:\/\/globeetcecilhotel.com\/wp-content\/uploads\/sites\/2\/2025\/03\/hotel-4-etoiles-lyon.jpg\" class=\"attachment-full size-full\" alt=\"hotel 4 etoiles lyon\" srcset=\"https:\/\/globeetcecilhotel.com\/wp-content\/uploads\/sites\/2\/2025\/03\/hotel-4-etoiles-lyon.jpg 1920w, https:\/\/globeetcecilhotel.com\/wp-content\/uploads\/sites\/2\/2025\/03\/hotel-4-etoiles-lyon-300x200.jpg 300w, https:\/\/globeetcecilhotel.com\/wp-content\/uploads\/sites\/2\/2025\/03\/hotel-4-etoiles-lyon-1024x683.jpg 1024w, https:\/\/globeetcecilhotel.com\/wp-content\/uploads\/sites\/2\/2025\/03\/hotel-4-etoiles-lyon-768x512.jpg 768w, https:\/\/globeetcecilhotel.com\/wp-content\/uploads\/sites\/2\/2025\/03\/hotel-4-etoiles-lyon-1536x1024.jpg 1536w\" sizes=\"(max-width: 1920px) 100vw, 1920px\" \/>\t\t\t<\/div>\n\t\t\t\t<div class=\"content__layout\">\n\t\t\t<div class=\"content__content-wrapper has-white-background-color\">\n\t\t\t\t<div class=\"content__content has-white-background-color\">\n\t\t\t\t\t\t\t\t\t<div class=\"acf-innerblocks-container\">\n\n<div class=\"wp-block-group content-content-group is-layout-grid wp-container-core-group-is-layout-96b258e4 wp-block-group-is-layout-grid\">\n<h2 class=\"wp-block-heading has-text-align-left content__title has-primary-color has-text-color wp-container-content-32a3e683\">A Lione, l&#8217;<mark style=\"background-color:rgba(0, 0, 0, 0)\" class=\"has-inline-color has-secondary-color\">ospitalit\u00e0 <\/mark>\u00e8 una cosa seria.  <\/h2>\n\n\n\n<p class=\"wp-container-content-32a3e683\">Gli albergatori della citt\u00e0 hanno sempre saputo che un&#8217;accoglienza calorosa non significa solo una camera confortevole o un sorriso alla reception. Si tratta anche di prendersi cura della casa, del quartiere e di coloro che verranno dopo di noi. Questo \u00e8 esattamente lo spirito che sta alla base del marchio Green Key, a cui l&#8217;H\u00f4tel Globe &amp; Cecil \u00e8 associato.  <\/p>\n<\/div>\n\n<\/div>\n\t\t\t\t<\/div>\n\t\t\t\t\t\t\t<\/div>\n\t\t<\/div>\n\t<\/div>\n<\/section>\n\n\n\t<section\n\t\tstyle=\"padding-top:var(--wp--preset--spacing--theme-default);padding-bottom:var(--wp--preset--spacing--theme-default);\" class=\"block-container align wp-block-acf-block-container has-background has-white-100-background-color has-global-padding is-layout-constrained wp-container-acf-block-container-is-layout-89924dea wp-block-acf-block-container-is-layout-constrained\"\t>\n\n\t\n\n<div class=\"wp-block-group is-layout-flow wp-block-group-is-layout-flow\">\n<h2 class=\"wp-block-heading has-text-align-left\">I criteri sono organizzati in <mark style=\"background-color:rgba(0, 0, 0, 0)\" class=\"has-inline-color has-secondary-color\">5<\/mark> aree principali di gestione sostenibile:<\/h2>\n\n\n\n<section id=\"\" class=\"align wp-block-acf-faq\">\n\t\n\t\t<div class=\"faq\">\n\t\t\t\t<div class=\"faq__item\">\n\t\t\t<div class=\"faq__question\" data-index=\"0\">\n\t\t\t\t<span class=\"faq__question-text \">1- Politica ambientale<\/span>\n\t\t\t<\/div>\n\t\t\t<div class=\"faq__answer\">\n\t\t\t\t<ul data-start=\"307\" data-end=\"410\">\n<li data-section-id=\"1r8hqae\" data-start=\"307\" data-end=\"410\">Definire e attuare strategie per limitare l&#8217;impatto ambientale della struttura.<\/li>\n<\/ul>\n\t\t\t<\/div>\n\t\t\t<svg class=\"faq__toggle-icon\" xmlns=\"http:\/\/www.w3.org\/2000\/svg\" width=\"16\" height=\"10\" viewBox=\"0 0 16 10\"\n\t\t\t\tfill=\"none\">\n\t\t\t\t<path d=\"M15 1L8 8L1 0.999999\" stroke=\"#3C3B3A\" stroke-width=\"2\" \/>\n\t\t\t<\/svg>\n\t\t<\/div>\n\t\t\t\t<div class=\"faq__item\">\n\t\t\t<div class=\"faq__question\" data-index=\"1\">\n\t\t\t\t<span class=\"faq__question-text \">2- Sensibilizzazione dei clienti<\/span>\n\t\t\t<\/div>\n\t\t\t<div class=\"faq__answer\">\n\t\t\t\t<ul data-start=\"452\" data-end=\"592\">\n<li data-section-id=\"tcdvlq\" data-start=\"452\" data-end=\"592\">Coinvolgere i viaggiatori nell&#8217;approccio ecologico: riutilizzo degli asciugamani, gesti di risparmio energetico, scoperta di iniziative locali.<\/li>\n<\/ul>\n\t\t\t<\/div>\n\t\t\t<svg class=\"faq__toggle-icon\" xmlns=\"http:\/\/www.w3.org\/2000\/svg\" width=\"16\" height=\"10\" viewBox=\"0 0 16 10\"\n\t\t\t\tfill=\"none\">\n\t\t\t\t<path d=\"M15 1L8 8L1 0.999999\" stroke=\"#3C3B3A\" stroke-width=\"2\" \/>\n\t\t\t<\/svg>\n\t\t<\/div>\n\t\t\t\t<div class=\"faq__item\">\n\t\t\t<div class=\"faq__question\" data-index=\"2\">\n\t\t\t\t<span class=\"faq__question-text \">3- Acquisto responsabile<\/span>\n\t\t\t<\/div>\n\t\t\t<div class=\"faq__answer\">\n\t\t\t\t<ul data-start=\"627\" data-end=\"762\">\n<li data-section-id=\"8k1ctb\" data-start=\"627\" data-end=\"721\">Privilegiate i cortocircuiti e i fornitori attenti all&#8217;impatto ambientale.<\/li>\n<li data-section-id=\"113t93u\" data-start=\"722\" data-end=\"762\">Limitare i prodotti monouso.<\/li>\n<\/ul>\n\t\t\t<\/div>\n\t\t\t<svg class=\"faq__toggle-icon\" xmlns=\"http:\/\/www.w3.org\/2000\/svg\" width=\"16\" height=\"10\" viewBox=\"0 0 16 10\"\n\t\t\t\tfill=\"none\">\n\t\t\t\t<path d=\"M15 1L8 8L1 0.999999\" stroke=\"#3C3B3A\" stroke-width=\"2\" \/>\n\t\t\t<\/svg>\n\t\t<\/div>\n\t\t\t\t<div class=\"faq__item\">\n\t\t\t<div class=\"faq__question\" data-index=\"3\">\n\t\t\t\t<span class=\"faq__question-text \">4- Ambiente di vita e dintorni<\/span>\n\t\t\t<\/div>\n\t\t\t<div class=\"faq__answer\">\n\t\t\t\t<ul data-start=\"818\" data-end=\"896\">\n<li data-section-id=\"iypenx\" data-start=\"818\" data-end=\"896\">Mantenere un ambiente esterno piacevole e rispettoso della natura.<\/li>\n<\/ul>\n\t\t\t<\/div>\n\t\t\t<svg class=\"faq__toggle-icon\" xmlns=\"http:\/\/www.w3.org\/2000\/svg\" width=\"16\" height=\"10\" viewBox=\"0 0 16 10\"\n\t\t\t\tfill=\"none\">\n\t\t\t\t<path d=\"M15 1L8 8L1 0.999999\" stroke=\"#3C3B3A\" stroke-width=\"2\" \/>\n\t\t\t<\/svg>\n\t\t<\/div>\n\t\t\t\t<div class=\"faq__item\">\n\t\t\t<div class=\"faq__question\" data-index=\"4\">\n\t\t\t\t<span class=\"faq__question-text \">5- Gestione delle risorse<\/span>\n\t\t\t<\/div>\n\t\t\t<div class=\"faq__answer\">\n\t\t\t\t<ul data-start=\"933\" data-end=\"1474\">\n<li data-section-id=\"1hnis88\" data-start=\"933\" data-end=\"1112\"><strong data-start=\"935\" data-end=\"946\">Energia<\/strong>: installazione di apparecchiature ad alta efficienza energetica, miglioramento dell&#8217;isolamento degli edifici, monitoraggio accurato dei consumi per ridurre la nostra impronta ambientale.<\/li>\n<li data-section-id=\"liss3z\" data-start=\"1113\" data-end=\"1329\"><strong data-start=\"1115\" data-end=\"1122\">Acqua<\/strong>: attuare misure di risparmio idrico (rubinetti adattati, monitoraggio dei consumi, pratiche di pulizia responsabili). Ogni gesto conta nell&#8217;uso quotidiano: lavanderia, pulizia, servizi igienici. <\/li>\n<li data-section-id=\"1bewd1y\" data-start=\"1330\" data-end=\"1474\"><strong data-start=\"1332\" data-end=\"1343\">Rifiuti<\/strong>: differenziare e ridurre i rifiuti, collaborare con i canali di riciclaggio appropriati, adottare pratiche sostenibili su base quotidiana.<\/li>\n<\/ul>\n<p data-start=\"1476\" data-end=\"1501\"><strong data-start=\"1476\" data-end=\"1497\">Dimensione umana<\/strong>:<\/p>\n<ul data-start=\"1502\" data-end=\"1695\">\n<li data-section-id=\"1ubq9p5\" data-start=\"1502\" data-end=\"1609\">Formare i nostri team alle buone pratiche ambientali, affinch\u00e9 i nostri impegni diventino realt\u00e0.<\/li>\n<li data-section-id=\"1c3rpgk\" data-start=\"1610\" data-end=\"1695\">Incoraggiare i clienti e i dipendenti a partecipare attivamente al processo.<\/li>\n<\/ul>\n\t\t\t<\/div>\n\t\t\t<svg class=\"faq__toggle-icon\" xmlns=\"http:\/\/www.w3.org\/2000\/svg\" width=\"16\" height=\"10\" viewBox=\"0 0 16 10\"\n\t\t\t\tfill=\"none\">\n\t\t\t\t<path d=\"M15 1L8 8L1 0.999999\" stroke=\"#3C3B3A\" stroke-width=\"2\" \/>\n\t\t\t<\/svg>\n\t\t<\/div>\n\t\t\t<\/div>\n\t\t<\/section>\n<\/div>\n\n\n\n<\/section>\n\n<div class=\"wp-block-group has-white-background-color has-background has-global-padding is-layout-constrained wp-container-core-group-is-layout-2dcfafcc wp-block-group-is-layout-constrained\" style=\"padding-top:var(--wp--preset--spacing--theme-default);padding-right:0;padding-bottom:var(--wp--preset--spacing--theme-default);padding-left:0\">\n<p class=\"has-large-font-size\">Per Les Aubergistes Lyonnais, questo marchio fa parte di una visione sostenibile dell&#8217;ospitalit\u00e0: accogliere i viaggiatori con calore preservando la citt\u00e0, le sue risorse e la sua arte di vivere per le generazioni future.<\/p>\n<\/div>\n","protected":false},"excerpt":{"rendered":"<p>Per Les Aubergistes Lyonnais, questo marchio fa parte di una visione sostenibile dell&#8217;ospitalit\u00e0: accogliere i viaggiatori con calore preservando la citt\u00e0, le sue risorse e la sua arte di vivere per le generazioni future.<\/p>\n","protected":false},"author":2,"featured_media":0,"parent":3499,"menu_order":0,"comment_status":"closed","ping_status":"closed","template":"","meta":{"_acf_changed":false,"inline_featured_image":false,"footnotes":""},"class_list":["post-7848","page","type-page","status-publish","hentry"],"acf":[],"yoast_head":"<!-- This site is optimized with the Yoast SEO plugin v27.5 - https:\/\/yoast.com\/product\/yoast-seo-wordpress\/ -->\n<title>Chiave verde - Globe Cecil<\/title>\n<meta name=\"robots\" content=\"index, follow, max-snippet:-1, max-image-preview:large, max-video-preview:-1\" \/>\n<link rel=\"canonical\" href=\"https:\/\/globeetcecilhotel.com\/it\/hotel-di-charme-4-stelle\/impegno-rse-missione\/chiave-verde\/\" \/>\n<meta property=\"og:locale\" content=\"it_IT\" \/>\n<meta property=\"og:type\" content=\"article\" \/>\n<meta property=\"og:title\" content=\"Chiave verde - Globe Cecil\" \/>\n<meta property=\"og:description\" content=\"Per Les Aubergistes Lyonnais, questo marchio fa parte di una visione sostenibile dell&#8217;ospitalit\u00e0: accogliere i viaggiatori con calore preservando la citt\u00e0, le sue risorse e la sua arte di vivere per le generazioni future.\" \/>\n<meta property=\"og:url\" content=\"https:\/\/globeetcecilhotel.com\/it\/hotel-di-charme-4-stelle\/impegno-rse-missione\/chiave-verde\/\" \/>\n<meta property=\"og:site_name\" content=\"Globe Cecil\" \/>\n<meta property=\"article:modified_time\" content=\"2026-05-11T16:00:43+00:00\" \/>\n<meta property=\"og:image\" content=\"https:\/\/globeetcecilhotel.com\/wp-content\/uploads\/sites\/2\/2025\/04\/logo-cv-hd-18-web-888x1024.jpg\" \/>\n<meta name=\"twitter:card\" content=\"summary_large_image\" \/>\n<meta name=\"twitter:label1\" content=\"Tempo di lettura stimato\" \/>\n\t<meta name=\"twitter:data1\" content=\"1 minuto\" \/>\n<script type=\"application\/ld+json\" class=\"yoast-schema-graph\">{\"@context\":\"https:\\\/\\\/schema.org\",\"@graph\":[{\"@type\":\"WebPage\",\"@id\":\"https:\\\/\\\/globeetcecilhotel.com\\\/it\\\/hotel-di-charme-4-stelle\\\/impegno-rse-missione\\\/chiave-verde\\\/\",\"url\":\"https:\\\/\\\/globeetcecilhotel.com\\\/it\\\/hotel-di-charme-4-stelle\\\/impegno-rse-missione\\\/chiave-verde\\\/\",\"name\":\"Chiave verde - Globe Cecil\",\"isPartOf\":{\"@id\":\"https:\\\/\\\/globeetcecilhotel.com\\\/it\\\/#website\"},\"primaryImageOfPage\":{\"@id\":\"https:\\\/\\\/globeetcecilhotel.com\\\/it\\\/hotel-di-charme-4-stelle\\\/impegno-rse-missione\\\/chiave-verde\\\/#primaryimage\"},\"image\":{\"@id\":\"https:\\\/\\\/globeetcecilhotel.com\\\/it\\\/hotel-di-charme-4-stelle\\\/impegno-rse-missione\\\/chiave-verde\\\/#primaryimage\"},\"thumbnailUrl\":\"https:\\\/\\\/globeetcecilhotel.com\\\/wp-content\\\/uploads\\\/sites\\\/2\\\/2025\\\/04\\\/logo-cv-hd-18-web-888x1024.jpg\",\"datePublished\":\"2026-04-07T12:46:14+00:00\",\"dateModified\":\"2026-05-11T16:00:43+00:00\",\"breadcrumb\":{\"@id\":\"https:\\\/\\\/globeetcecilhotel.com\\\/it\\\/hotel-di-charme-4-stelle\\\/impegno-rse-missione\\\/chiave-verde\\\/#breadcrumb\"},\"inLanguage\":\"it-IT\",\"potentialAction\":[{\"@type\":\"ReadAction\",\"target\":[\"https:\\\/\\\/globeetcecilhotel.com\\\/it\\\/hotel-di-charme-4-stelle\\\/impegno-rse-missione\\\/chiave-verde\\\/\"]}]},{\"@type\":\"ImageObject\",\"inLanguage\":\"it-IT\",\"@id\":\"https:\\\/\\\/globeetcecilhotel.com\\\/it\\\/hotel-di-charme-4-stelle\\\/impegno-rse-missione\\\/chiave-verde\\\/#primaryimage\",\"url\":\"https:\\\/\\\/globeetcecilhotel.com\\\/wp-content\\\/uploads\\\/sites\\\/2\\\/2025\\\/04\\\/logo-cv-hd-18-web-888x1024.jpg\",\"contentUrl\":\"https:\\\/\\\/globeetcecilhotel.com\\\/wp-content\\\/uploads\\\/sites\\\/2\\\/2025\\\/04\\\/logo-cv-hd-18-web-888x1024.jpg\"},{\"@type\":\"BreadcrumbList\",\"@id\":\"https:\\\/\\\/globeetcecilhotel.com\\\/it\\\/hotel-di-charme-4-stelle\\\/impegno-rse-missione\\\/chiave-verde\\\/#breadcrumb\",\"itemListElement\":[{\"@type\":\"ListItem\",\"position\":1,\"name\":\"Accueil\",\"item\":\"https:\\\/\\\/globeetcecilhotel.com\\\/it\\\/\"},{\"@type\":\"ListItem\",\"position\":2,\"name\":\"L&rsquo;albergo\",\"item\":\"https:\\\/\\\/globeetcecilhotel.com\\\/it\\\/hotel-di-charme-4-stelle\\\/\"},{\"@type\":\"ListItem\",\"position\":3,\"name\":\"I nostri impegni\",\"item\":\"https:\\\/\\\/globeetcecilhotel.com\\\/it\\\/hotel-di-charme-4-stelle\\\/impegno-rse-missione\\\/\"},{\"@type\":\"ListItem\",\"position\":4,\"name\":\"Chiave verde\"}]},{\"@type\":\"WebSite\",\"@id\":\"https:\\\/\\\/globeetcecilhotel.com\\\/it\\\/#website\",\"url\":\"https:\\\/\\\/globeetcecilhotel.com\\\/it\\\/\",\"name\":\"Globe Cecil\",\"description\":\"H\u00f4tel 4 \u00e9toiles \u00e0 Lyon\",\"publisher\":{\"@id\":\"https:\\\/\\\/globeetcecilhotel.com\\\/it\\\/#organization\"},\"potentialAction\":[{\"@type\":\"SearchAction\",\"target\":{\"@type\":\"EntryPoint\",\"urlTemplate\":\"https:\\\/\\\/globeetcecilhotel.com\\\/it\\\/?s={search_term_string}\"},\"query-input\":{\"@type\":\"PropertyValueSpecification\",\"valueRequired\":true,\"valueName\":\"search_term_string\"}}],\"inLanguage\":\"it-IT\"},{\"@type\":\"Organization\",\"@id\":\"https:\\\/\\\/globeetcecilhotel.com\\\/it\\\/#organization\",\"name\":\"Globe Cecil\",\"url\":\"https:\\\/\\\/globeetcecilhotel.com\\\/it\\\/\",\"logo\":{\"@type\":\"ImageObject\",\"inLanguage\":\"it-IT\",\"@id\":\"https:\\\/\\\/globeetcecilhotel.com\\\/it\\\/#\\\/schema\\\/logo\\\/image\\\/\",\"url\":\"https:\\\/\\\/globeetcecilhotel.com\\\/wp-content\\\/uploads\\\/sites\\\/2\\\/2025\\\/03\\\/LOGO-Globe-et-Cecil.svg\",\"contentUrl\":\"https:\\\/\\\/globeetcecilhotel.com\\\/wp-content\\\/uploads\\\/sites\\\/2\\\/2025\\\/03\\\/LOGO-Globe-et-Cecil.svg\",\"width\":108,\"height\":44,\"caption\":\"Globe Cecil\"},\"image\":{\"@id\":\"https:\\\/\\\/globeetcecilhotel.com\\\/it\\\/#\\\/schema\\\/logo\\\/image\\\/\"}}]}<\/script>\n<!-- \/ Yoast SEO plugin. -->","yoast_head_json":{"title":"Chiave verde - Globe Cecil","robots":{"index":"index","follow":"follow","max-snippet":"max-snippet:-1","max-image-preview":"max-image-preview:large","max-video-preview":"max-video-preview:-1"},"canonical":"https:\/\/globeetcecilhotel.com\/it\/hotel-di-charme-4-stelle\/impegno-rse-missione\/chiave-verde\/","og_locale":"it_IT","og_type":"article","og_title":"Chiave verde - Globe Cecil","og_description":"Per Les Aubergistes Lyonnais, questo marchio fa parte di una visione sostenibile dell&#8217;ospitalit\u00e0: accogliere i viaggiatori con calore preservando la citt\u00e0, le sue risorse e la sua arte di vivere per le generazioni future.","og_url":"https:\/\/globeetcecilhotel.com\/it\/hotel-di-charme-4-stelle\/impegno-rse-missione\/chiave-verde\/","og_site_name":"Globe Cecil","article_modified_time":"2026-05-11T16:00:43+00:00","og_image":[{"url":"https:\/\/globeetcecilhotel.com\/wp-content\/uploads\/sites\/2\/2025\/04\/logo-cv-hd-18-web-888x1024.jpg","type":"","width":"","height":""}],"twitter_card":"summary_large_image","twitter_misc":{"Tempo di lettura stimato":"1 minuto"},"schema":{"@context":"https:\/\/schema.org","@graph":[{"@type":"WebPage","@id":"https:\/\/globeetcecilhotel.com\/it\/hotel-di-charme-4-stelle\/impegno-rse-missione\/chiave-verde\/","url":"https:\/\/globeetcecilhotel.com\/it\/hotel-di-charme-4-stelle\/impegno-rse-missione\/chiave-verde\/","name":"Chiave verde - Globe Cecil","isPartOf":{"@id":"https:\/\/globeetcecilhotel.com\/it\/#website"},"primaryImageOfPage":{"@id":"https:\/\/globeetcecilhotel.com\/it\/hotel-di-charme-4-stelle\/impegno-rse-missione\/chiave-verde\/#primaryimage"},"image":{"@id":"https:\/\/globeetcecilhotel.com\/it\/hotel-di-charme-4-stelle\/impegno-rse-missione\/chiave-verde\/#primaryimage"},"thumbnailUrl":"https:\/\/globeetcecilhotel.com\/wp-content\/uploads\/sites\/2\/2025\/04\/logo-cv-hd-18-web-888x1024.jpg","datePublished":"2026-04-07T12:46:14+00:00","dateModified":"2026-05-11T16:00:43+00:00","breadcrumb":{"@id":"https:\/\/globeetcecilhotel.com\/it\/hotel-di-charme-4-stelle\/impegno-rse-missione\/chiave-verde\/#breadcrumb"},"inLanguage":"it-IT","potentialAction":[{"@type":"ReadAction","target":["https:\/\/globeetcecilhotel.com\/it\/hotel-di-charme-4-stelle\/impegno-rse-missione\/chiave-verde\/"]}]},{"@type":"ImageObject","inLanguage":"it-IT","@id":"https:\/\/globeetcecilhotel.com\/it\/hotel-di-charme-4-stelle\/impegno-rse-missione\/chiave-verde\/#primaryimage","url":"https:\/\/globeetcecilhotel.com\/wp-content\/uploads\/sites\/2\/2025\/04\/logo-cv-hd-18-web-888x1024.jpg","contentUrl":"https:\/\/globeetcecilhotel.com\/wp-content\/uploads\/sites\/2\/2025\/04\/logo-cv-hd-18-web-888x1024.jpg"},{"@type":"BreadcrumbList","@id":"https:\/\/globeetcecilhotel.com\/it\/hotel-di-charme-4-stelle\/impegno-rse-missione\/chiave-verde\/#breadcrumb","itemListElement":[{"@type":"ListItem","position":1,"name":"Accueil","item":"https:\/\/globeetcecilhotel.com\/it\/"},{"@type":"ListItem","position":2,"name":"L&rsquo;albergo","item":"https:\/\/globeetcecilhotel.com\/it\/hotel-di-charme-4-stelle\/"},{"@type":"ListItem","position":3,"name":"I nostri impegni","item":"https:\/\/globeetcecilhotel.com\/it\/hotel-di-charme-4-stelle\/impegno-rse-missione\/"},{"@type":"ListItem","position":4,"name":"Chiave verde"}]},{"@type":"WebSite","@id":"https:\/\/globeetcecilhotel.com\/it\/#website","url":"https:\/\/globeetcecilhotel.com\/it\/","name":"Globe Cecil","description":"H\u00f4tel 4 \u00e9toiles \u00e0 Lyon","publisher":{"@id":"https:\/\/globeetcecilhotel.com\/it\/#organization"},"potentialAction":[{"@type":"SearchAction","target":{"@type":"EntryPoint","urlTemplate":"https:\/\/globeetcecilhotel.com\/it\/?s={search_term_string}"},"query-input":{"@type":"PropertyValueSpecification","valueRequired":true,"valueName":"search_term_string"}}],"inLanguage":"it-IT"},{"@type":"Organization","@id":"https:\/\/globeetcecilhotel.com\/it\/#organization","name":"Globe Cecil","url":"https:\/\/globeetcecilhotel.com\/it\/","logo":{"@type":"ImageObject","inLanguage":"it-IT","@id":"https:\/\/globeetcecilhotel.com\/it\/#\/schema\/logo\/image\/","url":"https:\/\/globeetcecilhotel.com\/wp-content\/uploads\/sites\/2\/2025\/03\/LOGO-Globe-et-Cecil.svg","contentUrl":"https:\/\/globeetcecilhotel.com\/wp-content\/uploads\/sites\/2\/2025\/03\/LOGO-Globe-et-Cecil.svg","width":108,"height":44,"caption":"Globe Cecil"},"image":{"@id":"https:\/\/globeetcecilhotel.com\/it\/#\/schema\/logo\/image\/"}}]}},"_links":{"self":[{"href":"https:\/\/globeetcecilhotel.com\/it\/wp-json\/wp\/v2\/pages\/7848","targetHints":{"allow":["GET"]}}],"collection":[{"href":"https:\/\/globeetcecilhotel.com\/it\/wp-json\/wp\/v2\/pages"}],"about":[{"href":"https:\/\/globeetcecilhotel.com\/it\/wp-json\/wp\/v2\/types\/page"}],"author":[{"embeddable":true,"href":"https:\/\/globeetcecilhotel.com\/it\/wp-json\/wp\/v2\/users\/2"}],"replies":[{"embeddable":true,"href":"https:\/\/globeetcecilhotel.com\/it\/wp-json\/wp\/v2\/comments?post=7848"}],"version-history":[{"count":1,"href":"https:\/\/globeetcecilhotel.com\/it\/wp-json\/wp\/v2\/pages\/7848\/revisions"}],"predecessor-version":[{"id":7849,"href":"https:\/\/globeetcecilhotel.com\/it\/wp-json\/wp\/v2\/pages\/7848\/revisions\/7849"}],"up":[{"embeddable":true,"href":"https:\/\/globeetcecilhotel.com\/it\/wp-json\/wp\/v2\/pages\/3499"}],"wp:attachment":[{"href":"https:\/\/globeetcecilhotel.com\/it\/wp-json\/wp\/v2\/media?parent=7848"}],"curies":[{"name":"wp","href":"https:\/\/api.w.org\/{rel}","templated":true}]}}