{"id":7855,"date":"2026-04-07T16:57:44","date_gmt":"2026-04-07T14:57:44","guid":{"rendered":"https:\/\/globeetcecilhotel.com\/hotel-di-charme-4-stelle\/impegno-rse-missione\/consumo-responsabile\/"},"modified":"2026-05-11T18:00:43","modified_gmt":"2026-05-11T16:00:43","slug":"consumo-responsabile","status":"publish","type":"page","link":"https:\/\/globeetcecilhotel.com\/it\/hotel-di-charme-4-stelle\/impegno-rse-missione\/consumo-responsabile\/","title":{"rendered":"Consumo responsabile"},"content":{"rendered":"\n<section class=\"heading wp-elements-f1183b1a8a8a815632af7f86da696b73 wp-elements-f1183b1a8a8a815632af7f86da696b73 wp-block-acf-heading has-text-color has-primary-color has-background has-white-100-background-color\">\n\t<div class=\"heading__container\">\n\t\t\t\t\t<div class=\"heading__background-picture\">\n\t\t\t\t<img decoding=\"async\" width=\"1620\" height=\"1080\" src=\"https:\/\/globeetcecilhotel.com\/wp-content\/uploads\/sites\/2\/2025\/04\/hotel-ecologique-lyon-engage.jpg\" class=\"attachment-full size-full\" alt=\"hotel ecologique lyon engage\" fetchpriority=\"high\" srcset=\"https:\/\/globeetcecilhotel.com\/wp-content\/uploads\/sites\/2\/2025\/04\/hotel-ecologique-lyon-engage.jpg 1620w, https:\/\/globeetcecilhotel.com\/wp-content\/uploads\/sites\/2\/2025\/04\/hotel-ecologique-lyon-engage-300x200.jpg 300w, https:\/\/globeetcecilhotel.com\/wp-content\/uploads\/sites\/2\/2025\/04\/hotel-ecologique-lyon-engage-1024x683.jpg 1024w, https:\/\/globeetcecilhotel.com\/wp-content\/uploads\/sites\/2\/2025\/04\/hotel-ecologique-lyon-engage-768x512.jpg 768w, https:\/\/globeetcecilhotel.com\/wp-content\/uploads\/sites\/2\/2025\/04\/hotel-ecologique-lyon-engage-1536x1024.jpg 1536w\" sizes=\"(max-width: 1620px) 100vw, 1620px\" \/>\t\t\t<\/div>\n\t\t\t\t<div class=\"heading__layout\">\n\t\t\t<div class=\"heading__content-wrapper has-white-100-background-color\">\n\t\t\t\t<div class=\"heading__content has-white-100-background-color\">\n\t\t\t\t\t\t\t\t\t<p id=\"breadcrumbs\"><span><span><a href=\"https:\/\/globeetcecilhotel.com\/it\/\">Accueil<\/a><\/span><\/span><\/p>\t\t\t\t\t\t\t\t\t<div class=\"acf-innerblocks-container\">\n\n<div class=\"wp-block-group heading-content-group is-layout-grid wp-container-core-group-is-layout-96b258e4 wp-block-group-is-layout-grid\">\n<h1 class=\"wp-block-heading has-text-align-left heading__title has-primary-color has-text-color has-xx-large-font-size\">Consumo responsabile<\/h1>\n<\/div>\n\n<\/div>\n\t\t\t\t<\/div>\n\t\t\t\t\t\t\t<\/div>\n\t\t<\/div>\n\t<\/div>\n<\/section>\n\n\n\t<section\n\t\tstyle=\"padding-top:var(--wp--preset--spacing--theme-default);padding-bottom:0;\" class=\"block-container align wp-block-acf-block-container has-background has-white-background-color has-global-padding is-layout-constrained wp-container-acf-block-container-is-layout-53211306 wp-block-acf-block-container-is-layout-constrained\"\t>\n\n\t\n\n<div class=\"wp-block-group is-layout-flow wp-block-group-is-layout-flow\">\n<p class=\"has-text-align-left has-large-font-size\">Essere un albergatore oggi significa imparare a fare le cose in modo sensato: limitare gli sprechi, concentrarsi su ci\u00f2 che dura nel tempo ed evitare inutili spese energetiche. Questo approccio fa parte del nostro impegno nei confronti del marchio Green Key. <\/p>\n<\/div>\n\n\n\n<\/section>\n\n\t<section\n\t\tstyle=\"padding-top:var(--wp--preset--spacing--theme-default);padding-bottom:var(--wp--preset--spacing--theme-default);\" class=\"double-columns wp-block-acf-double-columns has-background has-white-background-color has-global-padding is-layout-constrained wp-container-acf-double-columns-is-layout-468cbe0c wp-block-acf-double-columns-is-layout-constrained\"\t>\n\n<div class=\"double-columns__innerblocks\">\n\n<div class=\"wp-block-group is-layout-flow wp-block-group-is-layout-flow\">\n<figure class=\"wp-block-image size-full image-is-animate\"><img decoding=\"async\" width=\"720\" height=\"1080\" src=\"https:\/\/globeetcecilhotel.com\/wp-content\/uploads\/sites\/2\/2025\/03\/hotel-ecologique-lyon.jpg\" alt=\"\" class=\"wp-image-1867\" style=\"aspect-ratio:3\/4;object-fit:cover\" srcset=\"https:\/\/globeetcecilhotel.com\/wp-content\/uploads\/sites\/2\/2025\/03\/hotel-ecologique-lyon.jpg 720w, https:\/\/globeetcecilhotel.com\/wp-content\/uploads\/sites\/2\/2025\/03\/hotel-ecologique-lyon-200x300.jpg 200w, https:\/\/globeetcecilhotel.com\/wp-content\/uploads\/sites\/2\/2025\/03\/hotel-ecologique-lyon-683x1024.jpg 683w\" sizes=\"(max-width: 720px) 100vw, 720px\" \/><\/figure>\n<\/div>\n\n\n\n<div class=\"wp-block-group is-vertical is-content-justification-stretch is-layout-flex wp-container-core-group-is-layout-a67fda00 wp-block-group-is-layout-flex\">\n<h3 class=\"wp-block-heading has-text-align-left\">Ambienti progettati per <mark style=\"background-color:rgba(0, 0, 0, 0)\" class=\"has-inline-color has-secondary-color\">evitare <\/mark>sprechi di energia<\/h3>\n\n\n\n<details class=\"wp-block-details is-layout-flow wp-block-details-is-layout-flow\"><summary>In molti hotel i minibar sono diventati una dotazione standard. Tuttavia, questi piccoli frigoriferi funzionano continuamente, anche quando non vengono utilizzati. Un minibar rappresenta tra il 30% e il 50% del consumo di elettricit\u00e0 in una camera. Abbiamo quindi deciso di non dotare le nostre camere di minibar. Questa decisione riduce significativamente il consumo di elettricit\u00e0 dell&#8217;hotel ed evita la necessit\u00e0 di apparecchiature non necessarie.    <\/summary>\n<p>Preferiamo invece una soluzione pi\u00f9 semplice e di facile utilizzo: i nostri viaggiatori possono gustare gratuitamente una bottiglia di acqua fresca microfiltrata liscia o gassata in qualsiasi momento nel bar dell&#8217;hotel. In alternativa, i nostri ospiti hanno a disposizione un variegato menu del bar locale. <\/p>\n<\/details>\n<\/div>\n\n<\/div>\n\n<\/section>\n\n\t<section\n\t\tstyle=\"padding-top:0;padding-bottom:0;\" class=\"double-columns double-columns-reverse_colums_mobile wp-block-acf-double-columns has-background has-white-background-color has-global-padding is-layout-constrained wp-container-acf-double-columns-is-layout-ea798de0 wp-block-acf-double-columns-is-layout-constrained\"\t>\n\n<div class=\"double-columns__innerblocks\">\n\n<div class=\"wp-block-group is-vertical is-content-justification-stretch is-layout-flex wp-container-core-group-is-layout-a67fda00 wp-block-group-is-layout-flex\">\n<h3 class=\"wp-block-heading has-text-align-left\">Un&#8217;alternativa <mark style=\"background-color:rgba(0, 0, 0, 0)\" class=\"has-inline-color has-secondary-color\">sostenibile <\/mark>all&#8217;acqua in bottiglia<\/h3>\n\n\n\n<details class=\"wp-block-details is-layout-flow wp-block-details-is-layout-flow\"><summary>Inoltre, queste bottiglie d&#8217;acqua ci aiutano a limitare l&#8217;uso della plastica e i trasporti inutili, grazie al sistema Nordaq. Il principio Nordaq si basa su un sistema di filtraggio brevettato. L&#8217;acqua di rete (acqua del rubinetto) viene filtrata per eliminare le impurit\u00e0, i sapori e gli odori indesiderati, conservando i sali minerali naturalmente presenti. Uno degli argomenti principali di Nordaq \u00e8 che riduce la nostra impronta ambientale.  <\/summary>\n<p>Il sistema si basa su quelli che il marchio chiama &#8220;6 NO&#8221;:<\/p>\n\n\n\n<ul class=\"wp-block-list\">\n<li>niente bottiglie usa e getta<\/li>\n\n\n\n<li>senza plastica<\/li>\n\n\n\n<li>nessun trasporto su lunghe distanze per via d&#8217;acqua<\/li>\n\n\n\n<li>nessun deposito di pallet d&#8217;acqua<\/li>\n\n\n\n<li>meno rifiuti<\/li>\n\n\n\n<li>meno logistica.  <\/li>\n<\/ul>\n\n\n\n<p>Filtrando e imbottigliando l&#8217;acqua direttamente in loco, gli hotel evitano il trasporto di bottiglie minerali e riducono i rifiuti di plastica. Dalla sua creazione, la soluzione Nordaq ha eliminato diversi miliardi di bottiglie di plastica monouso in tutto il mondo. <\/p>\n<\/details>\n<\/div>\n\n\n\n<div class=\"wp-block-group is-layout-flow wp-block-group-is-layout-flow\">\n<figure class=\"wp-block-image size-full image-is-animate\"><img decoding=\"async\" width=\"720\" height=\"1080\" src=\"https:\/\/globeetcecilhotel.com\/wp-content\/uploads\/sites\/2\/2025\/07\/hotel-famille-et-groupes-lyon-centre8.jpg\" alt=\"hotel per famiglie e gruppi lione centro8\" class=\"wp-image-5652\" style=\"aspect-ratio:3\/4;object-fit:cover\" srcset=\"https:\/\/globeetcecilhotel.com\/wp-content\/uploads\/sites\/2\/2025\/07\/hotel-famille-et-groupes-lyon-centre8.jpg 720w, https:\/\/globeetcecilhotel.com\/wp-content\/uploads\/sites\/2\/2025\/07\/hotel-famille-et-groupes-lyon-centre8-400x600.jpg 400w\" sizes=\"(max-width: 720px) 100vw, 720px\" \/><\/figure>\n<\/div>\n\n<\/div>\n\n<\/section>\n\n\t<section\n\t\tstyle=\"padding-top:var(--wp--preset--spacing--theme-default);padding-bottom:var(--wp--preset--spacing--theme-default);\" class=\"double-columns image-is-animate wp-block-acf-double-columns has-background has-white-background-color has-global-padding is-layout-constrained wp-container-acf-double-columns-is-layout-a22d0bdd wp-block-acf-double-columns-is-layout-constrained\"\t>\n\n<div class=\"double-columns__innerblocks\">\n\n<div class=\"wp-block-group is-layout-flow wp-block-group-is-layout-flow\">\n<figure class=\"wp-block-image size-full image-is-animate\"><img decoding=\"async\" width=\"1660\" height=\"666\" src=\"https:\/\/globeetcecilhotel.com\/wp-content\/uploads\/sites\/2\/2025\/03\/hotel-restaurant-engage-rse-scaled-e1743755891942.jpg\" alt=\"\" class=\"wp-image-1875\" style=\"aspect-ratio:3\/4;object-fit:cover\" srcset=\"https:\/\/globeetcecilhotel.com\/wp-content\/uploads\/sites\/2\/2025\/03\/hotel-restaurant-engage-rse-scaled-e1743755891942.jpg 1660w, https:\/\/globeetcecilhotel.com\/wp-content\/uploads\/sites\/2\/2025\/03\/hotel-restaurant-engage-rse-scaled-e1743755891942-300x120.jpg 300w, https:\/\/globeetcecilhotel.com\/wp-content\/uploads\/sites\/2\/2025\/03\/hotel-restaurant-engage-rse-scaled-e1743755891942-1024x411.jpg 1024w, https:\/\/globeetcecilhotel.com\/wp-content\/uploads\/sites\/2\/2025\/03\/hotel-restaurant-engage-rse-scaled-e1743755891942-768x308.jpg 768w, https:\/\/globeetcecilhotel.com\/wp-content\/uploads\/sites\/2\/2025\/03\/hotel-restaurant-engage-rse-scaled-e1743755891942-1536x616.jpg 1536w\" sizes=\"(max-width: 1660px) 100vw, 1660px\" \/><\/figure>\n<\/div>\n\n\n\n<div class=\"wp-block-group is-vertical is-content-justification-stretch is-layout-flex wp-container-core-group-is-layout-a67fda00 wp-block-group-is-layout-flex\">\n<h3 class=\"wp-block-heading has-text-align-left\">Prodotti per l&#8217;ospitalit\u00e0 distribuiti con <mark style=\"background-color:rgba(0, 0, 0, 0)\" class=\"has-inline-color has-secondary-color\">discrezione<\/mark><\/h3>\n\n\n\n<details class=\"wp-block-details is-layout-flow wp-block-details-is-layout-flow\"><summary>Nel settore alberghiero, molti prodotti per l&#8217;ospitalit\u00e0 finiscono purtroppo inutilizzati e vengono sostituiti o buttati via per precauzione. Studi sui prodotti per il bagno dimostrano che in media solo il 15% del contenuto viene effettivamente utilizzato prima che il prodotto venga gettato via. In altre parole, l&#8217;85% del prodotto e del suo imballaggio pu\u00f2 diventare un rifiuto dopo una sola visita.  <br>In tutto il mondo, i principali gruppi alberghieri buttano via ogni anno circa 5,5 miliardi di bottigliette di prodotti per l&#8217;igiene personale (shampoo, gel doccia, ecc.). (Secondo Green Getaways). <\/summary>\n<p>Per evitare questi sprechi, i nostri articoli sono offerti gratuitamente alla reception, ma solo su richiesta. Questo ci permette di ridurre il consumo di prodotti monouso, continuando a soddisfare le esigenze dei viaggiatori che ne hanno realmente bisogno. <\/p>\n<\/details>\n<\/div>\n\n<\/div>\n\n<\/section>\n\n\t<section\n\t\tstyle=\"padding-top:0;padding-bottom:var(--wp--preset--spacing--theme-default);\" class=\"double-columns double-columns-reverse_colums_mobile wp-block-acf-double-columns has-background has-white-background-color has-global-padding is-layout-constrained wp-container-acf-double-columns-is-layout-11a66b1e wp-block-acf-double-columns-is-layout-constrained\"\t>\n\n<div class=\"double-columns__innerblocks\">\n\n<div class=\"wp-block-group is-vertical is-content-justification-stretch is-layout-flex wp-container-core-group-is-layout-a67fda00 wp-block-group-is-layout-flex\">\n<h3 class=\"wp-block-heading has-text-align-left\">Prodotti per la pulizia <mark style=\"background-color:rgba(0, 0, 0, 0)\" class=\"has-inline-color has-secondary-color\">rispettosi dell&#8217;ambiente <\/mark><\/h3>\n\n\n\n<details class=\"wp-block-details is-layout-flow wp-block-details-is-layout-flow\"><summary>Enfin, l\u2019entretien quotidien de l\u2019h\u00f4tel repose sur l\u2019utilisation de produits de nettoyage \u00e9co-labellis\u00e9s. Ces produits sont choisis pour leur efficacit\u00e9 mais aussi pour leur impact r\u00e9duit sur l\u2019environnement et la sant\u00e9 des \u00e9quipes qui les utilisent. Nous avons dit \u201cau revoir\u201d aux substances telles que :&nbsp;<br><\/summary>\n<ul class=\"wp-block-list\">\n<li>ammoniaca<\/li>\n\n\n\n<li>solventi petrolchimici<\/li>\n\n\n\n<li>coloranti sintetici<\/li>\n\n\n\n<li>fragranze artificiali<\/li>\n<\/ul>\n\n\n\n<p>Questo approccio consente di limitare la diffusione di sostanze chimiche nell&#8217;aria interna, nelle acque reflue e nelle superfici dello stabilimento.<\/p>\n<\/details>\n<\/div>\n\n\n\n<div class=\"wp-block-group is-layout-flow wp-block-group-is-layout-flow\">\n<figure class=\"wp-block-image size-full image-is-animate\"><img decoding=\"async\" width=\"1706\" height=\"2560\" src=\"https:\/\/globeetcecilhotel.com\/wp-content\/uploads\/sites\/2\/2025\/03\/hotel-responsable-rue-lyon-scaled.jpg\" alt=\"\" class=\"wp-image-1871\" style=\"aspect-ratio:3\/4;object-fit:cover\" srcset=\"https:\/\/globeetcecilhotel.com\/wp-content\/uploads\/sites\/2\/2025\/03\/hotel-responsable-rue-lyon-scaled.jpg 1706w, https:\/\/globeetcecilhotel.com\/wp-content\/uploads\/sites\/2\/2025\/03\/hotel-responsable-rue-lyon-200x300.jpg 200w, https:\/\/globeetcecilhotel.com\/wp-content\/uploads\/sites\/2\/2025\/03\/hotel-responsable-rue-lyon-682x1024.jpg 682w, https:\/\/globeetcecilhotel.com\/wp-content\/uploads\/sites\/2\/2025\/03\/hotel-responsable-rue-lyon-768x1152.jpg 768w, https:\/\/globeetcecilhotel.com\/wp-content\/uploads\/sites\/2\/2025\/03\/hotel-responsable-rue-lyon-1024x1536.jpg 1024w, https:\/\/globeetcecilhotel.com\/wp-content\/uploads\/sites\/2\/2025\/03\/hotel-responsable-rue-lyon-1365x2048.jpg 1365w\" sizes=\"(max-width: 1706px) 100vw, 1706px\" \/><\/figure>\n<\/div>\n\n<\/div>\n\n<\/section>\n","protected":false},"excerpt":{"rendered":"","protected":false},"author":2,"featured_media":0,"parent":3499,"menu_order":0,"comment_status":"closed","ping_status":"closed","template":"","meta":{"_acf_changed":false,"inline_featured_image":false,"footnotes":""},"class_list":["post-7855","page","type-page","status-publish","hentry"],"acf":[],"yoast_head":"<!-- This site is optimized with the Yoast SEO plugin v27.5 - https:\/\/yoast.com\/product\/yoast-seo-wordpress\/ -->\n<title>Consumo responsabile - Globe Cecil<\/title>\n<meta name=\"robots\" content=\"index, follow, max-snippet:-1, max-image-preview:large, max-video-preview:-1\" \/>\n<link rel=\"canonical\" href=\"https:\/\/globeetcecilhotel.com\/it\/hotel-di-charme-4-stelle\/impegno-rse-missione\/consumo-responsabile\/\" \/>\n<meta property=\"og:locale\" content=\"it_IT\" \/>\n<meta property=\"og:type\" content=\"article\" \/>\n<meta property=\"og:title\" content=\"Consumo responsabile - Globe Cecil\" \/>\n<meta property=\"og:url\" content=\"https:\/\/globeetcecilhotel.com\/it\/hotel-di-charme-4-stelle\/impegno-rse-missione\/consumo-responsabile\/\" \/>\n<meta property=\"og:site_name\" content=\"Globe Cecil\" \/>\n<meta property=\"article:modified_time\" content=\"2026-05-11T16:00:43+00:00\" \/>\n<meta property=\"og:image\" content=\"https:\/\/globeetcecilhotel.com\/wp-content\/uploads\/sites\/2\/2025\/03\/hotel-ecologique-lyon.jpg\" \/>\n<meta name=\"twitter:card\" content=\"summary_large_image\" \/>\n<meta name=\"twitter:label1\" content=\"Tempo di lettura stimato\" \/>\n\t<meta name=\"twitter:data1\" content=\"3 minuto\" \/>\n<script type=\"application\/ld+json\" class=\"yoast-schema-graph\">{\"@context\":\"https:\\\/\\\/schema.org\",\"@graph\":[{\"@type\":\"WebPage\",\"@id\":\"https:\\\/\\\/globeetcecilhotel.com\\\/it\\\/hotel-di-charme-4-stelle\\\/impegno-rse-missione\\\/consumo-responsabile\\\/\",\"url\":\"https:\\\/\\\/globeetcecilhotel.com\\\/it\\\/hotel-di-charme-4-stelle\\\/impegno-rse-missione\\\/consumo-responsabile\\\/\",\"name\":\"Consumo responsabile - Globe Cecil\",\"isPartOf\":{\"@id\":\"https:\\\/\\\/globeetcecilhotel.com\\\/it\\\/#website\"},\"primaryImageOfPage\":{\"@id\":\"https:\\\/\\\/globeetcecilhotel.com\\\/it\\\/hotel-di-charme-4-stelle\\\/impegno-rse-missione\\\/consumo-responsabile\\\/#primaryimage\"},\"image\":{\"@id\":\"https:\\\/\\\/globeetcecilhotel.com\\\/it\\\/hotel-di-charme-4-stelle\\\/impegno-rse-missione\\\/consumo-responsabile\\\/#primaryimage\"},\"thumbnailUrl\":\"https:\\\/\\\/globeetcecilhotel.com\\\/wp-content\\\/uploads\\\/sites\\\/2\\\/2025\\\/03\\\/hotel-ecologique-lyon.jpg\",\"datePublished\":\"2026-04-07T14:57:44+00:00\",\"dateModified\":\"2026-05-11T16:00:43+00:00\",\"breadcrumb\":{\"@id\":\"https:\\\/\\\/globeetcecilhotel.com\\\/it\\\/hotel-di-charme-4-stelle\\\/impegno-rse-missione\\\/consumo-responsabile\\\/#breadcrumb\"},\"inLanguage\":\"it-IT\",\"potentialAction\":[{\"@type\":\"ReadAction\",\"target\":[\"https:\\\/\\\/globeetcecilhotel.com\\\/it\\\/hotel-di-charme-4-stelle\\\/impegno-rse-missione\\\/consumo-responsabile\\\/\"]}]},{\"@type\":\"ImageObject\",\"inLanguage\":\"it-IT\",\"@id\":\"https:\\\/\\\/globeetcecilhotel.com\\\/it\\\/hotel-di-charme-4-stelle\\\/impegno-rse-missione\\\/consumo-responsabile\\\/#primaryimage\",\"url\":\"https:\\\/\\\/globeetcecilhotel.com\\\/wp-content\\\/uploads\\\/sites\\\/2\\\/2025\\\/03\\\/hotel-ecologique-lyon.jpg\",\"contentUrl\":\"https:\\\/\\\/globeetcecilhotel.com\\\/wp-content\\\/uploads\\\/sites\\\/2\\\/2025\\\/03\\\/hotel-ecologique-lyon.jpg\"},{\"@type\":\"BreadcrumbList\",\"@id\":\"https:\\\/\\\/globeetcecilhotel.com\\\/it\\\/hotel-di-charme-4-stelle\\\/impegno-rse-missione\\\/consumo-responsabile\\\/#breadcrumb\",\"itemListElement\":[{\"@type\":\"ListItem\",\"position\":1,\"name\":\"Accueil\",\"item\":\"https:\\\/\\\/globeetcecilhotel.com\\\/it\\\/\"},{\"@type\":\"ListItem\",\"position\":2,\"name\":\"L&rsquo;albergo\",\"item\":\"https:\\\/\\\/globeetcecilhotel.com\\\/it\\\/hotel-di-charme-4-stelle\\\/\"},{\"@type\":\"ListItem\",\"position\":3,\"name\":\"I nostri impegni\",\"item\":\"https:\\\/\\\/globeetcecilhotel.com\\\/it\\\/hotel-di-charme-4-stelle\\\/impegno-rse-missione\\\/\"},{\"@type\":\"ListItem\",\"position\":4,\"name\":\"Consumo responsabile\"}]},{\"@type\":\"WebSite\",\"@id\":\"https:\\\/\\\/globeetcecilhotel.com\\\/it\\\/#website\",\"url\":\"https:\\\/\\\/globeetcecilhotel.com\\\/it\\\/\",\"name\":\"Globe Cecil\",\"description\":\"H\u00f4tel 4 \u00e9toiles \u00e0 Lyon\",\"publisher\":{\"@id\":\"https:\\\/\\\/globeetcecilhotel.com\\\/it\\\/#organization\"},\"potentialAction\":[{\"@type\":\"SearchAction\",\"target\":{\"@type\":\"EntryPoint\",\"urlTemplate\":\"https:\\\/\\\/globeetcecilhotel.com\\\/it\\\/?s={search_term_string}\"},\"query-input\":{\"@type\":\"PropertyValueSpecification\",\"valueRequired\":true,\"valueName\":\"search_term_string\"}}],\"inLanguage\":\"it-IT\"},{\"@type\":\"Organization\",\"@id\":\"https:\\\/\\\/globeetcecilhotel.com\\\/it\\\/#organization\",\"name\":\"Globe Cecil\",\"url\":\"https:\\\/\\\/globeetcecilhotel.com\\\/it\\\/\",\"logo\":{\"@type\":\"ImageObject\",\"inLanguage\":\"it-IT\",\"@id\":\"https:\\\/\\\/globeetcecilhotel.com\\\/it\\\/#\\\/schema\\\/logo\\\/image\\\/\",\"url\":\"https:\\\/\\\/globeetcecilhotel.com\\\/wp-content\\\/uploads\\\/sites\\\/2\\\/2025\\\/03\\\/LOGO-Globe-et-Cecil.svg\",\"contentUrl\":\"https:\\\/\\\/globeetcecilhotel.com\\\/wp-content\\\/uploads\\\/sites\\\/2\\\/2025\\\/03\\\/LOGO-Globe-et-Cecil.svg\",\"width\":108,\"height\":44,\"caption\":\"Globe Cecil\"},\"image\":{\"@id\":\"https:\\\/\\\/globeetcecilhotel.com\\\/it\\\/#\\\/schema\\\/logo\\\/image\\\/\"}}]}<\/script>\n<!-- \/ Yoast SEO plugin. -->","yoast_head_json":{"title":"Consumo responsabile - Globe Cecil","robots":{"index":"index","follow":"follow","max-snippet":"max-snippet:-1","max-image-preview":"max-image-preview:large","max-video-preview":"max-video-preview:-1"},"canonical":"https:\/\/globeetcecilhotel.com\/it\/hotel-di-charme-4-stelle\/impegno-rse-missione\/consumo-responsabile\/","og_locale":"it_IT","og_type":"article","og_title":"Consumo responsabile - Globe Cecil","og_url":"https:\/\/globeetcecilhotel.com\/it\/hotel-di-charme-4-stelle\/impegno-rse-missione\/consumo-responsabile\/","og_site_name":"Globe Cecil","article_modified_time":"2026-05-11T16:00:43+00:00","og_image":[{"url":"https:\/\/globeetcecilhotel.com\/wp-content\/uploads\/sites\/2\/2025\/03\/hotel-ecologique-lyon.jpg","type":"","width":"","height":""}],"twitter_card":"summary_large_image","twitter_misc":{"Tempo di lettura stimato":"3 minuto"},"schema":{"@context":"https:\/\/schema.org","@graph":[{"@type":"WebPage","@id":"https:\/\/globeetcecilhotel.com\/it\/hotel-di-charme-4-stelle\/impegno-rse-missione\/consumo-responsabile\/","url":"https:\/\/globeetcecilhotel.com\/it\/hotel-di-charme-4-stelle\/impegno-rse-missione\/consumo-responsabile\/","name":"Consumo responsabile - Globe Cecil","isPartOf":{"@id":"https:\/\/globeetcecilhotel.com\/it\/#website"},"primaryImageOfPage":{"@id":"https:\/\/globeetcecilhotel.com\/it\/hotel-di-charme-4-stelle\/impegno-rse-missione\/consumo-responsabile\/#primaryimage"},"image":{"@id":"https:\/\/globeetcecilhotel.com\/it\/hotel-di-charme-4-stelle\/impegno-rse-missione\/consumo-responsabile\/#primaryimage"},"thumbnailUrl":"https:\/\/globeetcecilhotel.com\/wp-content\/uploads\/sites\/2\/2025\/03\/hotel-ecologique-lyon.jpg","datePublished":"2026-04-07T14:57:44+00:00","dateModified":"2026-05-11T16:00:43+00:00","breadcrumb":{"@id":"https:\/\/globeetcecilhotel.com\/it\/hotel-di-charme-4-stelle\/impegno-rse-missione\/consumo-responsabile\/#breadcrumb"},"inLanguage":"it-IT","potentialAction":[{"@type":"ReadAction","target":["https:\/\/globeetcecilhotel.com\/it\/hotel-di-charme-4-stelle\/impegno-rse-missione\/consumo-responsabile\/"]}]},{"@type":"ImageObject","inLanguage":"it-IT","@id":"https:\/\/globeetcecilhotel.com\/it\/hotel-di-charme-4-stelle\/impegno-rse-missione\/consumo-responsabile\/#primaryimage","url":"https:\/\/globeetcecilhotel.com\/wp-content\/uploads\/sites\/2\/2025\/03\/hotel-ecologique-lyon.jpg","contentUrl":"https:\/\/globeetcecilhotel.com\/wp-content\/uploads\/sites\/2\/2025\/03\/hotel-ecologique-lyon.jpg"},{"@type":"BreadcrumbList","@id":"https:\/\/globeetcecilhotel.com\/it\/hotel-di-charme-4-stelle\/impegno-rse-missione\/consumo-responsabile\/#breadcrumb","itemListElement":[{"@type":"ListItem","position":1,"name":"Accueil","item":"https:\/\/globeetcecilhotel.com\/it\/"},{"@type":"ListItem","position":2,"name":"L&rsquo;albergo","item":"https:\/\/globeetcecilhotel.com\/it\/hotel-di-charme-4-stelle\/"},{"@type":"ListItem","position":3,"name":"I nostri impegni","item":"https:\/\/globeetcecilhotel.com\/it\/hotel-di-charme-4-stelle\/impegno-rse-missione\/"},{"@type":"ListItem","position":4,"name":"Consumo responsabile"}]},{"@type":"WebSite","@id":"https:\/\/globeetcecilhotel.com\/it\/#website","url":"https:\/\/globeetcecilhotel.com\/it\/","name":"Globe Cecil","description":"H\u00f4tel 4 \u00e9toiles \u00e0 Lyon","publisher":{"@id":"https:\/\/globeetcecilhotel.com\/it\/#organization"},"potentialAction":[{"@type":"SearchAction","target":{"@type":"EntryPoint","urlTemplate":"https:\/\/globeetcecilhotel.com\/it\/?s={search_term_string}"},"query-input":{"@type":"PropertyValueSpecification","valueRequired":true,"valueName":"search_term_string"}}],"inLanguage":"it-IT"},{"@type":"Organization","@id":"https:\/\/globeetcecilhotel.com\/it\/#organization","name":"Globe Cecil","url":"https:\/\/globeetcecilhotel.com\/it\/","logo":{"@type":"ImageObject","inLanguage":"it-IT","@id":"https:\/\/globeetcecilhotel.com\/it\/#\/schema\/logo\/image\/","url":"https:\/\/globeetcecilhotel.com\/wp-content\/uploads\/sites\/2\/2025\/03\/LOGO-Globe-et-Cecil.svg","contentUrl":"https:\/\/globeetcecilhotel.com\/wp-content\/uploads\/sites\/2\/2025\/03\/LOGO-Globe-et-Cecil.svg","width":108,"height":44,"caption":"Globe Cecil"},"image":{"@id":"https:\/\/globeetcecilhotel.com\/it\/#\/schema\/logo\/image\/"}}]}},"_links":{"self":[{"href":"https:\/\/globeetcecilhotel.com\/it\/wp-json\/wp\/v2\/pages\/7855","targetHints":{"allow":["GET"]}}],"collection":[{"href":"https:\/\/globeetcecilhotel.com\/it\/wp-json\/wp\/v2\/pages"}],"about":[{"href":"https:\/\/globeetcecilhotel.com\/it\/wp-json\/wp\/v2\/types\/page"}],"author":[{"embeddable":true,"href":"https:\/\/globeetcecilhotel.com\/it\/wp-json\/wp\/v2\/users\/2"}],"replies":[{"embeddable":true,"href":"https:\/\/globeetcecilhotel.com\/it\/wp-json\/wp\/v2\/comments?post=7855"}],"version-history":[{"count":1,"href":"https:\/\/globeetcecilhotel.com\/it\/wp-json\/wp\/v2\/pages\/7855\/revisions"}],"predecessor-version":[{"id":7856,"href":"https:\/\/globeetcecilhotel.com\/it\/wp-json\/wp\/v2\/pages\/7855\/revisions\/7856"}],"up":[{"embeddable":true,"href":"https:\/\/globeetcecilhotel.com\/it\/wp-json\/wp\/v2\/pages\/3499"}],"wp:attachment":[{"href":"https:\/\/globeetcecilhotel.com\/it\/wp-json\/wp\/v2\/media?parent=7855"}],"curies":[{"name":"wp","href":"https:\/\/api.w.org\/{rel}","templated":true}]}}